{"id":820,"date":"2024-07-01T10:38:39","date_gmt":"2024-07-01T08:38:39","guid":{"rendered":"https:\/\/ktpe.website.tuke.sk\/wp\/?page_id=820"},"modified":"2024-07-03T10:43:17","modified_gmt":"2024-07-03T08:43:17","slug":"reflex-testing-2-0","status":"publish","type":"page","link":"https:\/\/ktpe.website.tuke.sk\/wp\/?page_id=820","title":{"rendered":"Reflex Testing 2.0"},"content":{"rendered":"\r\n<figure class=\"wp-block-gallery columns-3 is-cropped wp-block-gallery-1 is-layout-flex wp-block-gallery-is-layout-flex\">\r\n<p>Reflex Testing 2.0 je hra vyvinut\u00e1 a relizovan\u00e1 Katedrou toeretickej a priemyselnej elektrotechniky a je ur\u010den\u00e1 na testovanie a zlep\u0161ovanie reak\u010dn\u00e9ho \u010dasu osoby. Hra je navrhnut\u00e1 pre maxim\u00e1lne \u0161tyroch hr\u00e1\u010dov s pou\u017eit\u00edm \u0161peci\u00e1lne vytvoren\u00e9ho joystiku s implementovan\u00fdmi desiatimi LED di\u00f3dami a tla\u010didlami. V procese testovania sa n\u00e1hodne rozsvieti jedna z LED di\u00f3d a \u00falohou hr\u00e1\u010da je \u010do najr\u00fdchlej\u0161ie stla\u010di\u0165 tla\u010didlo umiestnen\u00e9 pri danej LED di\u00f3de.\u00a0<\/p>\r\n<p><strong>Pravidl\u00e1 hry:<\/strong><\/p>\r\n<ol>\r\n<li>Hra za\u010d\u00edna rozsvieten\u00edm jednej z desiatich LED di\u00f3d.<\/li>\r\n<li>Hr\u00e1\u010d mus\u00ed \u010do najr\u00fdchlej\u0161ie identifikova\u0165 rozsvieten\u00fa LED di\u00f3du.<\/li>\r\n<li>Hr\u00e1\u010d n\u00e1sledne stla\u010d\u00ed tla\u010didlo, ktor\u00e9 je umiestnen\u00e9 pri tejto di\u00f3de.<\/li>\r\n<li>\u010cas medzi rozsvieten\u00edm LED di\u00f3dy a stla\u010den\u00edm tla\u010didla sa zaznamen\u00e1.<\/li>\r\n<li>Hra pokra\u010duje n\u00e1hodn\u00fdm rozsvieten\u00edm \u010fal\u0161ej LED di\u00f3dy.<\/li>\r\n<li>Celkov\u00fd po\u010det rozsvieten\u00ed LED di\u00f3d je 50.<\/li>\r\n<li>V\u00fdsledn\u00fd reak\u010dn\u00fd \u010das je zaznamenan\u00fd v tabu\u013eke v\u00fdlsdkov.<\/li>\r\n<\/ol>\r\n<p><strong>Cie\u013e hry:<\/strong> Cie\u013eom hry je dosiahnu\u0165 \u010do najkrat\u0161\u00ed reak\u010dn\u00fd \u010das. Hr\u00e1\u010d m\u00f4\u017ee sledova\u0165 svoje zlep\u0161enie v \u010dase a porovn\u00e1va\u0165 svoje v\u00fdsledky s ostatn\u00fdmi hr\u00e1\u010dmi.<\/p>\r\n<p><strong>V\u00fdhody hrania Reflex Testing:<\/strong><\/p>\r\n<br \/>\r\n<ul>\r\n<li>Zlep\u0161uje r\u00fdchlos\u0165 reakcie a koordin\u00e1ciu o\u010d\u00ed a r\u00fak.<\/li>\r\n<li>Pom\u00e1ha zlep\u0161i\u0165 koncentr\u00e1ciu a pozornos\u0165.<\/li>\r\n<li>Je skvelou z\u00e1bavou pre jednotlivcov aj skupiny.<\/li>\r\n<\/ul>\r\n<p>Reflex Testing je ide\u00e1lna hra pre v\u0161etk\u00fdch, ktor\u00ed chc\u00fa otestova\u0165 a zlep\u0161i\u0165 svoje reflexy a reak\u010dn\u00fd \u010das. Pridajte sa k z\u00e1bave a zistite, ako r\u00fdchlo dok\u00e1\u017eete reagova\u0165 na vonkaj\u0161ie podnety a ako je jednoduch\u00e9 spoji\u0165 hardv\u00e9r a softv\u00e9r na vytvorenie jedine\u010dn\u00e9ho projektu!<\/p>\r\n<div id=\"metaslider-id-846\" style=\"max-width: 800px;\" class=\"ml-slider-3-100-1 metaslider metaslider-nivo metaslider-846 ml-slider ms-theme-default\" role=\"region\" aria-label=\"New Slideshow\" data-height=\"600\" data-width=\"800\">\n    <div id=\"metaslider_container_846\">\n        <div class='slider-wrapper theme-default'><div class='ribbon'><\/div><div id='metaslider_846' class='nivoSlider'><img loading=\"lazy\" decoding=\"async\" src=\"https:\/\/ktpe.website.tuke.sk\/wp\/wp-content\/uploads\/2024\/07\/IMG_1072-scaled-800x600.jpg\" height=\"600\" width=\"800\" title=\"IMG_1072\" alt=\"\" class=\"slider-846 slide-847 msDefaultImage\" \/><img loading=\"lazy\" decoding=\"async\" src=\"https:\/\/ktpe.website.tuke.sk\/wp\/wp-content\/uploads\/2024\/07\/IMG_1070-scaled-800x600.jpg\" height=\"600\" width=\"800\" title=\"IMG_1070\" alt=\"\" class=\"slider-846 slide-848 msDefaultImage\" \/><img loading=\"lazy\" decoding=\"async\" src=\"https:\/\/ktpe.website.tuke.sk\/wp\/wp-content\/uploads\/2024\/07\/IMG_1069-scaled-800x600.jpg\" height=\"600\" width=\"800\" title=\"IMG_1069\" alt=\"\" class=\"slider-846 slide-849 msDefaultImage\" \/><img loading=\"lazy\" decoding=\"async\" src=\"https:\/\/ktpe.website.tuke.sk\/wp\/wp-content\/uploads\/2024\/07\/IMG_1068-scaled-800x600.jpg\" height=\"600\" width=\"800\" title=\"IMG_1068\" alt=\"\" class=\"slider-846 slide-850 msDefaultImage\" \/><img loading=\"lazy\" decoding=\"async\" src=\"https:\/\/ktpe.website.tuke.sk\/wp\/wp-content\/uploads\/2024\/07\/RT20-800x600.png\" height=\"600\" width=\"800\" title=\"RT20\" alt=\"\" class=\"slider-846 slide-851 msDefaultImage\" \/><img loading=\"lazy\" decoding=\"async\" src=\"https:\/\/ktpe.website.tuke.sk\/wp\/wp-content\/uploads\/2024\/07\/RT21-800x600.png\" height=\"600\" width=\"800\" title=\"RT21\" alt=\"\" class=\"slider-846 slide-852 msDefaultImage\" \/><\/div><\/div>\n        \n    <\/div>\n<\/div>\r\n<\/figure>\r\n<p>Video Reflex Testing 2.0:<\/p>\r\n<p><iframe loading=\"lazy\" title=\"Reflex testing\" width=\"640\" height=\"360\" src=\"https:\/\/www.youtube.com\/embed\/yXm0LLbWHT4?feature=oembed\" frameborder=\"0\" allow=\"accelerometer; autoplay; clipboard-write; encrypted-media; gyroscope; picture-in-picture; web-share\" referrerpolicy=\"strict-origin-when-cross-origin\" allowfullscreen><\/iframe><\/p>\r\n<p>&nbsp;<\/p>\r\n<p>&nbsp;<\/p>\r\n","protected":false},"excerpt":{"rendered":"","protected":false},"author":1,"featured_media":0,"parent":0,"menu_order":0,"comment_status":"closed","ping_status":"closed","template":"","meta":{"footnotes":""},"class_list":["post-820","page","type-page","status-publish","hentry"],"yoast_head":"<!-- This site is optimized with the Yoast SEO plugin v25.8 - https:\/\/yoast.com\/wordpress\/plugins\/seo\/ -->\n<title>Reflex Testing 2.0 - KTPE<\/title>\n<meta name=\"robots\" content=\"index, follow, max-snippet:-1, max-image-preview:large, max-video-preview:-1\" \/>\n<link rel=\"canonical\" href=\"https:\/\/ktpe.website.tuke.sk\/wp\/?page_id=820\" \/>\n<meta property=\"og:locale\" content=\"sk_SK\" \/>\n<meta property=\"og:type\" content=\"article\" \/>\n<meta property=\"og:title\" content=\"Reflex Testing 2.0 - KTPE\" \/>\n<meta property=\"og:url\" content=\"https:\/\/ktpe.website.tuke.sk\/wp\/?page_id=820\" \/>\n<meta property=\"og:site_name\" content=\"KTPE\" \/>\n<meta property=\"article:publisher\" content=\"https:\/\/www.facebook.com\/profile.php?id=100087486357227\" \/>\n<meta property=\"article:modified_time\" content=\"2024-07-03T08:43:17+00:00\" \/>\n<meta name=\"twitter:card\" content=\"summary_large_image\" \/>\n<meta name=\"twitter:label1\" content=\"Predpokladan\u00fd \u010das \u010d\u00edtania\" \/>\n\t<meta name=\"twitter:data1\" content=\"2 min\u00faty\" \/>\n<script type=\"application\/ld+json\" class=\"yoast-schema-graph\">{\"@context\":\"https:\/\/schema.org\",\"@graph\":[{\"@type\":\"WebPage\",\"@id\":\"https:\/\/ktpe.website.tuke.sk\/wp\/?page_id=820\",\"url\":\"https:\/\/ktpe.website.tuke.sk\/wp\/?page_id=820\",\"name\":\"Reflex Testing 2.0 - KTPE\",\"isPartOf\":{\"@id\":\"https:\/\/ktpe.website.tuke.sk\/wp\/#website\"},\"datePublished\":\"2024-07-01T08:38:39+00:00\",\"dateModified\":\"2024-07-03T08:43:17+00:00\",\"breadcrumb\":{\"@id\":\"https:\/\/ktpe.website.tuke.sk\/wp\/?page_id=820#breadcrumb\"},\"inLanguage\":\"sk-SK\",\"potentialAction\":[{\"@type\":\"ReadAction\",\"target\":[\"https:\/\/ktpe.website.tuke.sk\/wp\/?page_id=820\"]}]},{\"@type\":\"BreadcrumbList\",\"@id\":\"https:\/\/ktpe.website.tuke.sk\/wp\/?page_id=820#breadcrumb\",\"itemListElement\":[{\"@type\":\"ListItem\",\"position\":1,\"name\":\"Domovsk\u00e1 str\u00e1nka\",\"item\":\"https:\/\/ktpe.website.tuke.sk\/wp\/\"},{\"@type\":\"ListItem\",\"position\":2,\"name\":\"Reflex Testing 2.0\"}]},{\"@type\":\"WebSite\",\"@id\":\"https:\/\/ktpe.website.tuke.sk\/wp\/#website\",\"url\":\"https:\/\/ktpe.website.tuke.sk\/wp\/\",\"name\":\"KTPE\",\"description\":\"Katedra teoretickej a priemyselnej elektrotechniky\",\"publisher\":{\"@id\":\"https:\/\/ktpe.website.tuke.sk\/wp\/#organization\"},\"potentialAction\":[{\"@type\":\"SearchAction\",\"target\":{\"@type\":\"EntryPoint\",\"urlTemplate\":\"https:\/\/ktpe.website.tuke.sk\/wp\/?s={search_term_string}\"},\"query-input\":{\"@type\":\"PropertyValueSpecification\",\"valueRequired\":true,\"valueName\":\"search_term_string\"}}],\"inLanguage\":\"sk-SK\"},{\"@type\":\"Organization\",\"@id\":\"https:\/\/ktpe.website.tuke.sk\/wp\/#organization\",\"name\":\"KTPE FEI TUKE\",\"url\":\"https:\/\/ktpe.website.tuke.sk\/wp\/\",\"logo\":{\"@type\":\"ImageObject\",\"inLanguage\":\"sk-SK\",\"@id\":\"https:\/\/ktpe.website.tuke.sk\/wp\/#\/schema\/logo\/image\/\",\"url\":\"https:\/\/ktpe.website.tuke.sk\/wp\/wp-content\/uploads\/2020\/08\/KTPE-LOGO-V10-zlte.png\",\"contentUrl\":\"https:\/\/ktpe.website.tuke.sk\/wp\/wp-content\/uploads\/2020\/08\/KTPE-LOGO-V10-zlte.png\",\"width\":986,\"height\":295,\"caption\":\"KTPE FEI TUKE\"},\"image\":{\"@id\":\"https:\/\/ktpe.website.tuke.sk\/wp\/#\/schema\/logo\/image\/\"},\"sameAs\":[\"https:\/\/www.facebook.com\/profile.php?id=100087486357227\",\"https:\/\/www.instagram.com\/ktpe.tuke\/\",\"https:\/\/www.youtube.com\/channel\/UCxUc9Sxp-8dXz_tAlZtxUGw\"]}]}<\/script>\n<!-- \/ Yoast SEO plugin. -->","yoast_head_json":{"title":"Reflex Testing 2.0 - KTPE","robots":{"index":"index","follow":"follow","max-snippet":"max-snippet:-1","max-image-preview":"max-image-preview:large","max-video-preview":"max-video-preview:-1"},"canonical":"https:\/\/ktpe.website.tuke.sk\/wp\/?page_id=820","og_locale":"sk_SK","og_type":"article","og_title":"Reflex Testing 2.0 - KTPE","og_url":"https:\/\/ktpe.website.tuke.sk\/wp\/?page_id=820","og_site_name":"KTPE","article_publisher":"https:\/\/www.facebook.com\/profile.php?id=100087486357227","article_modified_time":"2024-07-03T08:43:17+00:00","twitter_card":"summary_large_image","twitter_misc":{"Predpokladan\u00fd \u010das \u010d\u00edtania":"2 min\u00faty"},"schema":{"@context":"https:\/\/schema.org","@graph":[{"@type":"WebPage","@id":"https:\/\/ktpe.website.tuke.sk\/wp\/?page_id=820","url":"https:\/\/ktpe.website.tuke.sk\/wp\/?page_id=820","name":"Reflex Testing 2.0 - KTPE","isPartOf":{"@id":"https:\/\/ktpe.website.tuke.sk\/wp\/#website"},"datePublished":"2024-07-01T08:38:39+00:00","dateModified":"2024-07-03T08:43:17+00:00","breadcrumb":{"@id":"https:\/\/ktpe.website.tuke.sk\/wp\/?page_id=820#breadcrumb"},"inLanguage":"sk-SK","potentialAction":[{"@type":"ReadAction","target":["https:\/\/ktpe.website.tuke.sk\/wp\/?page_id=820"]}]},{"@type":"BreadcrumbList","@id":"https:\/\/ktpe.website.tuke.sk\/wp\/?page_id=820#breadcrumb","itemListElement":[{"@type":"ListItem","position":1,"name":"Domovsk\u00e1 str\u00e1nka","item":"https:\/\/ktpe.website.tuke.sk\/wp\/"},{"@type":"ListItem","position":2,"name":"Reflex Testing 2.0"}]},{"@type":"WebSite","@id":"https:\/\/ktpe.website.tuke.sk\/wp\/#website","url":"https:\/\/ktpe.website.tuke.sk\/wp\/","name":"KTPE","description":"Katedra teoretickej a priemyselnej elektrotechniky","publisher":{"@id":"https:\/\/ktpe.website.tuke.sk\/wp\/#organization"},"potentialAction":[{"@type":"SearchAction","target":{"@type":"EntryPoint","urlTemplate":"https:\/\/ktpe.website.tuke.sk\/wp\/?s={search_term_string}"},"query-input":{"@type":"PropertyValueSpecification","valueRequired":true,"valueName":"search_term_string"}}],"inLanguage":"sk-SK"},{"@type":"Organization","@id":"https:\/\/ktpe.website.tuke.sk\/wp\/#organization","name":"KTPE FEI TUKE","url":"https:\/\/ktpe.website.tuke.sk\/wp\/","logo":{"@type":"ImageObject","inLanguage":"sk-SK","@id":"https:\/\/ktpe.website.tuke.sk\/wp\/#\/schema\/logo\/image\/","url":"https:\/\/ktpe.website.tuke.sk\/wp\/wp-content\/uploads\/2020\/08\/KTPE-LOGO-V10-zlte.png","contentUrl":"https:\/\/ktpe.website.tuke.sk\/wp\/wp-content\/uploads\/2020\/08\/KTPE-LOGO-V10-zlte.png","width":986,"height":295,"caption":"KTPE FEI TUKE"},"image":{"@id":"https:\/\/ktpe.website.tuke.sk\/wp\/#\/schema\/logo\/image\/"},"sameAs":["https:\/\/www.facebook.com\/profile.php?id=100087486357227","https:\/\/www.instagram.com\/ktpe.tuke\/","https:\/\/www.youtube.com\/channel\/UCxUc9Sxp-8dXz_tAlZtxUGw"]}]}},"_links":{"self":[{"href":"https:\/\/ktpe.website.tuke.sk\/wp\/index.php?rest_route=\/wp\/v2\/pages\/820","targetHints":{"allow":["GET"]}}],"collection":[{"href":"https:\/\/ktpe.website.tuke.sk\/wp\/index.php?rest_route=\/wp\/v2\/pages"}],"about":[{"href":"https:\/\/ktpe.website.tuke.sk\/wp\/index.php?rest_route=\/wp\/v2\/types\/page"}],"author":[{"embeddable":true,"href":"https:\/\/ktpe.website.tuke.sk\/wp\/index.php?rest_route=\/wp\/v2\/users\/1"}],"replies":[{"embeddable":true,"href":"https:\/\/ktpe.website.tuke.sk\/wp\/index.php?rest_route=%2Fwp%2Fv2%2Fcomments&post=820"}],"version-history":[{"count":14,"href":"https:\/\/ktpe.website.tuke.sk\/wp\/index.php?rest_route=\/wp\/v2\/pages\/820\/revisions"}],"predecessor-version":[{"id":855,"href":"https:\/\/ktpe.website.tuke.sk\/wp\/index.php?rest_route=\/wp\/v2\/pages\/820\/revisions\/855"}],"wp:attachment":[{"href":"https:\/\/ktpe.website.tuke.sk\/wp\/index.php?rest_route=%2Fwp%2Fv2%2Fmedia&parent=820"}],"curies":[{"name":"wp","href":"https:\/\/api.w.org\/{rel}","templated":true}]}}