{"id":65,"date":"2020-06-11T09:26:43","date_gmt":"2020-06-11T07:26:43","guid":{"rendered":"http:\/\/ktpe.fei.tuke.sk\/jacko\/wp-edu\/?page_id=65"},"modified":"2020-07-08T11:47:58","modified_gmt":"2020-07-08T09:47:58","slug":"studium","status":"publish","type":"page","link":"https:\/\/ktpe.website.tuke.sk\/wp\/?page_id=65","title":{"rendered":"\u0160t\u00fadium"},"content":{"rendered":"\n<h4 class=\"wp-block-heading\">Zvo\u013ete sekciu, o ktor\u00fa m\u00e1te z\u00e1ujem:<\/h4>\n\n\n\n<div class=\"wp-block-columns has-2-columns is-layout-flex wp-container-core-columns-is-layout-9d6595d7 wp-block-columns-is-layout-flex\">\n<div class=\"wp-block-column is-layout-flow wp-block-column-is-layout-flow\">\n<figure class=\"wp-block-image is-resized\"><a href=\"https:\/\/ktpe.website.tuke.sk\/wp\/?page_id=60\"><img loading=\"lazy\" decoding=\"async\" src=\"https:\/\/ktpe.website.tuke.sk\/wp\/wp-content\/uploads\/2020\/07\/how-eye-tracking-usability-testing-works-looktracker-participants-png-392_332-1.png\" alt=\"\" class=\"wp-image-414\" width=\"269\" height=\"227\" srcset=\"https:\/\/ktpe.website.tuke.sk\/wp\/wp-content\/uploads\/2020\/07\/how-eye-tracking-usability-testing-works-looktracker-participants-png-392_332-1.png 392w, https:\/\/ktpe.website.tuke.sk\/wp\/wp-content\/uploads\/2020\/07\/how-eye-tracking-usability-testing-works-looktracker-participants-png-392_332-1-300x254.png 300w\" sizes=\"auto, (max-width: 269px) 100vw, 269px\" \/><\/a><figcaption><a href=\"https:\/\/ktpe.website.tuke.sk\/wp\/?page_id=60\"><strong>Pre \u0161tudentov<\/strong><\/a><\/figcaption><\/figure>\n<\/div>\n\n\n\n<div class=\"wp-block-column is-layout-flow wp-block-column-is-layout-flow\">\n<figure class=\"wp-block-image is-resized\"><a href=\"https:\/\/ktpe.website.tuke.sk\/wp\/?page_id=61\"><img loading=\"lazy\" decoding=\"async\" src=\"https:\/\/ktpe.website.tuke.sk\/wp\/wp-content\/uploads\/2020\/07\/uchadzaci.png\" alt=\"\" class=\"wp-image-419\" width=\"269\" height=\"227\" srcset=\"https:\/\/ktpe.website.tuke.sk\/wp\/wp-content\/uploads\/2020\/07\/uchadzaci.png 392w, https:\/\/ktpe.website.tuke.sk\/wp\/wp-content\/uploads\/2020\/07\/uchadzaci-300x254.png 300w\" sizes=\"auto, (max-width: 269px) 100vw, 269px\" \/><\/a><figcaption><a href=\"https:\/\/ktpe.website.tuke.sk\/wp\/?page_id=61\"><strong>Pre uch\u00e1dza\u010dov<\/strong><\/a><\/figcaption><\/figure>\n<\/div>\n<\/div>\n\n\n\n<p><\/p>\n","protected":false},"excerpt":{"rendered":"<p>Zvo\u013ete sekciu, o ktor\u00fa m\u00e1te z\u00e1ujem:<\/p>\n","protected":false},"author":1,"featured_media":0,"parent":0,"menu_order":0,"comment_status":"closed","ping_status":"closed","template":"","meta":{"footnotes":""},"class_list":["post-65","page","type-page","status-publish","hentry"],"yoast_head":"<!-- This site is optimized with the Yoast SEO plugin v25.8 - https:\/\/yoast.com\/wordpress\/plugins\/seo\/ -->\n<title>\u0160t\u00fadium - KTPE<\/title>\n<meta name=\"robots\" content=\"index, follow, max-snippet:-1, max-image-preview:large, max-video-preview:-1\" \/>\n<link rel=\"canonical\" href=\"https:\/\/ktpe.website.tuke.sk\/wp\/?page_id=65\" \/>\n<meta property=\"og:locale\" content=\"sk_SK\" \/>\n<meta property=\"og:type\" content=\"article\" \/>\n<meta property=\"og:title\" content=\"\u0160t\u00fadium - KTPE\" \/>\n<meta property=\"og:description\" content=\"Zvo\u013ete sekciu, o ktor\u00fa m\u00e1te z\u00e1ujem:\" \/>\n<meta property=\"og:url\" content=\"https:\/\/ktpe.website.tuke.sk\/wp\/?page_id=65\" \/>\n<meta property=\"og:site_name\" content=\"KTPE\" \/>\n<meta property=\"article:publisher\" content=\"https:\/\/www.facebook.com\/profile.php?id=100087486357227\" \/>\n<meta property=\"article:modified_time\" content=\"2020-07-08T09:47:58+00:00\" \/>\n<meta property=\"og:image\" content=\"https:\/\/ktpe.website.tuke.sk\/wp\/wp-content\/uploads\/2020\/07\/how-eye-tracking-usability-testing-works-looktracker-participants-png-392_332-1.png\" \/>\n\t<meta property=\"og:image:width\" content=\"392\" \/>\n\t<meta property=\"og:image:height\" content=\"332\" \/>\n\t<meta property=\"og:image:type\" content=\"image\/png\" \/>\n<meta name=\"twitter:card\" content=\"summary_large_image\" \/>\n<script type=\"application\/ld+json\" class=\"yoast-schema-graph\">{\"@context\":\"https:\/\/schema.org\",\"@graph\":[{\"@type\":\"WebPage\",\"@id\":\"https:\/\/ktpe.website.tuke.sk\/wp\/?page_id=65\",\"url\":\"https:\/\/ktpe.website.tuke.sk\/wp\/?page_id=65\",\"name\":\"\u0160t\u00fadium - KTPE\",\"isPartOf\":{\"@id\":\"https:\/\/ktpe.website.tuke.sk\/wp\/#website\"},\"primaryImageOfPage\":{\"@id\":\"https:\/\/ktpe.website.tuke.sk\/wp\/?page_id=65#primaryimage\"},\"image\":{\"@id\":\"https:\/\/ktpe.website.tuke.sk\/wp\/?page_id=65#primaryimage\"},\"thumbnailUrl\":\"https:\/\/ktpe.website.tuke.sk\/wp\/wp-content\/uploads\/2020\/07\/how-eye-tracking-usability-testing-works-looktracker-participants-png-392_332-1.png\",\"datePublished\":\"2020-06-11T07:26:43+00:00\",\"dateModified\":\"2020-07-08T09:47:58+00:00\",\"breadcrumb\":{\"@id\":\"https:\/\/ktpe.website.tuke.sk\/wp\/?page_id=65#breadcrumb\"},\"inLanguage\":\"sk-SK\",\"potentialAction\":[{\"@type\":\"ReadAction\",\"target\":[\"https:\/\/ktpe.website.tuke.sk\/wp\/?page_id=65\"]}]},{\"@type\":\"ImageObject\",\"inLanguage\":\"sk-SK\",\"@id\":\"https:\/\/ktpe.website.tuke.sk\/wp\/?page_id=65#primaryimage\",\"url\":\"https:\/\/ktpe.website.tuke.sk\/wp\/wp-content\/uploads\/2020\/07\/how-eye-tracking-usability-testing-works-looktracker-participants-png-392_332-1.png\",\"contentUrl\":\"https:\/\/ktpe.website.tuke.sk\/wp\/wp-content\/uploads\/2020\/07\/how-eye-tracking-usability-testing-works-looktracker-participants-png-392_332-1.png\",\"width\":392,\"height\":332},{\"@type\":\"BreadcrumbList\",\"@id\":\"https:\/\/ktpe.website.tuke.sk\/wp\/?page_id=65#breadcrumb\",\"itemListElement\":[{\"@type\":\"ListItem\",\"position\":1,\"name\":\"Domovsk\u00e1 str\u00e1nka\",\"item\":\"https:\/\/ktpe.website.tuke.sk\/wp\/\"},{\"@type\":\"ListItem\",\"position\":2,\"name\":\"\u0160t\u00fadium\"}]},{\"@type\":\"WebSite\",\"@id\":\"https:\/\/ktpe.website.tuke.sk\/wp\/#website\",\"url\":\"https:\/\/ktpe.website.tuke.sk\/wp\/\",\"name\":\"KTPE\",\"description\":\"Katedra teoretickej a priemyselnej elektrotechniky\",\"publisher\":{\"@id\":\"https:\/\/ktpe.website.tuke.sk\/wp\/#organization\"},\"potentialAction\":[{\"@type\":\"SearchAction\",\"target\":{\"@type\":\"EntryPoint\",\"urlTemplate\":\"https:\/\/ktpe.website.tuke.sk\/wp\/?s={search_term_string}\"},\"query-input\":{\"@type\":\"PropertyValueSpecification\",\"valueRequired\":true,\"valueName\":\"search_term_string\"}}],\"inLanguage\":\"sk-SK\"},{\"@type\":\"Organization\",\"@id\":\"https:\/\/ktpe.website.tuke.sk\/wp\/#organization\",\"name\":\"KTPE FEI TUKE\",\"url\":\"https:\/\/ktpe.website.tuke.sk\/wp\/\",\"logo\":{\"@type\":\"ImageObject\",\"inLanguage\":\"sk-SK\",\"@id\":\"https:\/\/ktpe.website.tuke.sk\/wp\/#\/schema\/logo\/image\/\",\"url\":\"https:\/\/ktpe.website.tuke.sk\/wp\/wp-content\/uploads\/2020\/08\/KTPE-LOGO-V10-zlte.png\",\"contentUrl\":\"https:\/\/ktpe.website.tuke.sk\/wp\/wp-content\/uploads\/2020\/08\/KTPE-LOGO-V10-zlte.png\",\"width\":986,\"height\":295,\"caption\":\"KTPE FEI TUKE\"},\"image\":{\"@id\":\"https:\/\/ktpe.website.tuke.sk\/wp\/#\/schema\/logo\/image\/\"},\"sameAs\":[\"https:\/\/www.facebook.com\/profile.php?id=100087486357227\",\"https:\/\/www.instagram.com\/ktpe.tuke\/\",\"https:\/\/www.youtube.com\/channel\/UCxUc9Sxp-8dXz_tAlZtxUGw\"]}]}<\/script>\n<!-- \/ Yoast SEO plugin. -->","yoast_head_json":{"title":"\u0160t\u00fadium - KTPE","robots":{"index":"index","follow":"follow","max-snippet":"max-snippet:-1","max-image-preview":"max-image-preview:large","max-video-preview":"max-video-preview:-1"},"canonical":"https:\/\/ktpe.website.tuke.sk\/wp\/?page_id=65","og_locale":"sk_SK","og_type":"article","og_title":"\u0160t\u00fadium - KTPE","og_description":"Zvo\u013ete sekciu, o ktor\u00fa m\u00e1te z\u00e1ujem:","og_url":"https:\/\/ktpe.website.tuke.sk\/wp\/?page_id=65","og_site_name":"KTPE","article_publisher":"https:\/\/www.facebook.com\/profile.php?id=100087486357227","article_modified_time":"2020-07-08T09:47:58+00:00","og_image":[{"width":392,"height":332,"url":"https:\/\/ktpe.website.tuke.sk\/wp\/wp-content\/uploads\/2020\/07\/how-eye-tracking-usability-testing-works-looktracker-participants-png-392_332-1.png","type":"image\/png"}],"twitter_card":"summary_large_image","schema":{"@context":"https:\/\/schema.org","@graph":[{"@type":"WebPage","@id":"https:\/\/ktpe.website.tuke.sk\/wp\/?page_id=65","url":"https:\/\/ktpe.website.tuke.sk\/wp\/?page_id=65","name":"\u0160t\u00fadium - KTPE","isPartOf":{"@id":"https:\/\/ktpe.website.tuke.sk\/wp\/#website"},"primaryImageOfPage":{"@id":"https:\/\/ktpe.website.tuke.sk\/wp\/?page_id=65#primaryimage"},"image":{"@id":"https:\/\/ktpe.website.tuke.sk\/wp\/?page_id=65#primaryimage"},"thumbnailUrl":"https:\/\/ktpe.website.tuke.sk\/wp\/wp-content\/uploads\/2020\/07\/how-eye-tracking-usability-testing-works-looktracker-participants-png-392_332-1.png","datePublished":"2020-06-11T07:26:43+00:00","dateModified":"2020-07-08T09:47:58+00:00","breadcrumb":{"@id":"https:\/\/ktpe.website.tuke.sk\/wp\/?page_id=65#breadcrumb"},"inLanguage":"sk-SK","potentialAction":[{"@type":"ReadAction","target":["https:\/\/ktpe.website.tuke.sk\/wp\/?page_id=65"]}]},{"@type":"ImageObject","inLanguage":"sk-SK","@id":"https:\/\/ktpe.website.tuke.sk\/wp\/?page_id=65#primaryimage","url":"https:\/\/ktpe.website.tuke.sk\/wp\/wp-content\/uploads\/2020\/07\/how-eye-tracking-usability-testing-works-looktracker-participants-png-392_332-1.png","contentUrl":"https:\/\/ktpe.website.tuke.sk\/wp\/wp-content\/uploads\/2020\/07\/how-eye-tracking-usability-testing-works-looktracker-participants-png-392_332-1.png","width":392,"height":332},{"@type":"BreadcrumbList","@id":"https:\/\/ktpe.website.tuke.sk\/wp\/?page_id=65#breadcrumb","itemListElement":[{"@type":"ListItem","position":1,"name":"Domovsk\u00e1 str\u00e1nka","item":"https:\/\/ktpe.website.tuke.sk\/wp\/"},{"@type":"ListItem","position":2,"name":"\u0160t\u00fadium"}]},{"@type":"WebSite","@id":"https:\/\/ktpe.website.tuke.sk\/wp\/#website","url":"https:\/\/ktpe.website.tuke.sk\/wp\/","name":"KTPE","description":"Katedra teoretickej a priemyselnej elektrotechniky","publisher":{"@id":"https:\/\/ktpe.website.tuke.sk\/wp\/#organization"},"potentialAction":[{"@type":"SearchAction","target":{"@type":"EntryPoint","urlTemplate":"https:\/\/ktpe.website.tuke.sk\/wp\/?s={search_term_string}"},"query-input":{"@type":"PropertyValueSpecification","valueRequired":true,"valueName":"search_term_string"}}],"inLanguage":"sk-SK"},{"@type":"Organization","@id":"https:\/\/ktpe.website.tuke.sk\/wp\/#organization","name":"KTPE FEI TUKE","url":"https:\/\/ktpe.website.tuke.sk\/wp\/","logo":{"@type":"ImageObject","inLanguage":"sk-SK","@id":"https:\/\/ktpe.website.tuke.sk\/wp\/#\/schema\/logo\/image\/","url":"https:\/\/ktpe.website.tuke.sk\/wp\/wp-content\/uploads\/2020\/08\/KTPE-LOGO-V10-zlte.png","contentUrl":"https:\/\/ktpe.website.tuke.sk\/wp\/wp-content\/uploads\/2020\/08\/KTPE-LOGO-V10-zlte.png","width":986,"height":295,"caption":"KTPE FEI TUKE"},"image":{"@id":"https:\/\/ktpe.website.tuke.sk\/wp\/#\/schema\/logo\/image\/"},"sameAs":["https:\/\/www.facebook.com\/profile.php?id=100087486357227","https:\/\/www.instagram.com\/ktpe.tuke\/","https:\/\/www.youtube.com\/channel\/UCxUc9Sxp-8dXz_tAlZtxUGw"]}]}},"_links":{"self":[{"href":"https:\/\/ktpe.website.tuke.sk\/wp\/index.php?rest_route=\/wp\/v2\/pages\/65","targetHints":{"allow":["GET"]}}],"collection":[{"href":"https:\/\/ktpe.website.tuke.sk\/wp\/index.php?rest_route=\/wp\/v2\/pages"}],"about":[{"href":"https:\/\/ktpe.website.tuke.sk\/wp\/index.php?rest_route=\/wp\/v2\/types\/page"}],"author":[{"embeddable":true,"href":"https:\/\/ktpe.website.tuke.sk\/wp\/index.php?rest_route=\/wp\/v2\/users\/1"}],"replies":[{"embeddable":true,"href":"https:\/\/ktpe.website.tuke.sk\/wp\/index.php?rest_route=%2Fwp%2Fv2%2Fcomments&post=65"}],"version-history":[{"count":10,"href":"https:\/\/ktpe.website.tuke.sk\/wp\/index.php?rest_route=\/wp\/v2\/pages\/65\/revisions"}],"predecessor-version":[{"id":426,"href":"https:\/\/ktpe.website.tuke.sk\/wp\/index.php?rest_route=\/wp\/v2\/pages\/65\/revisions\/426"}],"wp:attachment":[{"href":"https:\/\/ktpe.website.tuke.sk\/wp\/index.php?rest_route=%2Fwp%2Fv2%2Fmedia&parent=65"}],"curies":[{"name":"wp","href":"https:\/\/api.w.org\/{rel}","templated":true}]}}