{"id":64,"date":"2020-06-11T09:26:42","date_gmt":"2020-06-11T07:26:42","guid":{"rendered":"http:\/\/ktpe.fei.tuke.sk\/jacko\/wp-edu\/?page_id=64"},"modified":"2020-07-30T09:09:56","modified_gmt":"2020-07-30T07:09:56","slug":"veda-a-vyskum","status":"publish","type":"page","link":"https:\/\/ktpe.website.tuke.sk\/wp\/?page_id=64","title":{"rendered":"Veda a v\u00fdskum"},"content":{"rendered":"\n<p><h2>Oblasti v\u00fdskumu<\/h2><\/p>\n\n\n\n<p>Vedeck\u00fd profil Katedry teoretickej a priemyselnej elektrotechniky je orientovan\u00fd do nasleduj\u00facich oblast\u00ed:<\/p>\n\n\n\n<ul class=\"wp-block-list\"><li><strong>\u0160t\u00fadium elektrick\u00fdch, magnetick\u00fdch a \u0161truktur\u00e1lnych vlastnost\u00ed<br>mas\u00edvnych vzoriek a tenk\u00fdch vrstiev lantanoidov, \u0161peci\u00e1lne pri<br>n\u00edzkych teplot\u00e1ch.<\/strong><\/li><\/ul>\n\n\n\n<p>Cie\u013eom tohto vedecko-v\u00fdskumn\u00e9ho zamerania je roz\u0161irovanie z\u00e1kladn\u00fdch poznatkov o lantanoidoch a ich tenk\u00fdch vrstiev. T\u00e1to fyzik\u00e1lne ve\u013emi bohat\u00e1 skupina prvkov m\u00e1 ve\u013ek\u00e9 potenci\u00e1lne uplatnenie a st\u00e1le prispieva k vytv\u00e1raniu modern\u00fdch progres\u00edvnych feromagnetick\u00fdch materi\u00e1lov nielen v oblasti silnopr\u00fadovej elektrotechniky, najm\u00e4 permanentn\u00fdch magnetov s vysokou hodnotou energetick\u00e9ho s\u00fa\u010dinu, ale aj v oblasti slabopr\u00fadovej elektrotechniky, ako s\u00fa z\u00e1znamov\u00e9 m\u00e9di\u00e1 s vysokou hustotou z\u00e1znamu pre PC, ve\u013emi citliv\u00e9 senzory magnetick\u00fdch pol\u00ed, a\u017e na hranici ich detegovate\u013enosti, magnetostrik\u010dn\u00e9 materi\u00e1ly \u010di vysokoteplotn\u00e9 supravodi\u010de. Jedn\u00e1 sa o experiment\u00e1lne \u0161t\u00fadium elektrick\u00fdch, magnetick\u00fdch a \u0161trukt\u00farnych vlastnost\u00ed lantanoidov a ich tenk\u00fdch vrstiev v extr\u00e9mnych podmienkach &#8211; v \u0161irokom intervale tepl\u00f4t od 4,2 K a\u017e po izbov\u00fa teplotu a v siln\u00fdch magnetick\u00fdch poliach s indukciou v rozmedz\u00ed od 0 T a\u017e do 9 T. Uveden\u00e1 problematika, zameran\u00e1 na \u0161t\u00fadium z\u00e1kladn\u00fdch vlastnost\u00ed, bola rie\u0161en\u00e1 v r\u00e1mci troch v\u00fdskumn\u00fdch \u00faloh \u0160t\u00e1tneho pl\u00e1nu z\u00e1kladn\u00e9ho v\u00fdskumu, jednej fakultnej \u00falohy a siedmich \u00faloh grantov\u00e9ho v\u00fdskumu.<\/p>\n\n\n\n<ul class=\"wp-block-list\"><li><strong>Elektromagnetick\u00e1 kompatibilita.<\/strong><\/li><\/ul>\n\n\n\n<p>Cie\u013eom tohto vedecko-v\u00fdskumn\u00e9ho zamerania je anal\u00fdza a kvantifik\u00e1cia problematiky elektromagnetickej kompatibility (EMC) v stavebn\u00edctve so zameran\u00edm sa na s\u00fa\u010dasn\u00e9 aj perspekt\u00edvne technologick\u00e9 postupy, stavebn\u00e9 materi\u00e1ly a projektov\u00e9 rie\u0161enia, ktor\u00e9 za\u010d\u00ednaj\u00fa v sebe inegrova\u0165 vysok\u00fa mieru elektroniky. Na z\u00e1klade vykonanej anal\u00fdzy navrhn\u00fa\u0165 odpor\u00fa\u010dania pre zv\u00fd\u0161enie kvality EMC novonavrhovan\u00fdch projektov\u00fdch rie\u0161en\u00ed.<\/p>\n\n\n\n<ul class=\"wp-block-list\"><li><strong>V\u00fdskum a v\u00fdvoj elasticko-magnetick\u00fdch sn\u00edma\u010dov sily a pr\u00edslu\u0161nej<br>meracej aparat\u00fary.<\/strong><\/li><\/ul>\n\n\n\n<p>Cie\u013eom tohto vedecko-v\u00fdskumn\u00e9ho zamerania je zdokona\u013eova\u0165 metrologick\u00e9 vlastnosti elasticko-magnetick\u00fdch sn\u00edma\u010dov sily, experiment\u00e1lne stanovova\u0165 optim\u00e1lne podmienky ich prev\u00e1dzky v s\u00favislosti s pr\u00edslu\u0161nou meracou aparat\u00farou a upres\u0148ova\u0165 teoretick\u00e9 rie\u0161enie tvarovo r\u00f4znych typov sn\u00edma\u010dov. T\u00e1to oblas\u0165 predstavuje aplika\u010dn\u00fd v\u00fdskum. V r\u00e1mci nej boli realizovan\u00e9 dve autorsk\u00e9 osved\u010denia, bolo rie\u0161en\u00fdch \u0161es\u0165 v\u00fdskumn\u00fdch \u00faloh, z toho dve zo &#8222;\u0160t\u00e1tneho pl\u00e1nu technick\u00e9ho rozvoja&#8220; a \u0161es\u0165 \u00faloh na b\u00e1ze H\u010c pre prax<\/p>\n\n\n\n<ul class=\"wp-block-list\"><li><strong>Modern\u00e9 virtu\u00e1lne, inteligentn\u00e9 a automatizovan\u00e9<br>meracie a riadiace syst\u00e9my.<\/strong><\/li><\/ul>\n\n\n\n<p>Cie\u013eom vedeck\u00e9ho zamerania je anal\u00fdza problematiky, vypracovanie metodiky n\u00e1vrhu, \u0161pecifik\u00e1cia \u00faloh a stanovenie parametrov jednotliv\u00fdch \u010dast\u00ed riadenia mechatronick\u00fdch syst\u00e9mov v re\u00e1lnom \u010dase prostredn\u00edctvom Internetu so zameran\u00edm sa na problematiku bezpe\u010dnosti, defin\u00edcie prenosov\u00fdch funkci\u00ed jednotliv\u00fdch riadiacich blokov a stanovenia limitn\u00fdch ohrani\u010den\u00ed pre syst\u00e9my riaden\u00e9 v re\u00e1lnom \u010dase.<\/p>\n","protected":false},"excerpt":{"rendered":"<p>Vedeck\u00fd profil Katedry teoretickej a priemyselnej elektrotechniky je orientovan\u00fd do nasleduj\u00facich oblast\u00ed: \u0160t\u00fadium elektrick\u00fdch, magnetick\u00fdch a \u0161truktur\u00e1lnych vlastnost\u00edmas\u00edvnych vzoriek a tenk\u00fdch vrstiev lantanoidov, \u0161peci\u00e1lne prin\u00edzkych teplot\u00e1ch. Cie\u013eom tohto vedecko-v\u00fdskumn\u00e9ho zamerania je roz\u0161irovanie z\u00e1kladn\u00fdch poznatkov o lantanoidoch a ich tenk\u00fdch vrstiev. T\u00e1to fyzik\u00e1lne ve\u013emi bohat\u00e1 skupina prvkov m\u00e1 ve\u013ek\u00e9 potenci\u00e1lne uplatnenie&hellip;<\/p>\n","protected":false},"author":1,"featured_media":0,"parent":0,"menu_order":0,"comment_status":"closed","ping_status":"closed","template":"","meta":{"footnotes":""},"class_list":["post-64","page","type-page","status-publish","hentry"],"yoast_head":"<!-- This site is optimized with the Yoast SEO plugin v25.8 - https:\/\/yoast.com\/wordpress\/plugins\/seo\/ -->\n<title>Veda a v\u00fdskum - KTPE<\/title>\n<meta name=\"robots\" content=\"index, follow, max-snippet:-1, max-image-preview:large, max-video-preview:-1\" \/>\n<link rel=\"canonical\" href=\"https:\/\/ktpe.website.tuke.sk\/wp\/?page_id=64\" \/>\n<meta property=\"og:locale\" content=\"sk_SK\" \/>\n<meta property=\"og:type\" content=\"article\" \/>\n<meta property=\"og:title\" content=\"Veda a v\u00fdskum - KTPE\" \/>\n<meta property=\"og:description\" content=\"Vedeck\u00fd profil Katedry teoretickej a priemyselnej elektrotechniky je orientovan\u00fd do nasleduj\u00facich oblast\u00ed: \u0160t\u00fadium elektrick\u00fdch, magnetick\u00fdch a \u0161truktur\u00e1lnych vlastnost\u00edmas\u00edvnych vzoriek a tenk\u00fdch vrstiev lantanoidov, \u0161peci\u00e1lne prin\u00edzkych teplot\u00e1ch. Cie\u013eom tohto vedecko-v\u00fdskumn\u00e9ho zamerania je roz\u0161irovanie z\u00e1kladn\u00fdch poznatkov o lantanoidoch a ich tenk\u00fdch vrstiev. T\u00e1to fyzik\u00e1lne ve\u013emi bohat\u00e1 skupina prvkov m\u00e1 ve\u013ek\u00e9 potenci\u00e1lne uplatnenie&hellip;\" \/>\n<meta property=\"og:url\" content=\"https:\/\/ktpe.website.tuke.sk\/wp\/?page_id=64\" \/>\n<meta property=\"og:site_name\" content=\"KTPE\" \/>\n<meta property=\"article:publisher\" content=\"https:\/\/www.facebook.com\/profile.php?id=100087486357227\" \/>\n<meta property=\"article:modified_time\" content=\"2020-07-30T07:09:56+00:00\" \/>\n<meta name=\"twitter:card\" content=\"summary_large_image\" \/>\n<meta name=\"twitter:label1\" content=\"Predpokladan\u00fd \u010das \u010d\u00edtania\" \/>\n\t<meta name=\"twitter:data1\" content=\"2 min\u00faty\" \/>\n<script type=\"application\/ld+json\" class=\"yoast-schema-graph\">{\"@context\":\"https:\/\/schema.org\",\"@graph\":[{\"@type\":\"WebPage\",\"@id\":\"https:\/\/ktpe.website.tuke.sk\/wp\/?page_id=64\",\"url\":\"https:\/\/ktpe.website.tuke.sk\/wp\/?page_id=64\",\"name\":\"Veda a v\u00fdskum - KTPE\",\"isPartOf\":{\"@id\":\"https:\/\/ktpe.website.tuke.sk\/wp\/#website\"},\"datePublished\":\"2020-06-11T07:26:42+00:00\",\"dateModified\":\"2020-07-30T07:09:56+00:00\",\"breadcrumb\":{\"@id\":\"https:\/\/ktpe.website.tuke.sk\/wp\/?page_id=64#breadcrumb\"},\"inLanguage\":\"sk-SK\",\"potentialAction\":[{\"@type\":\"ReadAction\",\"target\":[\"https:\/\/ktpe.website.tuke.sk\/wp\/?page_id=64\"]}]},{\"@type\":\"BreadcrumbList\",\"@id\":\"https:\/\/ktpe.website.tuke.sk\/wp\/?page_id=64#breadcrumb\",\"itemListElement\":[{\"@type\":\"ListItem\",\"position\":1,\"name\":\"Domovsk\u00e1 str\u00e1nka\",\"item\":\"https:\/\/ktpe.website.tuke.sk\/wp\/\"},{\"@type\":\"ListItem\",\"position\":2,\"name\":\"Veda a v\u00fdskum\"}]},{\"@type\":\"WebSite\",\"@id\":\"https:\/\/ktpe.website.tuke.sk\/wp\/#website\",\"url\":\"https:\/\/ktpe.website.tuke.sk\/wp\/\",\"name\":\"KTPE\",\"description\":\"Katedra teoretickej a priemyselnej elektrotechniky\",\"publisher\":{\"@id\":\"https:\/\/ktpe.website.tuke.sk\/wp\/#organization\"},\"potentialAction\":[{\"@type\":\"SearchAction\",\"target\":{\"@type\":\"EntryPoint\",\"urlTemplate\":\"https:\/\/ktpe.website.tuke.sk\/wp\/?s={search_term_string}\"},\"query-input\":{\"@type\":\"PropertyValueSpecification\",\"valueRequired\":true,\"valueName\":\"search_term_string\"}}],\"inLanguage\":\"sk-SK\"},{\"@type\":\"Organization\",\"@id\":\"https:\/\/ktpe.website.tuke.sk\/wp\/#organization\",\"name\":\"KTPE FEI TUKE\",\"url\":\"https:\/\/ktpe.website.tuke.sk\/wp\/\",\"logo\":{\"@type\":\"ImageObject\",\"inLanguage\":\"sk-SK\",\"@id\":\"https:\/\/ktpe.website.tuke.sk\/wp\/#\/schema\/logo\/image\/\",\"url\":\"https:\/\/ktpe.website.tuke.sk\/wp\/wp-content\/uploads\/2020\/08\/KTPE-LOGO-V10-zlte.png\",\"contentUrl\":\"https:\/\/ktpe.website.tuke.sk\/wp\/wp-content\/uploads\/2020\/08\/KTPE-LOGO-V10-zlte.png\",\"width\":986,\"height\":295,\"caption\":\"KTPE FEI TUKE\"},\"image\":{\"@id\":\"https:\/\/ktpe.website.tuke.sk\/wp\/#\/schema\/logo\/image\/\"},\"sameAs\":[\"https:\/\/www.facebook.com\/profile.php?id=100087486357227\",\"https:\/\/www.instagram.com\/ktpe.tuke\/\",\"https:\/\/www.youtube.com\/channel\/UCxUc9Sxp-8dXz_tAlZtxUGw\"]}]}<\/script>\n<!-- \/ Yoast SEO plugin. -->","yoast_head_json":{"title":"Veda a v\u00fdskum - KTPE","robots":{"index":"index","follow":"follow","max-snippet":"max-snippet:-1","max-image-preview":"max-image-preview:large","max-video-preview":"max-video-preview:-1"},"canonical":"https:\/\/ktpe.website.tuke.sk\/wp\/?page_id=64","og_locale":"sk_SK","og_type":"article","og_title":"Veda a v\u00fdskum - KTPE","og_description":"Vedeck\u00fd profil Katedry teoretickej a priemyselnej elektrotechniky je orientovan\u00fd do nasleduj\u00facich oblast\u00ed: \u0160t\u00fadium elektrick\u00fdch, magnetick\u00fdch a \u0161truktur\u00e1lnych vlastnost\u00edmas\u00edvnych vzoriek a tenk\u00fdch vrstiev lantanoidov, \u0161peci\u00e1lne prin\u00edzkych teplot\u00e1ch. Cie\u013eom tohto vedecko-v\u00fdskumn\u00e9ho zamerania je roz\u0161irovanie z\u00e1kladn\u00fdch poznatkov o lantanoidoch a ich tenk\u00fdch vrstiev. T\u00e1to fyzik\u00e1lne ve\u013emi bohat\u00e1 skupina prvkov m\u00e1 ve\u013ek\u00e9 potenci\u00e1lne uplatnenie&hellip;","og_url":"https:\/\/ktpe.website.tuke.sk\/wp\/?page_id=64","og_site_name":"KTPE","article_publisher":"https:\/\/www.facebook.com\/profile.php?id=100087486357227","article_modified_time":"2020-07-30T07:09:56+00:00","twitter_card":"summary_large_image","twitter_misc":{"Predpokladan\u00fd \u010das \u010d\u00edtania":"2 min\u00faty"},"schema":{"@context":"https:\/\/schema.org","@graph":[{"@type":"WebPage","@id":"https:\/\/ktpe.website.tuke.sk\/wp\/?page_id=64","url":"https:\/\/ktpe.website.tuke.sk\/wp\/?page_id=64","name":"Veda a v\u00fdskum - KTPE","isPartOf":{"@id":"https:\/\/ktpe.website.tuke.sk\/wp\/#website"},"datePublished":"2020-06-11T07:26:42+00:00","dateModified":"2020-07-30T07:09:56+00:00","breadcrumb":{"@id":"https:\/\/ktpe.website.tuke.sk\/wp\/?page_id=64#breadcrumb"},"inLanguage":"sk-SK","potentialAction":[{"@type":"ReadAction","target":["https:\/\/ktpe.website.tuke.sk\/wp\/?page_id=64"]}]},{"@type":"BreadcrumbList","@id":"https:\/\/ktpe.website.tuke.sk\/wp\/?page_id=64#breadcrumb","itemListElement":[{"@type":"ListItem","position":1,"name":"Domovsk\u00e1 str\u00e1nka","item":"https:\/\/ktpe.website.tuke.sk\/wp\/"},{"@type":"ListItem","position":2,"name":"Veda a v\u00fdskum"}]},{"@type":"WebSite","@id":"https:\/\/ktpe.website.tuke.sk\/wp\/#website","url":"https:\/\/ktpe.website.tuke.sk\/wp\/","name":"KTPE","description":"Katedra teoretickej a priemyselnej elektrotechniky","publisher":{"@id":"https:\/\/ktpe.website.tuke.sk\/wp\/#organization"},"potentialAction":[{"@type":"SearchAction","target":{"@type":"EntryPoint","urlTemplate":"https:\/\/ktpe.website.tuke.sk\/wp\/?s={search_term_string}"},"query-input":{"@type":"PropertyValueSpecification","valueRequired":true,"valueName":"search_term_string"}}],"inLanguage":"sk-SK"},{"@type":"Organization","@id":"https:\/\/ktpe.website.tuke.sk\/wp\/#organization","name":"KTPE FEI TUKE","url":"https:\/\/ktpe.website.tuke.sk\/wp\/","logo":{"@type":"ImageObject","inLanguage":"sk-SK","@id":"https:\/\/ktpe.website.tuke.sk\/wp\/#\/schema\/logo\/image\/","url":"https:\/\/ktpe.website.tuke.sk\/wp\/wp-content\/uploads\/2020\/08\/KTPE-LOGO-V10-zlte.png","contentUrl":"https:\/\/ktpe.website.tuke.sk\/wp\/wp-content\/uploads\/2020\/08\/KTPE-LOGO-V10-zlte.png","width":986,"height":295,"caption":"KTPE FEI TUKE"},"image":{"@id":"https:\/\/ktpe.website.tuke.sk\/wp\/#\/schema\/logo\/image\/"},"sameAs":["https:\/\/www.facebook.com\/profile.php?id=100087486357227","https:\/\/www.instagram.com\/ktpe.tuke\/","https:\/\/www.youtube.com\/channel\/UCxUc9Sxp-8dXz_tAlZtxUGw"]}]}},"_links":{"self":[{"href":"https:\/\/ktpe.website.tuke.sk\/wp\/index.php?rest_route=\/wp\/v2\/pages\/64","targetHints":{"allow":["GET"]}}],"collection":[{"href":"https:\/\/ktpe.website.tuke.sk\/wp\/index.php?rest_route=\/wp\/v2\/pages"}],"about":[{"href":"https:\/\/ktpe.website.tuke.sk\/wp\/index.php?rest_route=\/wp\/v2\/types\/page"}],"author":[{"embeddable":true,"href":"https:\/\/ktpe.website.tuke.sk\/wp\/index.php?rest_route=\/wp\/v2\/users\/1"}],"replies":[{"embeddable":true,"href":"https:\/\/ktpe.website.tuke.sk\/wp\/index.php?rest_route=%2Fwp%2Fv2%2Fcomments&post=64"}],"version-history":[{"count":8,"href":"https:\/\/ktpe.website.tuke.sk\/wp\/index.php?rest_route=\/wp\/v2\/pages\/64\/revisions"}],"predecessor-version":[{"id":554,"href":"https:\/\/ktpe.website.tuke.sk\/wp\/index.php?rest_route=\/wp\/v2\/pages\/64\/revisions\/554"}],"wp:attachment":[{"href":"https:\/\/ktpe.website.tuke.sk\/wp\/index.php?rest_route=%2Fwp%2Fv2%2Fmedia&parent=64"}],"curies":[{"name":"wp","href":"https:\/\/api.w.org\/{rel}","templated":true}]}}