{"id":61,"date":"2020-06-11T09:26:36","date_gmt":"2020-06-11T07:26:36","guid":{"rendered":"http:\/\/ktpe.fei.tuke.sk\/jacko\/wp-edu\/?page_id=61"},"modified":"2020-07-08T14:37:25","modified_gmt":"2020-07-08T12:37:25","slug":"pre-uchadzacov","status":"publish","type":"page","link":"https:\/\/ktpe.website.tuke.sk\/wp\/?page_id=61","title":{"rendered":"Pre uch\u00e1dza\u010dov"},"content":{"rendered":"\n<h2 class=\"wp-block-heading\">Bakal\u00e1rsky \u0161tudijn\u00fd program<br>Priemyseln\u00e1 elektrotechnika<\/h2>\n\n\n\n<hr class=\"wp-block-separator\"\/>\n\n\n\n<p><strong>Pre\u010do \u0161tudova\u0165 \u0161tudijn\u00fd program Priemyseln\u00e1 elektrotechnika ?<\/strong><\/p>\n\n\n\n<ul class=\"wp-block-list\"><li><strong>individu\u00e1lny a \u00fastretov\u00fd pr\u00edstup k \u0161tudentom&nbsp;<\/strong>(podobne ako na renomovan\u00fdch svetov\u00fdch univerzit\u00e1ch)<\/li><li><strong>mo\u017enos\u0165 z\u00edska\u0165 najnov\u0161ie poznatky z oblasti elektrotechniky a aplikovanej priemyselnej informatiky<\/strong>&nbsp;(technick\u00e9 aplik\u00e1cie embedded syst\u00e9mov s vyu\u017eit\u00edm r\u00f4znych opera\u010dn\u00fdch syst\u00e9mov, mikroprocesorov\u00e9 aplik\u00e1cie riadenia, rozpozn\u00e1vania obrazov a zvukov, modern\u00e9 priemyseln\u00e9 senzory a met\u00f3dy sn\u00edmania sign\u00e1lov, rie\u0161enie probl\u00e9mov z oblasti elektromagnetickej kompatibility zariaden\u00ed, n\u00e1vrh a realiz\u00e1cia syst\u00e9mov riaden\u00fdch prostredn\u00edctvom Internetu a bezdr\u00f4tov\u00fdch technol\u00f3gi\u00ed)<\/li><li><strong>mo\u017enos\u0165 zapoji\u0165 sa do rie\u0161enia vedeck\u00fdch a v\u00fdskumn\u00fdch projektov a sta\u0165 sa \u010dlenom v \u0161pi\u010dkovom mladom v\u00fdskumnom kolekt\u00edve, ktor\u00fd \u00faspe\u0161ne rie\u0161i aktu\u00e1lne vedeck\u00e9 a technick\u00e9 probl\u00e9my rie\u0161en\u00e9 na \u0161pi\u010dkov\u00fdch svetov\u00fdch v\u00fdskumn\u00fdch pracovisk\u00e1&nbsp;<\/strong>(vyrie\u0161en\u00fd projekt nad\u00e1cie Volkswagen &#8211; funk\u010dn\u00fd model 1:10 bezdr\u00f4tovej nab\u00edja\u010dky elektromobilu, projekt meni\u010da pre alternat\u00edvne zdroje energie so zv\u00fd\u0161enou \u00fa\u010dinnos\u0165ou energetickej premeny a \u010fal\u0161ie, ro\u010dne podan\u00e9 pribli\u017ene 2 patentov\u00e9 prihl\u00e1\u0161ky s spoluatorsk\u00fdm podielom \u0161tudentov)<\/li><li><strong>mo\u017enos\u0165 akt\u00edvne sa zapoji\u0165 do zahrani\u010dn\u00fdch mobil\u00edt a spolupr\u00e1ce<\/strong><\/li><li><strong>mo\u017enos\u0165 pracova\u0165 so \u0161pi\u010dkovou technikou a technol\u00f3giou&nbsp;<\/strong>(z\u00edskanou v r\u00e1mci rie\u0161enia projektu financovan\u00e9ho zo zdrojov E\u00da &#8222;Centrum excelentnosti integrovan\u00e9ho v\u00fdskumu a vyu\u017eitia progres\u00edvnych materi\u00e1lov a technol\u00f3gi\u00ed v oblasti automobilovej elektroniky&#8220;, ITMS 26220120055 a v novo vybaven\u00fdch modern\u00fdch laborat\u00f3ri\u00e1ch)<\/li><li><strong>mo\u017enos\u0165 absolvova\u0165 \u010das\u0165 \u0161t\u00fadia formou praxe vo firme<\/strong><\/li><\/ul>\n\n\n\n<hr class=\"wp-block-separator\"\/>\n\n\n\n<p><strong>Profil absolventa<\/strong><strong>&nbsp;<\/strong><\/p>\n\n\n\n<p>\u0160tudijn\u00fd program Priemyseln\u00e1 elektrotechnika vychov\u00e1va bakal\u00e1rov so \u0161irok\u00fdm teoretick\u00fdm a v\u0161eobecn\u00fdm elektrotechnick\u00fdm preh\u013eadom doplnen\u00fdm o z\u00e1kladn\u00e9 poznatky z oblasti elektrotechniky, informatiky, mana\u017ementu, ekonomiky a jazykov\u00fa pr\u00edpravu tak, aby bol absolvent schopn\u00fd \u00fa\u010dinne a efekt\u00edvne riadi\u0165, ale aj samostatne vykon\u00e1va\u0165 odborn\u00fa elektrotechnick\u00fa \u010dinnos\u0165. Absolvent taktie\u017e z\u00edska mo\u017enos\u0165 pokra\u010dova\u0165 v in\u017einierskom \u0161t\u00fadiu rovnak\u00e9ho alebo pr\u00edbuzn\u00e9ho zamerania. Hlavn\u00e9 uplatnenie n\u00e1jde v t\u00fdch in\u0161tit\u00faci\u00e1ch spolo\u010denskej praxe, kde rie\u0161en\u00e1 problematika vy\u017eaduje vyu\u017eitie elektrotechnick\u00fdch, informatick\u00fdch, ekonomick\u00fdch a mana\u017e\u00e9rskych met\u00f3d. <\/p>\n\n\n\n<hr class=\"wp-block-separator\"\/>\n\n\n\n<p><a rel=\"noreferrer noopener\" href=\"http:\/\/kteem.fei.tuke.sk\/vtour\/slovak.pdf\" target=\"_blank\"><strong>Detailnej\u0161ie inform\u00e1cie o \u0161tudijnom programe<\/strong><\/a><\/p>\n\n\n\n<hr class=\"wp-block-separator\"\/>\n\n\n\n<h4 class=\"wp-block-heading\">M\u00e1te z\u00e1ujem o kurz elektrotechniky, alebo v\u00e1s zauj\u00edmaj\u00fa n\u00e1zory na\u0161ich absolventov? <\/h4>\n\n\n\n<div class=\"wp-block-columns has-2-columns is-layout-flex wp-container-core-columns-is-layout-9d6595d7 wp-block-columns-is-layout-flex\">\n<div class=\"wp-block-column is-layout-flow wp-block-column-is-layout-flow\">\n<figure class=\"wp-block-image is-resized\"><a href=\"https:\/\/ktpe.website.tuke.sk\/wp\/?page_id=394\"><img loading=\"lazy\" decoding=\"async\" src=\"https:\/\/ktpe.website.tuke.sk\/wp\/wp-content\/uploads\/2020\/07\/pngguru.com_.png\" alt=\"\" class=\"wp-image-427\" width=\"300\" height=\"300\" srcset=\"https:\/\/ktpe.website.tuke.sk\/wp\/wp-content\/uploads\/2020\/07\/pngguru.com_.png 880w, https:\/\/ktpe.website.tuke.sk\/wp\/wp-content\/uploads\/2020\/07\/pngguru.com_-150x150.png 150w, https:\/\/ktpe.website.tuke.sk\/wp\/wp-content\/uploads\/2020\/07\/pngguru.com_-300x300.png 300w, https:\/\/ktpe.website.tuke.sk\/wp\/wp-content\/uploads\/2020\/07\/pngguru.com_-768x768.png 768w, https:\/\/ktpe.website.tuke.sk\/wp\/wp-content\/uploads\/2020\/07\/pngguru.com_-450x450.png 450w\" sizes=\"auto, (max-width: 300px) 100vw, 300px\" \/><\/a><figcaption><strong>Kurz elektrotechniky<\/strong><\/figcaption><\/figure>\n<\/div>\n\n\n\n<div class=\"wp-block-column is-layout-flow wp-block-column-is-layout-flow\">\n<figure class=\"wp-block-image is-resized\"><a href=\"https:\/\/ktpe.website.tuke.sk\/wp\/?page_id=398\"><img loading=\"lazy\" decoding=\"async\" src=\"https:\/\/ktpe.website.tuke.sk\/wp\/wp-content\/uploads\/2020\/07\/hiclipart.com_.png\" alt=\"\" class=\"wp-image-428\" width=\"300\" height=\"300\" srcset=\"https:\/\/ktpe.website.tuke.sk\/wp\/wp-content\/uploads\/2020\/07\/hiclipart.com_.png 600w, https:\/\/ktpe.website.tuke.sk\/wp\/wp-content\/uploads\/2020\/07\/hiclipart.com_-150x150.png 150w, https:\/\/ktpe.website.tuke.sk\/wp\/wp-content\/uploads\/2020\/07\/hiclipart.com_-300x300.png 300w, https:\/\/ktpe.website.tuke.sk\/wp\/wp-content\/uploads\/2020\/07\/hiclipart.com_-450x450.png 450w\" sizes=\"auto, (max-width: 300px) 100vw, 300px\" \/><\/a><figcaption><strong>N\u00e1zory na\u0161ich absolventov<\/strong><\/figcaption><\/figure>\n<\/div>\n<\/div>\n","protected":false},"excerpt":{"rendered":"<p>Bakal\u00e1rsky \u0161tudijn\u00fd programPriemyseln\u00e1 elektrotechnika Pre\u010do \u0161tudova\u0165 \u0161tudijn\u00fd program Priemyseln\u00e1 elektrotechnika ? individu\u00e1lny a \u00fastretov\u00fd pr\u00edstup k \u0161tudentom&nbsp;(podobne ako na renomovan\u00fdch svetov\u00fdch univerzit\u00e1ch) mo\u017enos\u0165 z\u00edska\u0165 najnov\u0161ie poznatky z oblasti elektrotechniky a aplikovanej priemyselnej informatiky&nbsp;(technick\u00e9 aplik\u00e1cie embedded syst\u00e9mov s vyu\u017eit\u00edm r\u00f4znych opera\u010dn\u00fdch syst\u00e9mov, mikroprocesorov\u00e9 aplik\u00e1cie riadenia, rozpozn\u00e1vania obrazov a zvukov, modern\u00e9 priemyseln\u00e9&hellip;<\/p>\n","protected":false},"author":1,"featured_media":0,"parent":0,"menu_order":0,"comment_status":"closed","ping_status":"closed","template":"","meta":{"footnotes":""},"class_list":["post-61","page","type-page","status-publish","hentry"],"yoast_head":"<!-- This site is optimized with the Yoast SEO plugin v25.8 - https:\/\/yoast.com\/wordpress\/plugins\/seo\/ -->\n<title>Pre uch\u00e1dza\u010dov - KTPE<\/title>\n<meta name=\"robots\" content=\"index, follow, max-snippet:-1, max-image-preview:large, max-video-preview:-1\" \/>\n<link rel=\"canonical\" href=\"https:\/\/ktpe.website.tuke.sk\/wp\/?page_id=61\" \/>\n<meta property=\"og:locale\" content=\"sk_SK\" \/>\n<meta property=\"og:type\" content=\"article\" \/>\n<meta property=\"og:title\" content=\"Pre uch\u00e1dza\u010dov - KTPE\" \/>\n<meta property=\"og:description\" content=\"Bakal\u00e1rsky \u0161tudijn\u00fd programPriemyseln\u00e1 elektrotechnika Pre\u010do \u0161tudova\u0165 \u0161tudijn\u00fd program Priemyseln\u00e1 elektrotechnika ? individu\u00e1lny a \u00fastretov\u00fd pr\u00edstup k \u0161tudentom&nbsp;(podobne ako na renomovan\u00fdch svetov\u00fdch univerzit\u00e1ch) mo\u017enos\u0165 z\u00edska\u0165 najnov\u0161ie poznatky z oblasti elektrotechniky a aplikovanej priemyselnej informatiky&nbsp;(technick\u00e9 aplik\u00e1cie embedded syst\u00e9mov s vyu\u017eit\u00edm r\u00f4znych opera\u010dn\u00fdch syst\u00e9mov, mikroprocesorov\u00e9 aplik\u00e1cie riadenia, rozpozn\u00e1vania obrazov a zvukov, modern\u00e9 priemyseln\u00e9&hellip;\" \/>\n<meta property=\"og:url\" content=\"https:\/\/ktpe.website.tuke.sk\/wp\/?page_id=61\" \/>\n<meta property=\"og:site_name\" content=\"KTPE\" \/>\n<meta property=\"article:publisher\" content=\"https:\/\/www.facebook.com\/profile.php?id=100087486357227\" \/>\n<meta property=\"article:modified_time\" content=\"2020-07-08T12:37:25+00:00\" \/>\n<meta property=\"og:image\" content=\"https:\/\/ktpe.website.tuke.sk\/wp\/wp-content\/uploads\/2020\/07\/pngguru.com_.png\" \/>\n\t<meta property=\"og:image:width\" content=\"880\" \/>\n\t<meta property=\"og:image:height\" content=\"880\" \/>\n\t<meta property=\"og:image:type\" content=\"image\/png\" \/>\n<meta name=\"twitter:card\" content=\"summary_large_image\" \/>\n<meta name=\"twitter:label1\" content=\"Predpokladan\u00fd \u010das \u010d\u00edtania\" \/>\n\t<meta name=\"twitter:data1\" content=\"2 min\u00faty\" \/>\n<script type=\"application\/ld+json\" class=\"yoast-schema-graph\">{\"@context\":\"https:\/\/schema.org\",\"@graph\":[{\"@type\":\"WebPage\",\"@id\":\"https:\/\/ktpe.website.tuke.sk\/wp\/?page_id=61\",\"url\":\"https:\/\/ktpe.website.tuke.sk\/wp\/?page_id=61\",\"name\":\"Pre uch\u00e1dza\u010dov - KTPE\",\"isPartOf\":{\"@id\":\"https:\/\/ktpe.website.tuke.sk\/wp\/#website\"},\"primaryImageOfPage\":{\"@id\":\"https:\/\/ktpe.website.tuke.sk\/wp\/?page_id=61#primaryimage\"},\"image\":{\"@id\":\"https:\/\/ktpe.website.tuke.sk\/wp\/?page_id=61#primaryimage\"},\"thumbnailUrl\":\"https:\/\/ktpe.website.tuke.sk\/wp\/wp-content\/uploads\/2020\/07\/pngguru.com_.png\",\"datePublished\":\"2020-06-11T07:26:36+00:00\",\"dateModified\":\"2020-07-08T12:37:25+00:00\",\"breadcrumb\":{\"@id\":\"https:\/\/ktpe.website.tuke.sk\/wp\/?page_id=61#breadcrumb\"},\"inLanguage\":\"sk-SK\",\"potentialAction\":[{\"@type\":\"ReadAction\",\"target\":[\"https:\/\/ktpe.website.tuke.sk\/wp\/?page_id=61\"]}]},{\"@type\":\"ImageObject\",\"inLanguage\":\"sk-SK\",\"@id\":\"https:\/\/ktpe.website.tuke.sk\/wp\/?page_id=61#primaryimage\",\"url\":\"https:\/\/ktpe.website.tuke.sk\/wp\/wp-content\/uploads\/2020\/07\/pngguru.com_.png\",\"contentUrl\":\"https:\/\/ktpe.website.tuke.sk\/wp\/wp-content\/uploads\/2020\/07\/pngguru.com_.png\",\"width\":880,\"height\":880},{\"@type\":\"BreadcrumbList\",\"@id\":\"https:\/\/ktpe.website.tuke.sk\/wp\/?page_id=61#breadcrumb\",\"itemListElement\":[{\"@type\":\"ListItem\",\"position\":1,\"name\":\"Domovsk\u00e1 str\u00e1nka\",\"item\":\"https:\/\/ktpe.website.tuke.sk\/wp\/\"},{\"@type\":\"ListItem\",\"position\":2,\"name\":\"Pre uch\u00e1dza\u010dov\"}]},{\"@type\":\"WebSite\",\"@id\":\"https:\/\/ktpe.website.tuke.sk\/wp\/#website\",\"url\":\"https:\/\/ktpe.website.tuke.sk\/wp\/\",\"name\":\"KTPE\",\"description\":\"Katedra teoretickej a priemyselnej elektrotechniky\",\"publisher\":{\"@id\":\"https:\/\/ktpe.website.tuke.sk\/wp\/#organization\"},\"potentialAction\":[{\"@type\":\"SearchAction\",\"target\":{\"@type\":\"EntryPoint\",\"urlTemplate\":\"https:\/\/ktpe.website.tuke.sk\/wp\/?s={search_term_string}\"},\"query-input\":{\"@type\":\"PropertyValueSpecification\",\"valueRequired\":true,\"valueName\":\"search_term_string\"}}],\"inLanguage\":\"sk-SK\"},{\"@type\":\"Organization\",\"@id\":\"https:\/\/ktpe.website.tuke.sk\/wp\/#organization\",\"name\":\"KTPE FEI TUKE\",\"url\":\"https:\/\/ktpe.website.tuke.sk\/wp\/\",\"logo\":{\"@type\":\"ImageObject\",\"inLanguage\":\"sk-SK\",\"@id\":\"https:\/\/ktpe.website.tuke.sk\/wp\/#\/schema\/logo\/image\/\",\"url\":\"https:\/\/ktpe.website.tuke.sk\/wp\/wp-content\/uploads\/2020\/08\/KTPE-LOGO-V10-zlte.png\",\"contentUrl\":\"https:\/\/ktpe.website.tuke.sk\/wp\/wp-content\/uploads\/2020\/08\/KTPE-LOGO-V10-zlte.png\",\"width\":986,\"height\":295,\"caption\":\"KTPE FEI TUKE\"},\"image\":{\"@id\":\"https:\/\/ktpe.website.tuke.sk\/wp\/#\/schema\/logo\/image\/\"},\"sameAs\":[\"https:\/\/www.facebook.com\/profile.php?id=100087486357227\",\"https:\/\/www.instagram.com\/ktpe.tuke\/\",\"https:\/\/www.youtube.com\/channel\/UCxUc9Sxp-8dXz_tAlZtxUGw\"]}]}<\/script>\n<!-- \/ Yoast SEO plugin. -->","yoast_head_json":{"title":"Pre uch\u00e1dza\u010dov - KTPE","robots":{"index":"index","follow":"follow","max-snippet":"max-snippet:-1","max-image-preview":"max-image-preview:large","max-video-preview":"max-video-preview:-1"},"canonical":"https:\/\/ktpe.website.tuke.sk\/wp\/?page_id=61","og_locale":"sk_SK","og_type":"article","og_title":"Pre uch\u00e1dza\u010dov - KTPE","og_description":"Bakal\u00e1rsky \u0161tudijn\u00fd programPriemyseln\u00e1 elektrotechnika Pre\u010do \u0161tudova\u0165 \u0161tudijn\u00fd program Priemyseln\u00e1 elektrotechnika ? individu\u00e1lny a \u00fastretov\u00fd pr\u00edstup k \u0161tudentom&nbsp;(podobne ako na renomovan\u00fdch svetov\u00fdch univerzit\u00e1ch) mo\u017enos\u0165 z\u00edska\u0165 najnov\u0161ie poznatky z oblasti elektrotechniky a aplikovanej priemyselnej informatiky&nbsp;(technick\u00e9 aplik\u00e1cie embedded syst\u00e9mov s vyu\u017eit\u00edm r\u00f4znych opera\u010dn\u00fdch syst\u00e9mov, mikroprocesorov\u00e9 aplik\u00e1cie riadenia, rozpozn\u00e1vania obrazov a zvukov, modern\u00e9 priemyseln\u00e9&hellip;","og_url":"https:\/\/ktpe.website.tuke.sk\/wp\/?page_id=61","og_site_name":"KTPE","article_publisher":"https:\/\/www.facebook.com\/profile.php?id=100087486357227","article_modified_time":"2020-07-08T12:37:25+00:00","og_image":[{"width":880,"height":880,"url":"https:\/\/ktpe.website.tuke.sk\/wp\/wp-content\/uploads\/2020\/07\/pngguru.com_.png","type":"image\/png"}],"twitter_card":"summary_large_image","twitter_misc":{"Predpokladan\u00fd \u010das \u010d\u00edtania":"2 min\u00faty"},"schema":{"@context":"https:\/\/schema.org","@graph":[{"@type":"WebPage","@id":"https:\/\/ktpe.website.tuke.sk\/wp\/?page_id=61","url":"https:\/\/ktpe.website.tuke.sk\/wp\/?page_id=61","name":"Pre uch\u00e1dza\u010dov - KTPE","isPartOf":{"@id":"https:\/\/ktpe.website.tuke.sk\/wp\/#website"},"primaryImageOfPage":{"@id":"https:\/\/ktpe.website.tuke.sk\/wp\/?page_id=61#primaryimage"},"image":{"@id":"https:\/\/ktpe.website.tuke.sk\/wp\/?page_id=61#primaryimage"},"thumbnailUrl":"https:\/\/ktpe.website.tuke.sk\/wp\/wp-content\/uploads\/2020\/07\/pngguru.com_.png","datePublished":"2020-06-11T07:26:36+00:00","dateModified":"2020-07-08T12:37:25+00:00","breadcrumb":{"@id":"https:\/\/ktpe.website.tuke.sk\/wp\/?page_id=61#breadcrumb"},"inLanguage":"sk-SK","potentialAction":[{"@type":"ReadAction","target":["https:\/\/ktpe.website.tuke.sk\/wp\/?page_id=61"]}]},{"@type":"ImageObject","inLanguage":"sk-SK","@id":"https:\/\/ktpe.website.tuke.sk\/wp\/?page_id=61#primaryimage","url":"https:\/\/ktpe.website.tuke.sk\/wp\/wp-content\/uploads\/2020\/07\/pngguru.com_.png","contentUrl":"https:\/\/ktpe.website.tuke.sk\/wp\/wp-content\/uploads\/2020\/07\/pngguru.com_.png","width":880,"height":880},{"@type":"BreadcrumbList","@id":"https:\/\/ktpe.website.tuke.sk\/wp\/?page_id=61#breadcrumb","itemListElement":[{"@type":"ListItem","position":1,"name":"Domovsk\u00e1 str\u00e1nka","item":"https:\/\/ktpe.website.tuke.sk\/wp\/"},{"@type":"ListItem","position":2,"name":"Pre uch\u00e1dza\u010dov"}]},{"@type":"WebSite","@id":"https:\/\/ktpe.website.tuke.sk\/wp\/#website","url":"https:\/\/ktpe.website.tuke.sk\/wp\/","name":"KTPE","description":"Katedra teoretickej a priemyselnej elektrotechniky","publisher":{"@id":"https:\/\/ktpe.website.tuke.sk\/wp\/#organization"},"potentialAction":[{"@type":"SearchAction","target":{"@type":"EntryPoint","urlTemplate":"https:\/\/ktpe.website.tuke.sk\/wp\/?s={search_term_string}"},"query-input":{"@type":"PropertyValueSpecification","valueRequired":true,"valueName":"search_term_string"}}],"inLanguage":"sk-SK"},{"@type":"Organization","@id":"https:\/\/ktpe.website.tuke.sk\/wp\/#organization","name":"KTPE FEI TUKE","url":"https:\/\/ktpe.website.tuke.sk\/wp\/","logo":{"@type":"ImageObject","inLanguage":"sk-SK","@id":"https:\/\/ktpe.website.tuke.sk\/wp\/#\/schema\/logo\/image\/","url":"https:\/\/ktpe.website.tuke.sk\/wp\/wp-content\/uploads\/2020\/08\/KTPE-LOGO-V10-zlte.png","contentUrl":"https:\/\/ktpe.website.tuke.sk\/wp\/wp-content\/uploads\/2020\/08\/KTPE-LOGO-V10-zlte.png","width":986,"height":295,"caption":"KTPE FEI TUKE"},"image":{"@id":"https:\/\/ktpe.website.tuke.sk\/wp\/#\/schema\/logo\/image\/"},"sameAs":["https:\/\/www.facebook.com\/profile.php?id=100087486357227","https:\/\/www.instagram.com\/ktpe.tuke\/","https:\/\/www.youtube.com\/channel\/UCxUc9Sxp-8dXz_tAlZtxUGw"]}]}},"_links":{"self":[{"href":"https:\/\/ktpe.website.tuke.sk\/wp\/index.php?rest_route=\/wp\/v2\/pages\/61","targetHints":{"allow":["GET"]}}],"collection":[{"href":"https:\/\/ktpe.website.tuke.sk\/wp\/index.php?rest_route=\/wp\/v2\/pages"}],"about":[{"href":"https:\/\/ktpe.website.tuke.sk\/wp\/index.php?rest_route=\/wp\/v2\/types\/page"}],"author":[{"embeddable":true,"href":"https:\/\/ktpe.website.tuke.sk\/wp\/index.php?rest_route=\/wp\/v2\/users\/1"}],"replies":[{"embeddable":true,"href":"https:\/\/ktpe.website.tuke.sk\/wp\/index.php?rest_route=%2Fwp%2Fv2%2Fcomments&post=61"}],"version-history":[{"count":9,"href":"https:\/\/ktpe.website.tuke.sk\/wp\/index.php?rest_route=\/wp\/v2\/pages\/61\/revisions"}],"predecessor-version":[{"id":431,"href":"https:\/\/ktpe.website.tuke.sk\/wp\/index.php?rest_route=\/wp\/v2\/pages\/61\/revisions\/431"}],"wp:attachment":[{"href":"https:\/\/ktpe.website.tuke.sk\/wp\/index.php?rest_route=%2Fwp%2Fv2%2Fmedia&parent=61"}],"curies":[{"name":"wp","href":"https:\/\/api.w.org\/{rel}","templated":true}]}}