{"id":60,"date":"2020-06-11T09:26:35","date_gmt":"2020-06-11T07:26:35","guid":{"rendered":"http:\/\/ktpe.fei.tuke.sk\/jacko\/wp-edu\/?page_id=60"},"modified":"2025-02-24T11:27:42","modified_gmt":"2025-02-24T10:27:42","slug":"pre-studentov","status":"publish","type":"page","link":"https:\/\/ktpe.website.tuke.sk\/wp\/?page_id=60","title":{"rendered":"Pre \u0161tudentov"},"content":{"rendered":"\r\n<div class=\"wp-block-columns has-2-columns is-layout-flex wp-container-core-columns-is-layout-9d6595d7 wp-block-columns-is-layout-flex\">\r\n<div class=\"wp-block-column is-layout-flow wp-block-column-is-layout-flow\">\r\n<p>&nbsp;<\/p>\r\n<\/div>\r\n\r\n\r\n\r\n<div class=\"wp-block-column is-layout-flow wp-block-column-is-layout-flow\">\u00a0<\/div>\r\n<\/div>\r\n\r\n\r\n\r\n<h4 class=\"wp-block-heading\">\u0160tudijn\u00e9 materi\u00e1ly<\/h4>\r\n\r\n\r\n\r\n<p>\u0160abl\u00f3na SSIEE: stiahnete kliknut\u00edm na <a href=\"https:\/\/ktpe.website.tuke.sk\/wp\/wp-content\/uploads\/dokumenty\/_ine\/SSIEE-template.docx\">odkaz<\/a><\/p>\r\n\r\n\r\n\r\n<p><a href=\"https:\/\/ktpe.website.tuke.sk\/wp\/wp-content\/uploads\/dokumenty\/_ine\/Okruhy_otazok_Ing.pdf\">Okruhy ot\u00e1zok<\/a>\u00a0 pre <strong>\u0161t\u00e1tne z\u00e1vere\u010dn\u00e9 sk\u00fa\u0161ky<\/strong> v in\u017einierskom stupni \u0161t\u00fadia \u0161tudijn\u00e9ho programu Priemyseln\u00e1 elektrotechnika.<\/p>\r\n\r\n\r\n\r\n<p>Spolo\u010dnos\u0165 BSH Michalovce pon\u00faka t\u00e9my pre <span class=\"has-inline-color has-very-dark-gray-color\"><strong>bakal\u00e1rske <\/strong><\/span>a <span class=\"has-inline-color has-very-dark-gray-color\"><strong>diplomov\u00e9 <\/strong><\/span>pr\u00e1ce.\u00a0 Zoznam t\u00e9m\u00a0n\u00e1jdete kliknut\u00edm na\u00a0<a href=\"https:\/\/ktpe.website.tuke.sk\/wp\/wp-content\/uploads\/dokumenty\/_ine\/BSH_zoznam_zaverecnych_prac.pdf\">odkaz<\/a><\/p>\r\n\r\n\r\n\r\n<p>&nbsp;<\/p>\r\n\r\n\r\n\r\n<h4 class=\"wp-block-heading\">Konzulta\u010dn\u00e9 hodiny pedag\u00f3gov<\/h4>\r\n\r\n\r\n\r\n<p><a href=\"https:\/\/ktpe.website.tuke.sk\/wp\/wp-content\/uploads\/dokumenty\/Konzultacne_hodiny.pdf\" target=\"_blank\" rel=\"noreferrer noopener\" aria-label=\"undefined (otv\u00e1ra sa na novej karte)\">Konzulta\u010dn\u00e9 hodiny<\/a> pedagogick\u00fdch pracovn\u00edkov KTPE v ZS \u0161k. r. 2023\/2024<\/p>\r\n\r\n\r\n<hr class=\"wp-block-separator\" \/>\r\n\r\n\r\n<h4 class=\"wp-block-heading\">Zvo\u013ete stupe\u0148 \u0161t\u00fadia<\/h4>\r\n\r\n\r\n\r\n<div class=\"wp-block-columns has-3-columns is-layout-flex wp-container-core-columns-is-layout-9d6595d7 wp-block-columns-is-layout-flex\">\r\n<div class=\"wp-block-column is-layout-flow wp-block-column-is-layout-flow\">\r\n<figure class=\"wp-block-image\"><a href=\"https:\/\/ktpe.website.tuke.sk\/wp\/?page_id=132\"><img loading=\"lazy\" decoding=\"async\" width=\"392\" height=\"332\" class=\"wp-image-440\" src=\"https:\/\/ktpe.website.tuke.sk\/wp\/wp-content\/uploads\/2020\/07\/bc.png\" alt=\"\" srcset=\"https:\/\/ktpe.website.tuke.sk\/wp\/wp-content\/uploads\/2020\/07\/bc.png 392w, https:\/\/ktpe.website.tuke.sk\/wp\/wp-content\/uploads\/2020\/07\/bc-300x254.png 300w\" sizes=\"auto, (max-width: 392px) 100vw, 392px\" \/><\/a>\r\n<figcaption>Bakal\u00e1rsky stupe\u0148<\/figcaption>\r\n<\/figure>\r\n<\/div>\r\n\r\n\r\n\r\n<div class=\"wp-block-column is-layout-flow wp-block-column-is-layout-flow\">\r\n<figure class=\"wp-block-image\"><a href=\"https:\/\/ktpe.website.tuke.sk\/wp\/?page_id=446\"><img loading=\"lazy\" decoding=\"async\" width=\"392\" height=\"332\" class=\"wp-image-441\" src=\"https:\/\/ktpe.website.tuke.sk\/wp\/wp-content\/uploads\/2020\/07\/ing.png\" alt=\"\" srcset=\"https:\/\/ktpe.website.tuke.sk\/wp\/wp-content\/uploads\/2020\/07\/ing.png 392w, https:\/\/ktpe.website.tuke.sk\/wp\/wp-content\/uploads\/2020\/07\/ing-300x254.png 300w\" sizes=\"auto, (max-width: 392px) 100vw, 392px\" \/><\/a>\r\n<figcaption>In\u017einiersky stupe\u0148<\/figcaption>\r\n<\/figure>\r\n<\/div>\r\n\r\n\r\n\r\n<div class=\"wp-block-column is-layout-flow wp-block-column-is-layout-flow\">\r\n<figure class=\"wp-block-image\"><a href=\"https:\/\/ktpe.website.tuke.sk\/wp\/?page_id=385\"><img loading=\"lazy\" decoding=\"async\" width=\"392\" height=\"332\" class=\"wp-image-442\" src=\"https:\/\/ktpe.website.tuke.sk\/wp\/wp-content\/uploads\/2020\/07\/phd.png\" alt=\"\" srcset=\"https:\/\/ktpe.website.tuke.sk\/wp\/wp-content\/uploads\/2020\/07\/phd.png 392w, https:\/\/ktpe.website.tuke.sk\/wp\/wp-content\/uploads\/2020\/07\/phd-300x254.png 300w\" sizes=\"auto, (max-width: 392px) 100vw, 392px\" \/><\/a>\r\n<figcaption>Doktorandsk\u00fd stupe\u0148<\/figcaption>\r\n<\/figure>\r\n<\/div>\r\n<\/div>\r\n","protected":false},"excerpt":{"rendered":"<p>&nbsp; \u00a0 \u0160tudijn\u00e9 materi\u00e1ly \u0160abl\u00f3na SSIEE: stiahnete kliknut\u00edm na odkaz Okruhy ot\u00e1zok\u00a0 pre \u0161t\u00e1tne z\u00e1vere\u010dn\u00e9 sk\u00fa\u0161ky v in\u017einierskom stupni \u0161t\u00fadia \u0161tudijn\u00e9ho programu Priemyseln\u00e1 elektrotechnika. Spolo\u010dnos\u0165 BSH Michalovce pon\u00faka t\u00e9my pre bakal\u00e1rske a diplomov\u00e9 pr\u00e1ce.\u00a0 Zoznam t\u00e9m\u00a0n\u00e1jdete kliknut\u00edm na\u00a0odkaz &nbsp; Konzulta\u010dn\u00e9 hodiny pedag\u00f3gov Konzulta\u010dn\u00e9 hodiny pedagogick\u00fdch pracovn\u00edkov KTPE v ZS \u0161k.&hellip;<\/p>\n","protected":false},"author":1,"featured_media":0,"parent":0,"menu_order":0,"comment_status":"closed","ping_status":"closed","template":"","meta":{"footnotes":""},"class_list":["post-60","page","type-page","status-publish","hentry"],"yoast_head":"<!-- This site is optimized with the Yoast SEO plugin v25.8 - https:\/\/yoast.com\/wordpress\/plugins\/seo\/ -->\n<title>Pre \u0161tudentov - KTPE<\/title>\n<meta name=\"robots\" content=\"index, follow, max-snippet:-1, max-image-preview:large, max-video-preview:-1\" \/>\n<link rel=\"canonical\" href=\"https:\/\/ktpe.website.tuke.sk\/wp\/?page_id=60\" \/>\n<meta property=\"og:locale\" content=\"sk_SK\" \/>\n<meta property=\"og:type\" content=\"article\" \/>\n<meta property=\"og:title\" content=\"Pre \u0161tudentov - KTPE\" \/>\n<meta property=\"og:description\" content=\"&nbsp; \u00a0 \u0160tudijn\u00e9 materi\u00e1ly \u0160abl\u00f3na SSIEE: stiahnete kliknut\u00edm na odkaz Okruhy ot\u00e1zok\u00a0 pre \u0161t\u00e1tne z\u00e1vere\u010dn\u00e9 sk\u00fa\u0161ky v in\u017einierskom stupni \u0161t\u00fadia \u0161tudijn\u00e9ho programu Priemyseln\u00e1 elektrotechnika. Spolo\u010dnos\u0165 BSH Michalovce pon\u00faka t\u00e9my pre bakal\u00e1rske a diplomov\u00e9 pr\u00e1ce.\u00a0 Zoznam t\u00e9m\u00a0n\u00e1jdete kliknut\u00edm na\u00a0odkaz &nbsp; Konzulta\u010dn\u00e9 hodiny pedag\u00f3gov Konzulta\u010dn\u00e9 hodiny pedagogick\u00fdch pracovn\u00edkov KTPE v ZS \u0161k.&hellip;\" \/>\n<meta property=\"og:url\" content=\"https:\/\/ktpe.website.tuke.sk\/wp\/?page_id=60\" \/>\n<meta property=\"og:site_name\" content=\"KTPE\" \/>\n<meta property=\"article:publisher\" content=\"https:\/\/www.facebook.com\/profile.php?id=100087486357227\" \/>\n<meta property=\"article:modified_time\" content=\"2025-02-24T10:27:42+00:00\" \/>\n<meta property=\"og:image\" content=\"https:\/\/ktpe.website.tuke.sk\/wp\/wp-content\/uploads\/2020\/07\/bc.png\" \/>\n\t<meta property=\"og:image:width\" content=\"392\" \/>\n\t<meta property=\"og:image:height\" content=\"332\" \/>\n\t<meta property=\"og:image:type\" content=\"image\/png\" \/>\n<meta name=\"twitter:card\" content=\"summary_large_image\" \/>\n<script type=\"application\/ld+json\" class=\"yoast-schema-graph\">{\"@context\":\"https:\/\/schema.org\",\"@graph\":[{\"@type\":\"WebPage\",\"@id\":\"https:\/\/ktpe.website.tuke.sk\/wp\/?page_id=60\",\"url\":\"https:\/\/ktpe.website.tuke.sk\/wp\/?page_id=60\",\"name\":\"Pre \u0161tudentov - KTPE\",\"isPartOf\":{\"@id\":\"https:\/\/ktpe.website.tuke.sk\/wp\/#website\"},\"primaryImageOfPage\":{\"@id\":\"https:\/\/ktpe.website.tuke.sk\/wp\/?page_id=60#primaryimage\"},\"image\":{\"@id\":\"https:\/\/ktpe.website.tuke.sk\/wp\/?page_id=60#primaryimage\"},\"thumbnailUrl\":\"https:\/\/ktpe.website.tuke.sk\/wp\/wp-content\/uploads\/2020\/07\/bc.png\",\"datePublished\":\"2020-06-11T07:26:35+00:00\",\"dateModified\":\"2025-02-24T10:27:42+00:00\",\"breadcrumb\":{\"@id\":\"https:\/\/ktpe.website.tuke.sk\/wp\/?page_id=60#breadcrumb\"},\"inLanguage\":\"sk-SK\",\"potentialAction\":[{\"@type\":\"ReadAction\",\"target\":[\"https:\/\/ktpe.website.tuke.sk\/wp\/?page_id=60\"]}]},{\"@type\":\"ImageObject\",\"inLanguage\":\"sk-SK\",\"@id\":\"https:\/\/ktpe.website.tuke.sk\/wp\/?page_id=60#primaryimage\",\"url\":\"https:\/\/ktpe.website.tuke.sk\/wp\/wp-content\/uploads\/2020\/07\/bc.png\",\"contentUrl\":\"https:\/\/ktpe.website.tuke.sk\/wp\/wp-content\/uploads\/2020\/07\/bc.png\",\"width\":392,\"height\":332},{\"@type\":\"BreadcrumbList\",\"@id\":\"https:\/\/ktpe.website.tuke.sk\/wp\/?page_id=60#breadcrumb\",\"itemListElement\":[{\"@type\":\"ListItem\",\"position\":1,\"name\":\"Domovsk\u00e1 str\u00e1nka\",\"item\":\"https:\/\/ktpe.website.tuke.sk\/wp\/\"},{\"@type\":\"ListItem\",\"position\":2,\"name\":\"Pre \u0161tudentov\"}]},{\"@type\":\"WebSite\",\"@id\":\"https:\/\/ktpe.website.tuke.sk\/wp\/#website\",\"url\":\"https:\/\/ktpe.website.tuke.sk\/wp\/\",\"name\":\"KTPE\",\"description\":\"Katedra teoretickej a priemyselnej elektrotechniky\",\"publisher\":{\"@id\":\"https:\/\/ktpe.website.tuke.sk\/wp\/#organization\"},\"potentialAction\":[{\"@type\":\"SearchAction\",\"target\":{\"@type\":\"EntryPoint\",\"urlTemplate\":\"https:\/\/ktpe.website.tuke.sk\/wp\/?s={search_term_string}\"},\"query-input\":{\"@type\":\"PropertyValueSpecification\",\"valueRequired\":true,\"valueName\":\"search_term_string\"}}],\"inLanguage\":\"sk-SK\"},{\"@type\":\"Organization\",\"@id\":\"https:\/\/ktpe.website.tuke.sk\/wp\/#organization\",\"name\":\"KTPE FEI TUKE\",\"url\":\"https:\/\/ktpe.website.tuke.sk\/wp\/\",\"logo\":{\"@type\":\"ImageObject\",\"inLanguage\":\"sk-SK\",\"@id\":\"https:\/\/ktpe.website.tuke.sk\/wp\/#\/schema\/logo\/image\/\",\"url\":\"https:\/\/ktpe.website.tuke.sk\/wp\/wp-content\/uploads\/2020\/08\/KTPE-LOGO-V10-zlte.png\",\"contentUrl\":\"https:\/\/ktpe.website.tuke.sk\/wp\/wp-content\/uploads\/2020\/08\/KTPE-LOGO-V10-zlte.png\",\"width\":986,\"height\":295,\"caption\":\"KTPE FEI TUKE\"},\"image\":{\"@id\":\"https:\/\/ktpe.website.tuke.sk\/wp\/#\/schema\/logo\/image\/\"},\"sameAs\":[\"https:\/\/www.facebook.com\/profile.php?id=100087486357227\",\"https:\/\/www.instagram.com\/ktpe.tuke\/\",\"https:\/\/www.youtube.com\/channel\/UCxUc9Sxp-8dXz_tAlZtxUGw\"]}]}<\/script>\n<!-- \/ Yoast SEO plugin. -->","yoast_head_json":{"title":"Pre \u0161tudentov - KTPE","robots":{"index":"index","follow":"follow","max-snippet":"max-snippet:-1","max-image-preview":"max-image-preview:large","max-video-preview":"max-video-preview:-1"},"canonical":"https:\/\/ktpe.website.tuke.sk\/wp\/?page_id=60","og_locale":"sk_SK","og_type":"article","og_title":"Pre \u0161tudentov - KTPE","og_description":"&nbsp; \u00a0 \u0160tudijn\u00e9 materi\u00e1ly \u0160abl\u00f3na SSIEE: stiahnete kliknut\u00edm na odkaz Okruhy ot\u00e1zok\u00a0 pre \u0161t\u00e1tne z\u00e1vere\u010dn\u00e9 sk\u00fa\u0161ky v in\u017einierskom stupni \u0161t\u00fadia \u0161tudijn\u00e9ho programu Priemyseln\u00e1 elektrotechnika. Spolo\u010dnos\u0165 BSH Michalovce pon\u00faka t\u00e9my pre bakal\u00e1rske a diplomov\u00e9 pr\u00e1ce.\u00a0 Zoznam t\u00e9m\u00a0n\u00e1jdete kliknut\u00edm na\u00a0odkaz &nbsp; Konzulta\u010dn\u00e9 hodiny pedag\u00f3gov Konzulta\u010dn\u00e9 hodiny pedagogick\u00fdch pracovn\u00edkov KTPE v ZS \u0161k.&hellip;","og_url":"https:\/\/ktpe.website.tuke.sk\/wp\/?page_id=60","og_site_name":"KTPE","article_publisher":"https:\/\/www.facebook.com\/profile.php?id=100087486357227","article_modified_time":"2025-02-24T10:27:42+00:00","og_image":[{"width":392,"height":332,"url":"https:\/\/ktpe.website.tuke.sk\/wp\/wp-content\/uploads\/2020\/07\/bc.png","type":"image\/png"}],"twitter_card":"summary_large_image","schema":{"@context":"https:\/\/schema.org","@graph":[{"@type":"WebPage","@id":"https:\/\/ktpe.website.tuke.sk\/wp\/?page_id=60","url":"https:\/\/ktpe.website.tuke.sk\/wp\/?page_id=60","name":"Pre \u0161tudentov - KTPE","isPartOf":{"@id":"https:\/\/ktpe.website.tuke.sk\/wp\/#website"},"primaryImageOfPage":{"@id":"https:\/\/ktpe.website.tuke.sk\/wp\/?page_id=60#primaryimage"},"image":{"@id":"https:\/\/ktpe.website.tuke.sk\/wp\/?page_id=60#primaryimage"},"thumbnailUrl":"https:\/\/ktpe.website.tuke.sk\/wp\/wp-content\/uploads\/2020\/07\/bc.png","datePublished":"2020-06-11T07:26:35+00:00","dateModified":"2025-02-24T10:27:42+00:00","breadcrumb":{"@id":"https:\/\/ktpe.website.tuke.sk\/wp\/?page_id=60#breadcrumb"},"inLanguage":"sk-SK","potentialAction":[{"@type":"ReadAction","target":["https:\/\/ktpe.website.tuke.sk\/wp\/?page_id=60"]}]},{"@type":"ImageObject","inLanguage":"sk-SK","@id":"https:\/\/ktpe.website.tuke.sk\/wp\/?page_id=60#primaryimage","url":"https:\/\/ktpe.website.tuke.sk\/wp\/wp-content\/uploads\/2020\/07\/bc.png","contentUrl":"https:\/\/ktpe.website.tuke.sk\/wp\/wp-content\/uploads\/2020\/07\/bc.png","width":392,"height":332},{"@type":"BreadcrumbList","@id":"https:\/\/ktpe.website.tuke.sk\/wp\/?page_id=60#breadcrumb","itemListElement":[{"@type":"ListItem","position":1,"name":"Domovsk\u00e1 str\u00e1nka","item":"https:\/\/ktpe.website.tuke.sk\/wp\/"},{"@type":"ListItem","position":2,"name":"Pre \u0161tudentov"}]},{"@type":"WebSite","@id":"https:\/\/ktpe.website.tuke.sk\/wp\/#website","url":"https:\/\/ktpe.website.tuke.sk\/wp\/","name":"KTPE","description":"Katedra teoretickej a priemyselnej elektrotechniky","publisher":{"@id":"https:\/\/ktpe.website.tuke.sk\/wp\/#organization"},"potentialAction":[{"@type":"SearchAction","target":{"@type":"EntryPoint","urlTemplate":"https:\/\/ktpe.website.tuke.sk\/wp\/?s={search_term_string}"},"query-input":{"@type":"PropertyValueSpecification","valueRequired":true,"valueName":"search_term_string"}}],"inLanguage":"sk-SK"},{"@type":"Organization","@id":"https:\/\/ktpe.website.tuke.sk\/wp\/#organization","name":"KTPE FEI TUKE","url":"https:\/\/ktpe.website.tuke.sk\/wp\/","logo":{"@type":"ImageObject","inLanguage":"sk-SK","@id":"https:\/\/ktpe.website.tuke.sk\/wp\/#\/schema\/logo\/image\/","url":"https:\/\/ktpe.website.tuke.sk\/wp\/wp-content\/uploads\/2020\/08\/KTPE-LOGO-V10-zlte.png","contentUrl":"https:\/\/ktpe.website.tuke.sk\/wp\/wp-content\/uploads\/2020\/08\/KTPE-LOGO-V10-zlte.png","width":986,"height":295,"caption":"KTPE FEI TUKE"},"image":{"@id":"https:\/\/ktpe.website.tuke.sk\/wp\/#\/schema\/logo\/image\/"},"sameAs":["https:\/\/www.facebook.com\/profile.php?id=100087486357227","https:\/\/www.instagram.com\/ktpe.tuke\/","https:\/\/www.youtube.com\/channel\/UCxUc9Sxp-8dXz_tAlZtxUGw"]}]}},"_links":{"self":[{"href":"https:\/\/ktpe.website.tuke.sk\/wp\/index.php?rest_route=\/wp\/v2\/pages\/60","targetHints":{"allow":["GET"]}}],"collection":[{"href":"https:\/\/ktpe.website.tuke.sk\/wp\/index.php?rest_route=\/wp\/v2\/pages"}],"about":[{"href":"https:\/\/ktpe.website.tuke.sk\/wp\/index.php?rest_route=\/wp\/v2\/types\/page"}],"author":[{"embeddable":true,"href":"https:\/\/ktpe.website.tuke.sk\/wp\/index.php?rest_route=\/wp\/v2\/users\/1"}],"replies":[{"embeddable":true,"href":"https:\/\/ktpe.website.tuke.sk\/wp\/index.php?rest_route=%2Fwp%2Fv2%2Fcomments&post=60"}],"version-history":[{"count":41,"href":"https:\/\/ktpe.website.tuke.sk\/wp\/index.php?rest_route=\/wp\/v2\/pages\/60\/revisions"}],"predecessor-version":[{"id":861,"href":"https:\/\/ktpe.website.tuke.sk\/wp\/index.php?rest_route=\/wp\/v2\/pages\/60\/revisions\/861"}],"wp:attachment":[{"href":"https:\/\/ktpe.website.tuke.sk\/wp\/index.php?rest_route=%2Fwp%2Fv2%2Fmedia&parent=60"}],"curies":[{"name":"wp","href":"https:\/\/api.w.org\/{rel}","templated":true}]}}