{"id":57,"date":"2020-06-11T09:26:29","date_gmt":"2020-06-11T07:26:29","guid":{"rendered":"http:\/\/ktpe.fei.tuke.sk\/jacko\/wp-edu\/?page_id=57"},"modified":"2022-11-24T21:17:54","modified_gmt":"2022-11-24T20:17:54","slug":"ocenenia-studentov","status":"publish","type":"page","link":"https:\/\/ktpe.website.tuke.sk\/wp\/?page_id=57","title":{"rendered":"Ocenenia \u0161tudentov"},"content":{"rendered":"\n<ul class=\"wp-block-list\"><li><strong>Luk\u00e1\u0161 Liz\u00e1k (2021\/2022)<\/strong><ul><li>individu\u00e1lne v\u00ed\u0165azstv\u00e1 v bowlingu:<ul><li> 2.miesto <a aria-label=\"undefined (otv\u00e1ra sa na novej karte)\" href=\"https:\/\/www.slovakbowling.sk\/majstrovstva-sr-dvojic-2021-2022\/\" target=\"_blank\" rel=\"noreferrer noopener\">Majstrovstv\u00e1 Slovenska dvoj\u00edc v kateg\u00f3ri\u00ed mix 2021\/2022<\/a><\/li><li>1.miesto\u00a0 <a href=\"https:\/\/www.slovakbowling.sk\/vysledky-obmj-sr-2021-2022-kosice\/\">Oblastn\u00e9 Majstrovstv\u00e1 Slovenska 2021\/2022<\/a><\/li><li>3.miesto <a href=\"https:\/\/www.slovakbowling.sk\/majstrom-sr-jednotlivcov-v-kategorii-muzi-sa-pre-rok-2022-stal-daniel-janos\/\">Majstrovstv\u00e1 Slovenska mu\u017eov 2022<\/a><\/li><li>1.miesto Medzin\u00e1rodn\u00fd turnaj s n\u00e1zvom <a href=\"https:\/\/letny-tatransky-pohar.webnode.sk\/l\/vitazom-ltp-2022-lukas-lizak\/\">Letn\u00fd tatransk\u00fd poh\u00e1r 2022<\/a><\/li><\/ul><\/li><li>kolekt\u00edvne \u00faspechy (\u010dlen \u00faspe\u0161n\u00e9ho kolekt\u00edvu)<ul><li> na 2.mieste na <a href=\"https:\/\/yzone.sk\/tournaments\/331\">Univerzitn\u00fdch Majstrovstv\u00e1ch Slovenska v po\u010d\u00edta\u010dovej hre League of Legends<\/a> s t\u00edmom s n\u00e1zvom Esport TUKE <\/li><\/ul><\/li><\/ul><\/li><\/ul>\n\n\n\n<ul class=\"wp-block-list\"><li><strong>Tom\u00e1\u0161 L\u00f6rinc (2018)<\/strong><ul><li> Spoluautor v\u00ed\u0165azn\u00e9ho projektu podujatia&nbsp;<a rel=\"noreferrer noopener\" href=\"https:\/\/myt-systems.sk\/it-innovation-bootcamp-2018-je-za-nami\/\" target=\"_blank\">IT Innovation Bootcamp 2018<\/a> <\/li><\/ul><\/li><\/ul>\n\n\n\n<ul class=\"wp-block-list\"><li><strong>\u013dubom\u00edr \u0160ogani\u010d (2017)<\/strong><ul><li> V\u00fdherca s\u00fa\u0165a\u017ee firmy SCA v identifik\u00e1cii poruchy na v\u00fdrobnej linke, ktor\u00e1 sa konala 14.3.2017 na TU Ko\u0161ice v r\u00e1mci D\u0148a pr\u00edle\u017eitost\u00ed <\/li><\/ul><\/li><\/ul>\n\n\n\n<ul class=\"wp-block-list\"><li><strong>\u013dubo\u0161 Straka (2016)<\/strong><ul><li>Absolvovanie certifikovanej letnej st\u00e1\u017ee v U. S. Steel Ko\u0161ice , 2016 <\/li><\/ul><\/li><\/ul>\n\n\n\n<ul class=\"wp-block-list\"><li><strong>Slavom\u00edr \u0160imko, Filip V\u00fdrostko (2015)<\/strong><ul><li> 3. miesto v s\u00fa\u0165a\u017ei EBEC Ko\u0161ice 2015  <\/li><\/ul><\/li><\/ul>\n\n\n\n<ul class=\"wp-block-list\"><li><strong>Ing. J\u00e1n Perdu\u013eak (2013)<\/strong><ul><li> V\u00fdrazn\u00e9 ocenenie komisie mlad\u00fdch expertov, OWD 2013, Wisla <\/li><\/ul><\/li><\/ul>\n\n\n\n<ul class=\"wp-block-list\"><li><strong>Matej Bere\u0161 (2013)<\/strong><ul><li> 1. miesto v s\u00fa\u0165a\u017ei EBEC Ko\u0161ice 2013 <\/li><li> 2. miesto v s\u00fa\u0165a\u017e EBEC Central 2013 &#8211; Team Design  <\/li><\/ul><\/li><\/ul>\n\n\n\n<ul class=\"wp-block-list\"><li><strong>Slavom\u00edr \u0160imko (2013)<\/strong><ul><li> 2. miesto v s\u00fa\u0165a\u017ei&nbsp;<a rel=\"noreferrer noopener\" href=\"http:\/\/ebeckosice.travellino.eu\/ebeckosice2013\/\" target=\"_blank\">EBEC Ko\u0161ice 2013<\/a>  <\/li><\/ul><\/li><\/ul>\n\n\n\n<ul class=\"wp-block-list\"><li><strong>Ing. J\u00e1n Perdu\u013eak (2012)<\/strong><ul><li> 2. cena rektora za najlep\u0161\u00ed poster SCYR 2012, Her\u013eany  <\/li><\/ul><\/li><\/ul>\n\n\n\n<ul class=\"wp-block-list\"><li><strong>Ing. Martin Ba\u010dko(2011)<\/strong><ul><li> ocenenie za \u00faspe\u0161n\u00fa prezent\u00e1ciu na konferencii PEES 2011, Kremen\u010duk, Ukrajina  <\/li><\/ul><\/li><\/ul>\n\n\n\n<ul class=\"wp-block-list\"><li><strong>Ing. Martin Ba\u010dko (2010)<\/strong><ul><li> ocenenie za \u00faspe\u0161n\u00fa prezent\u00e1ciu na konferencii Elitech 2010, Bratislava <\/li><\/ul><\/li><\/ul>\n","protected":false},"excerpt":{"rendered":"<p>Luk\u00e1\u0161 Liz\u00e1k (2021\/2022) individu\u00e1lne v\u00ed\u0165azstv\u00e1 v bowlingu: 2.miesto Majstrovstv\u00e1 Slovenska dvoj\u00edc v kateg\u00f3ri\u00ed mix 2021\/2022 1.miesto\u00a0 Oblastn\u00e9 Majstrovstv\u00e1 Slovenska 2021\/2022 3.miesto Majstrovstv\u00e1 Slovenska mu\u017eov 2022 1.miesto Medzin\u00e1rodn\u00fd turnaj s n\u00e1zvom Letn\u00fd tatransk\u00fd poh\u00e1r 2022 kolekt\u00edvne \u00faspechy (\u010dlen \u00faspe\u0161n\u00e9ho kolekt\u00edvu) na 2.mieste na Univerzitn\u00fdch Majstrovstv\u00e1ch Slovenska v po\u010d\u00edta\u010dovej hre League of&hellip;<\/p>\n","protected":false},"author":1,"featured_media":0,"parent":0,"menu_order":0,"comment_status":"closed","ping_status":"closed","template":"","meta":{"footnotes":""},"class_list":["post-57","page","type-page","status-publish","hentry"],"yoast_head":"<!-- This site is optimized with the Yoast SEO plugin v25.8 - https:\/\/yoast.com\/wordpress\/plugins\/seo\/ -->\n<title>Ocenenia \u0161tudentov - KTPE<\/title>\n<meta name=\"robots\" content=\"index, follow, max-snippet:-1, max-image-preview:large, max-video-preview:-1\" \/>\n<link rel=\"canonical\" href=\"https:\/\/ktpe.website.tuke.sk\/wp\/?page_id=57\" \/>\n<meta property=\"og:locale\" content=\"sk_SK\" \/>\n<meta property=\"og:type\" content=\"article\" \/>\n<meta property=\"og:title\" content=\"Ocenenia \u0161tudentov - KTPE\" \/>\n<meta property=\"og:description\" content=\"Luk\u00e1\u0161 Liz\u00e1k (2021\/2022) individu\u00e1lne v\u00ed\u0165azstv\u00e1 v bowlingu: 2.miesto Majstrovstv\u00e1 Slovenska dvoj\u00edc v kateg\u00f3ri\u00ed mix 2021\/2022 1.miesto\u00a0 Oblastn\u00e9 Majstrovstv\u00e1 Slovenska 2021\/2022 3.miesto Majstrovstv\u00e1 Slovenska mu\u017eov 2022 1.miesto Medzin\u00e1rodn\u00fd turnaj s n\u00e1zvom Letn\u00fd tatransk\u00fd poh\u00e1r 2022 kolekt\u00edvne \u00faspechy (\u010dlen \u00faspe\u0161n\u00e9ho kolekt\u00edvu) na 2.mieste na Univerzitn\u00fdch Majstrovstv\u00e1ch Slovenska v po\u010d\u00edta\u010dovej hre League of&hellip;\" \/>\n<meta property=\"og:url\" content=\"https:\/\/ktpe.website.tuke.sk\/wp\/?page_id=57\" \/>\n<meta property=\"og:site_name\" content=\"KTPE\" \/>\n<meta property=\"article:publisher\" content=\"https:\/\/www.facebook.com\/profile.php?id=100087486357227\" \/>\n<meta property=\"article:modified_time\" content=\"2022-11-24T20:17:54+00:00\" \/>\n<meta name=\"twitter:card\" content=\"summary_large_image\" \/>\n<meta name=\"twitter:label1\" content=\"Predpokladan\u00fd \u010das \u010d\u00edtania\" \/>\n\t<meta name=\"twitter:data1\" content=\"1 min\u00fata\" \/>\n<script type=\"application\/ld+json\" class=\"yoast-schema-graph\">{\"@context\":\"https:\/\/schema.org\",\"@graph\":[{\"@type\":\"WebPage\",\"@id\":\"https:\/\/ktpe.website.tuke.sk\/wp\/?page_id=57\",\"url\":\"https:\/\/ktpe.website.tuke.sk\/wp\/?page_id=57\",\"name\":\"Ocenenia \u0161tudentov - KTPE\",\"isPartOf\":{\"@id\":\"https:\/\/ktpe.website.tuke.sk\/wp\/#website\"},\"datePublished\":\"2020-06-11T07:26:29+00:00\",\"dateModified\":\"2022-11-24T20:17:54+00:00\",\"breadcrumb\":{\"@id\":\"https:\/\/ktpe.website.tuke.sk\/wp\/?page_id=57#breadcrumb\"},\"inLanguage\":\"sk-SK\",\"potentialAction\":[{\"@type\":\"ReadAction\",\"target\":[\"https:\/\/ktpe.website.tuke.sk\/wp\/?page_id=57\"]}]},{\"@type\":\"BreadcrumbList\",\"@id\":\"https:\/\/ktpe.website.tuke.sk\/wp\/?page_id=57#breadcrumb\",\"itemListElement\":[{\"@type\":\"ListItem\",\"position\":1,\"name\":\"Domovsk\u00e1 str\u00e1nka\",\"item\":\"https:\/\/ktpe.website.tuke.sk\/wp\/\"},{\"@type\":\"ListItem\",\"position\":2,\"name\":\"Ocenenia \u0161tudentov\"}]},{\"@type\":\"WebSite\",\"@id\":\"https:\/\/ktpe.website.tuke.sk\/wp\/#website\",\"url\":\"https:\/\/ktpe.website.tuke.sk\/wp\/\",\"name\":\"KTPE\",\"description\":\"Katedra teoretickej a priemyselnej elektrotechniky\",\"publisher\":{\"@id\":\"https:\/\/ktpe.website.tuke.sk\/wp\/#organization\"},\"potentialAction\":[{\"@type\":\"SearchAction\",\"target\":{\"@type\":\"EntryPoint\",\"urlTemplate\":\"https:\/\/ktpe.website.tuke.sk\/wp\/?s={search_term_string}\"},\"query-input\":{\"@type\":\"PropertyValueSpecification\",\"valueRequired\":true,\"valueName\":\"search_term_string\"}}],\"inLanguage\":\"sk-SK\"},{\"@type\":\"Organization\",\"@id\":\"https:\/\/ktpe.website.tuke.sk\/wp\/#organization\",\"name\":\"KTPE FEI TUKE\",\"url\":\"https:\/\/ktpe.website.tuke.sk\/wp\/\",\"logo\":{\"@type\":\"ImageObject\",\"inLanguage\":\"sk-SK\",\"@id\":\"https:\/\/ktpe.website.tuke.sk\/wp\/#\/schema\/logo\/image\/\",\"url\":\"https:\/\/ktpe.website.tuke.sk\/wp\/wp-content\/uploads\/2020\/08\/KTPE-LOGO-V10-zlte.png\",\"contentUrl\":\"https:\/\/ktpe.website.tuke.sk\/wp\/wp-content\/uploads\/2020\/08\/KTPE-LOGO-V10-zlte.png\",\"width\":986,\"height\":295,\"caption\":\"KTPE FEI TUKE\"},\"image\":{\"@id\":\"https:\/\/ktpe.website.tuke.sk\/wp\/#\/schema\/logo\/image\/\"},\"sameAs\":[\"https:\/\/www.facebook.com\/profile.php?id=100087486357227\",\"https:\/\/www.instagram.com\/ktpe.tuke\/\",\"https:\/\/www.youtube.com\/channel\/UCxUc9Sxp-8dXz_tAlZtxUGw\"]}]}<\/script>\n<!-- \/ Yoast SEO plugin. -->","yoast_head_json":{"title":"Ocenenia \u0161tudentov - KTPE","robots":{"index":"index","follow":"follow","max-snippet":"max-snippet:-1","max-image-preview":"max-image-preview:large","max-video-preview":"max-video-preview:-1"},"canonical":"https:\/\/ktpe.website.tuke.sk\/wp\/?page_id=57","og_locale":"sk_SK","og_type":"article","og_title":"Ocenenia \u0161tudentov - KTPE","og_description":"Luk\u00e1\u0161 Liz\u00e1k (2021\/2022) individu\u00e1lne v\u00ed\u0165azstv\u00e1 v bowlingu: 2.miesto Majstrovstv\u00e1 Slovenska dvoj\u00edc v kateg\u00f3ri\u00ed mix 2021\/2022 1.miesto\u00a0 Oblastn\u00e9 Majstrovstv\u00e1 Slovenska 2021\/2022 3.miesto Majstrovstv\u00e1 Slovenska mu\u017eov 2022 1.miesto Medzin\u00e1rodn\u00fd turnaj s n\u00e1zvom Letn\u00fd tatransk\u00fd poh\u00e1r 2022 kolekt\u00edvne \u00faspechy (\u010dlen \u00faspe\u0161n\u00e9ho kolekt\u00edvu) na 2.mieste na Univerzitn\u00fdch Majstrovstv\u00e1ch Slovenska v po\u010d\u00edta\u010dovej hre League of&hellip;","og_url":"https:\/\/ktpe.website.tuke.sk\/wp\/?page_id=57","og_site_name":"KTPE","article_publisher":"https:\/\/www.facebook.com\/profile.php?id=100087486357227","article_modified_time":"2022-11-24T20:17:54+00:00","twitter_card":"summary_large_image","twitter_misc":{"Predpokladan\u00fd \u010das \u010d\u00edtania":"1 min\u00fata"},"schema":{"@context":"https:\/\/schema.org","@graph":[{"@type":"WebPage","@id":"https:\/\/ktpe.website.tuke.sk\/wp\/?page_id=57","url":"https:\/\/ktpe.website.tuke.sk\/wp\/?page_id=57","name":"Ocenenia \u0161tudentov - KTPE","isPartOf":{"@id":"https:\/\/ktpe.website.tuke.sk\/wp\/#website"},"datePublished":"2020-06-11T07:26:29+00:00","dateModified":"2022-11-24T20:17:54+00:00","breadcrumb":{"@id":"https:\/\/ktpe.website.tuke.sk\/wp\/?page_id=57#breadcrumb"},"inLanguage":"sk-SK","potentialAction":[{"@type":"ReadAction","target":["https:\/\/ktpe.website.tuke.sk\/wp\/?page_id=57"]}]},{"@type":"BreadcrumbList","@id":"https:\/\/ktpe.website.tuke.sk\/wp\/?page_id=57#breadcrumb","itemListElement":[{"@type":"ListItem","position":1,"name":"Domovsk\u00e1 str\u00e1nka","item":"https:\/\/ktpe.website.tuke.sk\/wp\/"},{"@type":"ListItem","position":2,"name":"Ocenenia \u0161tudentov"}]},{"@type":"WebSite","@id":"https:\/\/ktpe.website.tuke.sk\/wp\/#website","url":"https:\/\/ktpe.website.tuke.sk\/wp\/","name":"KTPE","description":"Katedra teoretickej a priemyselnej elektrotechniky","publisher":{"@id":"https:\/\/ktpe.website.tuke.sk\/wp\/#organization"},"potentialAction":[{"@type":"SearchAction","target":{"@type":"EntryPoint","urlTemplate":"https:\/\/ktpe.website.tuke.sk\/wp\/?s={search_term_string}"},"query-input":{"@type":"PropertyValueSpecification","valueRequired":true,"valueName":"search_term_string"}}],"inLanguage":"sk-SK"},{"@type":"Organization","@id":"https:\/\/ktpe.website.tuke.sk\/wp\/#organization","name":"KTPE FEI TUKE","url":"https:\/\/ktpe.website.tuke.sk\/wp\/","logo":{"@type":"ImageObject","inLanguage":"sk-SK","@id":"https:\/\/ktpe.website.tuke.sk\/wp\/#\/schema\/logo\/image\/","url":"https:\/\/ktpe.website.tuke.sk\/wp\/wp-content\/uploads\/2020\/08\/KTPE-LOGO-V10-zlte.png","contentUrl":"https:\/\/ktpe.website.tuke.sk\/wp\/wp-content\/uploads\/2020\/08\/KTPE-LOGO-V10-zlte.png","width":986,"height":295,"caption":"KTPE FEI TUKE"},"image":{"@id":"https:\/\/ktpe.website.tuke.sk\/wp\/#\/schema\/logo\/image\/"},"sameAs":["https:\/\/www.facebook.com\/profile.php?id=100087486357227","https:\/\/www.instagram.com\/ktpe.tuke\/","https:\/\/www.youtube.com\/channel\/UCxUc9Sxp-8dXz_tAlZtxUGw"]}]}},"_links":{"self":[{"href":"https:\/\/ktpe.website.tuke.sk\/wp\/index.php?rest_route=\/wp\/v2\/pages\/57","targetHints":{"allow":["GET"]}}],"collection":[{"href":"https:\/\/ktpe.website.tuke.sk\/wp\/index.php?rest_route=\/wp\/v2\/pages"}],"about":[{"href":"https:\/\/ktpe.website.tuke.sk\/wp\/index.php?rest_route=\/wp\/v2\/types\/page"}],"author":[{"embeddable":true,"href":"https:\/\/ktpe.website.tuke.sk\/wp\/index.php?rest_route=\/wp\/v2\/users\/1"}],"replies":[{"embeddable":true,"href":"https:\/\/ktpe.website.tuke.sk\/wp\/index.php?rest_route=%2Fwp%2Fv2%2Fcomments&post=57"}],"version-history":[{"count":12,"href":"https:\/\/ktpe.website.tuke.sk\/wp\/index.php?rest_route=\/wp\/v2\/pages\/57\/revisions"}],"predecessor-version":[{"id":778,"href":"https:\/\/ktpe.website.tuke.sk\/wp\/index.php?rest_route=\/wp\/v2\/pages\/57\/revisions\/778"}],"wp:attachment":[{"href":"https:\/\/ktpe.website.tuke.sk\/wp\/index.php?rest_route=%2Fwp%2Fv2%2Fmedia&parent=57"}],"curies":[{"name":"wp","href":"https:\/\/api.w.org\/{rel}","templated":true}]}}