{"id":556,"date":"2020-07-30T10:13:06","date_gmt":"2020-07-30T08:13:06","guid":{"rendered":"https:\/\/ktpe.website.tuke.sk\/wp\/?page_id=556"},"modified":"2020-07-30T10:13:08","modified_gmt":"2020-07-30T08:13:08","slug":"projekty-domace","status":"publish","type":"page","link":"https:\/\/ktpe.website.tuke.sk\/wp\/?page_id=556","title":{"rendered":"Projekty &#8211; dom\u00e1ce"},"content":{"rendered":"\n<p><strong>rok 2002<\/strong><\/p>\n\n\n\n<ul class=\"wp-block-list\"><li>Projekt VEGA \u010d.1\/7610\/02: Elektrick\u00e9 a magnetick\u00e9 vlastnosti Lanthanoidov a ich tenk\u00fdch vrstiev pri n\u00edzkych teplot\u00e1ch v stacion\u00e1rnych elektrick\u00fdch, magnetick\u00fdch a tepeln\u00fdch poliach. Zodpovedn\u00fd rie\u0161ite\u013e: doc. Ing. J\u00e1n Dud\u00e1\u0161, DrSc.<\/li><li>Projekt VEGA \u010d.1\/8129\/01: Elastomagnetick\u00fd jav v pevn\u00fdch feromagnetik\u00e1ch a mo\u017enos\u0165 jeho vyu\u017eitia. Zodpovedn\u00fd rie\u0161ite\u013e: doc. Ing. Miroslav Moj\u017ei\u0161, CSc.<\/li><li>In\u0161titucion\u00e1lny projekt FEI \u010d.4401\/00: Optimaliz\u00e1cia pracovn\u00fdch a metrologick\u00fdch vlastnost\u00ed eleastomagnetick\u00e9ho sn\u00edma\u010da sily. Zodpovedn\u00fd rie\u0161ite\u013e: doc. Ing. Miroslav Moj\u017ei\u0161, CSc.\u00a0<\/li><\/ul>\n\n\n\n<p><strong>rok 2003<\/strong><\/p>\n\n\n\n<ul class=\"wp-block-list\"><li>Projekt VEGA \u010d.1\/0163\/03: Elektromagnetick\u00e9 vlastnosti prechodn\u00fdch kovov a\u00a0ich tenk\u00fdch vrstiev pri n\u00edzkych teplot\u00e1ch v stacion\u00e1rnych\u00a0magnetick\u00fdch poliach. Zodpovedn\u00fd rie\u0161ite\u013e: doc. Ing. J\u00e1n Dud\u00e1\u0161, DrSc.<\/li><li>Projekt VEGA \u010d.1\/8129\/01: Elastomagnetick\u00fd jav v pevn\u00fdch feromagnetik\u00e1ch a mo\u017enos\u0165 jeho vyu\u017eitia. Zodpovedn\u00fd rie\u0161ite\u013e: doc. Ing. Miroslav Moj\u017ei\u0161, CSc.<\/li><li>Projekt VEGA \u010d.1\/0176\/03: Elektromagnetick\u00e1 kompatibilita v\u00fdkonov\u00fdch polovodi\u010dov\u00fdch meni\u010dov. Z\u00e1stupca zodpovedn\u00e9ho rie\u0161ite\u013ea: prof. Ing. Dobroslav Kov\u00e1\u010d, CSc.<\/li><li>In\u0161titucion\u00e1lny projekt FEI \u010d.4435\/03: N\u00e1vrh a realiz\u00e1cia sn\u00edma\u010da kr\u00fatiaceho momentu a meracej aparat\u00fary. Zodpovedn\u00fd rie\u0161ite\u013e: doc. Ing. Miroslav Moj\u017ei\u0161, CSc.\u00a0<\/li><li>In\u0161titucion\u00e1lny projekt FEI \u010d.4433\/03: Modern\u00e9 meracie syst\u00e9my. Zodpovedn\u00fd rie\u0161ite\u013e: prof. Ing. Dobroslav Kov\u00e1\u010d, CSc.<\/li><li>In\u0161titucion\u00e1lny projekt FEI \u010d.4425\/03: Plan\u00e1rne mikrovlnn\u00e9 \u0161trukt\u00fary a meranie elektromagnetick\u00fdch pol\u00ed. Zodpovedn\u00fd rie\u0161ite\u013e: doc. Ing. Anton Fen\u00edk, CSc.\u00a0\u00a0<\/li><\/ul>\n\n\n\n<p><strong>rok 2004<\/strong><\/p>\n\n\n\n<ul class=\"wp-block-list\"><li>Projekt VEGA \u010d.1\/0163\/03: Elektromagnetick\u00e9 vlastnosti prechodn\u00fdch kovov a\u00a0ich tenk\u00fdch vrstiev pri n\u00edzkych teplot\u00e1ch v stacion\u00e1rnych\u00a0magnetick\u00fdch poliach. Zodpovedn\u00fd rie\u0161ite\u013e: doc. Ing. J\u00e1n Dud\u00e1\u0161, DrSc.<\/li><li>Projekt VEGA \u010d.1\/0176\/03: Elektromagnetick\u00e1 kompatibilita v\u00fdkonov\u00fdch polovodi\u010dov\u00fdch meni\u010dov. Z\u00e1stupca zodpovedn\u00e9ho rie\u0161ite\u013ea: prof. Ing. Dobroslav Kov\u00e1\u010d, CSc.<\/li><li>In\u0161titucion\u00e1lny projekt FEI \u010d.4435\/03: N\u00e1vrh a realiz\u00e1cia sn\u00edma\u010da kr\u00fatiaceho momentu a meracej aparat\u00fary. Zodpovedn\u00fd rie\u0161ite\u013e: doc. Ing. Miroslav Moj\u017ei\u0161, CSc.\u00a0<\/li><li>In\u0161titucion\u00e1lny projekt FEI \u010d.4433\/03: Modern\u00e9 meracie syst\u00e9my. Zodpovedn\u00fd rie\u0161ite\u013e: prof. Ing. Dobroslav Kov\u00e1\u010d, CSc.<\/li><li>In\u0161titucion\u00e1lny projekt FEI \u010d.4425\/03: Plan\u00e1rne mikrovlnn\u00e9 \u0161trukt\u00fary a meranie elektromagnetick\u00fdch pol\u00ed. Zodpovedn\u00fd rie\u0161ite\u013e: doc. Ing. Anton Fen\u00edk, CSc.\u00a0\u00a0<\/li><\/ul>\n\n\n\n<p><strong>rok 2005<\/strong><\/p>\n\n\n\n<ul class=\"wp-block-list\"><li>Projekt VEGA \u010d.1\/0163\/03: Elektromagnetick\u00e9 vlastnosti prechodn\u00fdch kovov a\u00a0ich tenk\u00fdch vrstiev pri n\u00edzkych teplot\u00e1ch v stacion\u00e1rnych\u00a0magnetick\u00fdch poliach. Zodpovedn\u00fd rie\u0161ite\u013e: doc. Ing. J\u00e1n Dud\u00e1\u0161, DrSc.<\/li><li>Projekt VEGA \u010d. 2\/5135\/05: Exog\u00e9nne rizikov\u00e9 faktory neurodegener\u00e1cie: Morfologick\u00e1 a funkcion\u00e1lna \u0161t\u00fadia vplyvu alkoholu a elektromagnetickej radi\u00e1cie na potkany. Zodpovedn\u00fd rie\u0161ite\u013e: doc. Ing. Martin Orend\u00e1\u010d, CSc.<\/li><li>Projekt VEGA \u010d.1\/0176\/03: Elektromagnetick\u00e1 kompatibilita v\u00fdkonov\u00fdch polovodi\u010dov\u00fdch meni\u010dov. Z\u00e1stupca zodpovedn\u00e9ho rie\u0161ite\u013ea: prof. Ing. Dobroslav Kov\u00e1\u010d, CSc.<\/li><li>In\u0161titucion\u00e1lny projekt FEI \u010d.4435\/03: N\u00e1vrh a realiz\u00e1cia sn\u00edma\u010da kr\u00fatiaceho momentu a meracej aparat\u00fary. Zodpovedn\u00fd rie\u0161ite\u013e: doc. Ing. Miroslav Moj\u017ei\u0161, CSc.\u00a0<\/li><li>In\u0161titucion\u00e1lny projekt FEI \u010d.4433\/03: Modern\u00e9 meracie syst\u00e9my. Zodpovedn\u00fd rie\u0161ite\u013e: prof. Ing. Dobroslav Kov\u00e1\u010d, CSc.<\/li><li>In\u0161titucion\u00e1lny projekt FEI \u010d.4425\/03: Plan\u00e1rne mikrovlnn\u00e9 \u0161trukt\u00fary a meranie elektromagnetick\u00fdch pol\u00ed. Zodpovedn\u00fd rie\u0161ite\u013e: doc. Ing. Anton Fen\u00edk, CSc.\u00a0\u00a0<\/li><\/ul>\n\n\n\n<p><strong>rok 2006<\/strong><\/p>\n\n\n\n<ul class=\"wp-block-list\"><li>Projekt VEGA \u010d.1\/3139\/06: \u0160t\u00fadium elektrick\u00fdch, magnetick\u00fdch a \u0161truktur\u00e1lnych vlastnost\u00ed tenk\u00fdch vrstiev Lanthanoidov v magnetickom poli pri n\u00edzkych teplot\u00e1ch. Zodpovedn\u00fd rie\u0161ite\u013e: doc. Ing. J\u00e1n Dud\u00e1\u0161, DrSc.<\/li><li>Projekt VEGA \u010d. 2\/5135\/05: Exog\u00e9nne rizikov\u00e9 faktory neurodegener\u00e1cie: Morfologick\u00e1 a funkcion\u00e1lna \u0161t\u00fadia vplyvu alkoholu a elektromagnetickej radi\u00e1cie na potkany. Zodpovedn\u00fd rie\u0161ite\u013e: doc. Ing. Martin Orend\u00e1\u010d, CSc.<\/li><li>In\u0161titucion\u00e1lny projekt FEI \u010d.4435\/03: N\u00e1vrh a realiz\u00e1cia sn\u00edma\u010da kr\u00fatiaceho momentu a meracej aparat\u00fary. Zodpovedn\u00fd rie\u0161ite\u013e: doc. Ing. Miroslav Moj\u017ei\u0161, CSc.\u00a0<\/li><li>In\u0161titucion\u00e1lny projekt FEI \u010d.4433\/03: Modern\u00e9 meracie syst\u00e9my. Zodpovedn\u00fd rie\u0161ite\u013e: prof. Ing. Dobroslav Kov\u00e1\u010d, CSc.\u00a0<\/li><\/ul>\n\n\n\n<p><strong>rok 2007<\/strong><\/p>\n\n\n\n<ul class=\"wp-block-list\"><li>Projekt VEGA \u010d.1\/3139\/06: \u0160t\u00fadium elektrick\u00fdch, magnetick\u00fdch a \u0161truktur\u00e1lnych vlastnost\u00ed tenk\u00fdch vrstiev Lanthanoidov v magnetickom poli pri n\u00edzkych teplot\u00e1ch. Zodpovedn\u00fd rie\u0161ite\u013e: doc. Ing. J\u00e1n Dud\u00e1\u0161, DrSc.<\/li><li>Projekt VEGA \u010d. 2\/5135\/05: Exog\u00e9nne rizikov\u00e9 faktory neurodegener\u00e1cie: Morfologick\u00e1 a funkcion\u00e1lna \u0161t\u00fadia vplyvu alkoholu a elektromagnetickej radi\u00e1cie na potkany. Zodpovedn\u00fd rie\u0161ite\u013e: doc. Ing. Martin Orend\u00e1\u010d, CSc.<\/li><li>Projekt VEGA \u010d. 1\/4174\/07: Anal\u00fdza a kvantifik\u00e1cia kvality projektov stavebn\u00fdch kon\u0161trukci\u00ed z h\u013eadiska elektromagnetickej kompatibility a n\u00e1vrh jej zlep\u0161enia. Z\u00e1stupca zodpovedn\u00e9ho rie\u0161ite\u013ea: prof. Ing. Dobroslav Kov\u00e1\u010d, CSc.<\/li><li>Projekt KEGA \u010d. 3\/5227\/07: Virtu\u00e1lne laborat\u00f3rium telemetrick\u00fdch syst\u00e9mov. Zodpovedn\u00fd rie\u0161ite\u013e: prof. Ing. Dobroslav Kov\u00e1\u010d, CSc.<\/li><\/ul>\n\n\n\n<p><strong>rok 2008<\/strong><\/p>\n\n\n\n<ul class=\"wp-block-list\"><li>Projekt VEGA \u010d.1\/3139\/06: \u0160t\u00fadium elektrick\u00fdch, magnetick\u00fdch a \u0161truktur\u00e1lnych vlastnost\u00ed tenk\u00fdch vrstiev Lanthanoidov v magnetickom poli pri n\u00edzkych teplot\u00e1ch. Zodpovedn\u00fd rie\u0161ite\u013e: doc. Ing. J\u00e1n Dud\u00e1\u0161, DrSc.<\/li><li>Projekt VEGA \u010d.2\/0058\/08: Vplyv elektromagnetickej radi\u00e1cie na postnat\u00e1lnu neurogen\u00e9zu a neurodegener\u00e1ciu: morfologick\u00e9 a funk\u010dn\u00e9 sledovania u potkanov. Zodpovedn\u00fd rie\u0161ite\u013e: doc. Ing. Martin Orend\u00e1\u010d, CSc.<\/li><li>Projekt VEGA \u010d. 1\/4174\/07: Anal\u00fdza a kvantifik\u00e1cia kvality projektov stavebn\u00fdch kon\u0161trukci\u00ed z h\u013eadiska elektromagnetickej kompatibility a n\u00e1vrh jej zlep\u0161enia. Z\u00e1stupca zodpovedn\u00e9ho rie\u0161ite\u013ea: prof. Ing. Dobroslav Kov\u00e1\u010d, CSc.<\/li><li>Projekt VEGA \u010d.1\/0660\/08: Metodika n\u00e1vrhu a stanovenie parametrov distribuovan\u00fdch syst\u00e9mov riadenia mechatronick\u00fdch syst\u00e9mov v re\u00e1lnom \u010dase prostredn\u00edctvom Internetu. Zodpovedn\u00fd rie\u0161ite\u013e: prof. Ing. Dobroslav Kov\u00e1\u010d, CSc.<\/li><li>Projekt KEGA \u010d. 3\/5227\/07: Virtu\u00e1lne laborat\u00f3rium telemetrick\u00fdch syst\u00e9mov. Zodpovedn\u00fd rie\u0161ite\u013e: prof. Ing. Dobroslav Kov\u00e1\u010d, CSc.<\/li><li>Projekt KEGA \u010d. 3\/6386\/08: E-learningov\u00e1 a webovsky orientovan\u00e1 technol\u00f3gia v\u00fdu\u010dby predmetov z oblasti elektrick\u00e9ho merania pre prezen\u010dn\u00fa a distan\u010dn\u00fa formu \u0161t\u00fadia. Zodpovedn\u00fd rie\u0161ite\u013e: doc. Ing. Martin Orend\u00e1\u010d, CSc.<\/li><li>Projekt KEGA \u010d. 3\/6388\/08: E-learningov\u00e1 multimedi\u00e1lna v\u00fdu\u010dba predmetu Elektromagnetick\u00e1 kompatibilita. Z\u00e1stupca zodpovedn\u00e9ho rie\u0161ite\u013ea: prof. Ing. Dobroslav Kov\u00e1\u010d, CSc.<\/li><\/ul>\n\n\n\n<p><strong>rok 2009<\/strong><\/p>\n\n\n\n<ul class=\"wp-block-list\"><li>Projekt VEGA \u010d.2\/0058\/08: Vplyv elektromagnetickej radi\u00e1cie na postnat\u00e1lnu neurogen\u00e9zu a neurodegener\u00e1ciu: morfologick\u00e9 a funk\u010dn\u00e9 sledovania u potkanov. Zodpovedn\u00fd rie\u0161ite\u013e: doc. Ing. Martin Orend\u00e1\u010d, CSc.<\/li><li>Projekt VEGA \u010d. 1\/4174\/07: Anal\u00fdza a kvantifik\u00e1cia kvality projektov stavebn\u00fdch kon\u0161trukci\u00ed z h\u013eadiska elektromagnetickej kompatibility a n\u00e1vrh jej zlep\u0161enia. Z\u00e1stupca zodpovedn\u00e9ho rie\u0161ite\u013ea: prof. Ing. Dobroslav Kov\u00e1\u010d, CSc.<\/li><li>Projekt VEGA \u010d.1\/0660\/08: Metodika n\u00e1vrhu a stanovenie parametrov distribuovan\u00fdch syst\u00e9mov riadenia mechatronick\u00fdch syst\u00e9mov v re\u00e1lnom \u010dase prostredn\u00edctvom Internetu. Zodpovedn\u00fd rie\u0161ite\u013e: prof. Ing. Dobroslav Kov\u00e1\u010d, CSc.<\/li><li>Projekt KEGA \u010d. 3\/5227\/07: Virtu\u00e1lne laborat\u00f3rium telemetrick\u00fdch syst\u00e9mov. Zodpovedn\u00fd rie\u0161ite\u013e: prof. Ing. Dobroslav Kov\u00e1\u010d, CSc.<\/li><li>Projekt KEGA \u010d. 3\/6386\/08: E-learningov\u00e1 a webovsky orientovan\u00e1 technol\u00f3gia v\u00fdu\u010dby predmetov z oblasti elektrick\u00e9ho merania pre prezen\u010dn\u00fa a distan\u010dn\u00fa formu \u0161t\u00fadia. Zodpovedn\u00fd rie\u0161ite\u013e: doc. Ing. Martin Orend\u00e1\u010d, CSc.<\/li><li>Projekt KEGA \u010d. 3\/6388\/08: E-learningov\u00e1 multimedi\u00e1lna v\u00fdu\u010dba predmetu Elektromagnetick\u00e1 kompatibilita. Z\u00e1stupca zodpovedn\u00e9ho rie\u0161ite\u013ea: prof. Ing. Dobroslav Kov\u00e1\u010d, CSc.<\/li><\/ul>\n\n\n\n<p><br><strong>rok 2010<\/strong><\/p>\n\n\n\n<ul class=\"wp-block-list\"><li>Projekt VEGA \u010d.2\/0058\/08: Vplyv elektromagnetickej radi\u00e1cie na postnat\u00e1lnu neurogen\u00e9zu a neurodegener\u00e1ciu: morfologick\u00e9 a funk\u010dn\u00e9 sledovania u potkanov. Zodpovedn\u00fd rie\u0161ite\u013e: doc. Ing. Martin Orend\u00e1\u010d, CSc.<\/li><li>Projekt VEGA \u010d.1\/0660\/08: Metodika n\u00e1vrhu a stanovenie parametrov distribuovan\u00fdch syst\u00e9mov riadenia mechatronick\u00fdch syst\u00e9mov v re\u00e1lnom \u010dase prostredn\u00edctvom Internetu. Zodpovedn\u00fd rie\u0161ite\u013e: prof. Ing. Dobroslav Kov\u00e1\u010d, CSc.<\/li><li>Projekt KEGA \u010d.\u00a0003-003TUKE-4\/2010: \u00a0Virtu\u00e1lne laborat\u00f3rium telemetrick\u00fdch syst\u00e9mov &#8211; 2. etapa. Zodpovedn\u00fd rie\u0161ite\u013e: prof. Ing. Dobroslav Kov\u00e1\u010d, CSc.<\/li><li>Projekt KEGA \u010d. 3\/6386\/08: E-learningov\u00e1 a webovsky orientovan\u00e1 technol\u00f3gia v\u00fdu\u010dby predmetov z oblasti elektrick\u00e9ho merania pre prezen\u010dn\u00fa a distan\u010dn\u00fa formu \u0161t\u00fadia. Zodpovedn\u00fd rie\u0161ite\u013e: doc. Ing. Martin Orend\u00e1\u010d, CSc.<\/li><li>Projekt KEGA \u010d. 3\/6388\/08: E-learningov\u00e1 multimedi\u00e1lna v\u00fdu\u010dba predmetu Elektromagnetick\u00e1 kompatibilita. Z\u00e1stupca zodpovedn\u00e9ho rie\u0161ite\u013ea: prof. Ing. Dobroslav Kov\u00e1\u010d, CSc.<\/li><\/ul>\n\n\n\n<p><strong>rok 2011<\/strong><\/p>\n\n\n\n<ul class=\"wp-block-list\"><li>Projekt KEGA \u010d.\u00a0003-003TUKE-4\/2010: \u00a0Virtu\u00e1lne laborat\u00f3rium telemetrick\u00fdch syst\u00e9mov &#8211; 2. etapa. Zodpovedn\u00fd rie\u0161ite\u013e: prof. Ing. Dobroslav Kov\u00e1\u010d, CSc.<\/li><li>Projekt spolufinancovan\u00fd zo zdrojov E\u00da &#8222;Centrum excelentnosti integrovan\u00e9ho v\u00fdskumu a vyu\u017eitia progres\u00edvnych materi\u00e1lov a technol\u00f3gi\u00ed v oblasti automobilovej elektroniky&#8220;, ITMS 26220120055<\/li><\/ul>\n","protected":false},"excerpt":{"rendered":"<p>rok 2002 Projekt VEGA \u010d.1\/7610\/02: Elektrick\u00e9 a magnetick\u00e9 vlastnosti Lanthanoidov a ich tenk\u00fdch vrstiev pri n\u00edzkych teplot\u00e1ch v stacion\u00e1rnych elektrick\u00fdch, magnetick\u00fdch a tepeln\u00fdch poliach. Zodpovedn\u00fd rie\u0161ite\u013e: doc. Ing. J\u00e1n Dud\u00e1\u0161, DrSc. Projekt VEGA \u010d.1\/8129\/01: Elastomagnetick\u00fd jav v pevn\u00fdch feromagnetik\u00e1ch a mo\u017enos\u0165 jeho vyu\u017eitia. Zodpovedn\u00fd rie\u0161ite\u013e: doc. Ing. Miroslav Moj\u017ei\u0161, CSc.&hellip;<\/p>\n","protected":false},"author":1,"featured_media":0,"parent":0,"menu_order":0,"comment_status":"closed","ping_status":"closed","template":"","meta":{"footnotes":""},"class_list":["post-556","page","type-page","status-publish","hentry"],"yoast_head":"<!-- This site is optimized with the Yoast SEO plugin v25.8 - https:\/\/yoast.com\/wordpress\/plugins\/seo\/ -->\n<title>Projekty - dom\u00e1ce - KTPE<\/title>\n<meta name=\"robots\" content=\"index, follow, max-snippet:-1, max-image-preview:large, max-video-preview:-1\" \/>\n<link rel=\"canonical\" href=\"https:\/\/ktpe.website.tuke.sk\/wp\/?page_id=556\" \/>\n<meta property=\"og:locale\" content=\"sk_SK\" \/>\n<meta property=\"og:type\" content=\"article\" \/>\n<meta property=\"og:title\" content=\"Projekty - dom\u00e1ce - KTPE\" \/>\n<meta property=\"og:description\" content=\"rok 2002 Projekt VEGA \u010d.1\/7610\/02: Elektrick\u00e9 a magnetick\u00e9 vlastnosti Lanthanoidov a ich tenk\u00fdch vrstiev pri n\u00edzkych teplot\u00e1ch v stacion\u00e1rnych elektrick\u00fdch, magnetick\u00fdch a tepeln\u00fdch poliach. Zodpovedn\u00fd rie\u0161ite\u013e: doc. Ing. J\u00e1n Dud\u00e1\u0161, DrSc. Projekt VEGA \u010d.1\/8129\/01: Elastomagnetick\u00fd jav v pevn\u00fdch feromagnetik\u00e1ch a mo\u017enos\u0165 jeho vyu\u017eitia. Zodpovedn\u00fd rie\u0161ite\u013e: doc. Ing. Miroslav Moj\u017ei\u0161, CSc.&hellip;\" \/>\n<meta property=\"og:url\" content=\"https:\/\/ktpe.website.tuke.sk\/wp\/?page_id=556\" \/>\n<meta property=\"og:site_name\" content=\"KTPE\" \/>\n<meta property=\"article:publisher\" content=\"https:\/\/www.facebook.com\/profile.php?id=100087486357227\" \/>\n<meta property=\"article:modified_time\" content=\"2020-07-30T08:13:08+00:00\" \/>\n<meta name=\"twitter:card\" content=\"summary_large_image\" \/>\n<meta name=\"twitter:label1\" content=\"Predpokladan\u00fd \u010das \u010d\u00edtania\" \/>\n\t<meta name=\"twitter:data1\" content=\"7 min\u00fat\" \/>\n<script type=\"application\/ld+json\" class=\"yoast-schema-graph\">{\"@context\":\"https:\/\/schema.org\",\"@graph\":[{\"@type\":\"WebPage\",\"@id\":\"https:\/\/ktpe.website.tuke.sk\/wp\/?page_id=556\",\"url\":\"https:\/\/ktpe.website.tuke.sk\/wp\/?page_id=556\",\"name\":\"Projekty - dom\u00e1ce - KTPE\",\"isPartOf\":{\"@id\":\"https:\/\/ktpe.website.tuke.sk\/wp\/#website\"},\"datePublished\":\"2020-07-30T08:13:06+00:00\",\"dateModified\":\"2020-07-30T08:13:08+00:00\",\"breadcrumb\":{\"@id\":\"https:\/\/ktpe.website.tuke.sk\/wp\/?page_id=556#breadcrumb\"},\"inLanguage\":\"sk-SK\",\"potentialAction\":[{\"@type\":\"ReadAction\",\"target\":[\"https:\/\/ktpe.website.tuke.sk\/wp\/?page_id=556\"]}]},{\"@type\":\"BreadcrumbList\",\"@id\":\"https:\/\/ktpe.website.tuke.sk\/wp\/?page_id=556#breadcrumb\",\"itemListElement\":[{\"@type\":\"ListItem\",\"position\":1,\"name\":\"Domovsk\u00e1 str\u00e1nka\",\"item\":\"https:\/\/ktpe.website.tuke.sk\/wp\/\"},{\"@type\":\"ListItem\",\"position\":2,\"name\":\"Projekty &#8211; dom\u00e1ce\"}]},{\"@type\":\"WebSite\",\"@id\":\"https:\/\/ktpe.website.tuke.sk\/wp\/#website\",\"url\":\"https:\/\/ktpe.website.tuke.sk\/wp\/\",\"name\":\"KTPE\",\"description\":\"Katedra teoretickej a priemyselnej elektrotechniky\",\"publisher\":{\"@id\":\"https:\/\/ktpe.website.tuke.sk\/wp\/#organization\"},\"potentialAction\":[{\"@type\":\"SearchAction\",\"target\":{\"@type\":\"EntryPoint\",\"urlTemplate\":\"https:\/\/ktpe.website.tuke.sk\/wp\/?s={search_term_string}\"},\"query-input\":{\"@type\":\"PropertyValueSpecification\",\"valueRequired\":true,\"valueName\":\"search_term_string\"}}],\"inLanguage\":\"sk-SK\"},{\"@type\":\"Organization\",\"@id\":\"https:\/\/ktpe.website.tuke.sk\/wp\/#organization\",\"name\":\"KTPE FEI TUKE\",\"url\":\"https:\/\/ktpe.website.tuke.sk\/wp\/\",\"logo\":{\"@type\":\"ImageObject\",\"inLanguage\":\"sk-SK\",\"@id\":\"https:\/\/ktpe.website.tuke.sk\/wp\/#\/schema\/logo\/image\/\",\"url\":\"https:\/\/ktpe.website.tuke.sk\/wp\/wp-content\/uploads\/2020\/08\/KTPE-LOGO-V10-zlte.png\",\"contentUrl\":\"https:\/\/ktpe.website.tuke.sk\/wp\/wp-content\/uploads\/2020\/08\/KTPE-LOGO-V10-zlte.png\",\"width\":986,\"height\":295,\"caption\":\"KTPE FEI TUKE\"},\"image\":{\"@id\":\"https:\/\/ktpe.website.tuke.sk\/wp\/#\/schema\/logo\/image\/\"},\"sameAs\":[\"https:\/\/www.facebook.com\/profile.php?id=100087486357227\",\"https:\/\/www.instagram.com\/ktpe.tuke\/\",\"https:\/\/www.youtube.com\/channel\/UCxUc9Sxp-8dXz_tAlZtxUGw\"]}]}<\/script>\n<!-- \/ Yoast SEO plugin. -->","yoast_head_json":{"title":"Projekty - dom\u00e1ce - KTPE","robots":{"index":"index","follow":"follow","max-snippet":"max-snippet:-1","max-image-preview":"max-image-preview:large","max-video-preview":"max-video-preview:-1"},"canonical":"https:\/\/ktpe.website.tuke.sk\/wp\/?page_id=556","og_locale":"sk_SK","og_type":"article","og_title":"Projekty - dom\u00e1ce - KTPE","og_description":"rok 2002 Projekt VEGA \u010d.1\/7610\/02: Elektrick\u00e9 a magnetick\u00e9 vlastnosti Lanthanoidov a ich tenk\u00fdch vrstiev pri n\u00edzkych teplot\u00e1ch v stacion\u00e1rnych elektrick\u00fdch, magnetick\u00fdch a tepeln\u00fdch poliach. Zodpovedn\u00fd rie\u0161ite\u013e: doc. Ing. J\u00e1n Dud\u00e1\u0161, DrSc. Projekt VEGA \u010d.1\/8129\/01: Elastomagnetick\u00fd jav v pevn\u00fdch feromagnetik\u00e1ch a mo\u017enos\u0165 jeho vyu\u017eitia. Zodpovedn\u00fd rie\u0161ite\u013e: doc. Ing. Miroslav Moj\u017ei\u0161, CSc.&hellip;","og_url":"https:\/\/ktpe.website.tuke.sk\/wp\/?page_id=556","og_site_name":"KTPE","article_publisher":"https:\/\/www.facebook.com\/profile.php?id=100087486357227","article_modified_time":"2020-07-30T08:13:08+00:00","twitter_card":"summary_large_image","twitter_misc":{"Predpokladan\u00fd \u010das \u010d\u00edtania":"7 min\u00fat"},"schema":{"@context":"https:\/\/schema.org","@graph":[{"@type":"WebPage","@id":"https:\/\/ktpe.website.tuke.sk\/wp\/?page_id=556","url":"https:\/\/ktpe.website.tuke.sk\/wp\/?page_id=556","name":"Projekty - dom\u00e1ce - KTPE","isPartOf":{"@id":"https:\/\/ktpe.website.tuke.sk\/wp\/#website"},"datePublished":"2020-07-30T08:13:06+00:00","dateModified":"2020-07-30T08:13:08+00:00","breadcrumb":{"@id":"https:\/\/ktpe.website.tuke.sk\/wp\/?page_id=556#breadcrumb"},"inLanguage":"sk-SK","potentialAction":[{"@type":"ReadAction","target":["https:\/\/ktpe.website.tuke.sk\/wp\/?page_id=556"]}]},{"@type":"BreadcrumbList","@id":"https:\/\/ktpe.website.tuke.sk\/wp\/?page_id=556#breadcrumb","itemListElement":[{"@type":"ListItem","position":1,"name":"Domovsk\u00e1 str\u00e1nka","item":"https:\/\/ktpe.website.tuke.sk\/wp\/"},{"@type":"ListItem","position":2,"name":"Projekty &#8211; dom\u00e1ce"}]},{"@type":"WebSite","@id":"https:\/\/ktpe.website.tuke.sk\/wp\/#website","url":"https:\/\/ktpe.website.tuke.sk\/wp\/","name":"KTPE","description":"Katedra teoretickej a priemyselnej elektrotechniky","publisher":{"@id":"https:\/\/ktpe.website.tuke.sk\/wp\/#organization"},"potentialAction":[{"@type":"SearchAction","target":{"@type":"EntryPoint","urlTemplate":"https:\/\/ktpe.website.tuke.sk\/wp\/?s={search_term_string}"},"query-input":{"@type":"PropertyValueSpecification","valueRequired":true,"valueName":"search_term_string"}}],"inLanguage":"sk-SK"},{"@type":"Organization","@id":"https:\/\/ktpe.website.tuke.sk\/wp\/#organization","name":"KTPE FEI TUKE","url":"https:\/\/ktpe.website.tuke.sk\/wp\/","logo":{"@type":"ImageObject","inLanguage":"sk-SK","@id":"https:\/\/ktpe.website.tuke.sk\/wp\/#\/schema\/logo\/image\/","url":"https:\/\/ktpe.website.tuke.sk\/wp\/wp-content\/uploads\/2020\/08\/KTPE-LOGO-V10-zlte.png","contentUrl":"https:\/\/ktpe.website.tuke.sk\/wp\/wp-content\/uploads\/2020\/08\/KTPE-LOGO-V10-zlte.png","width":986,"height":295,"caption":"KTPE FEI TUKE"},"image":{"@id":"https:\/\/ktpe.website.tuke.sk\/wp\/#\/schema\/logo\/image\/"},"sameAs":["https:\/\/www.facebook.com\/profile.php?id=100087486357227","https:\/\/www.instagram.com\/ktpe.tuke\/","https:\/\/www.youtube.com\/channel\/UCxUc9Sxp-8dXz_tAlZtxUGw"]}]}},"_links":{"self":[{"href":"https:\/\/ktpe.website.tuke.sk\/wp\/index.php?rest_route=\/wp\/v2\/pages\/556","targetHints":{"allow":["GET"]}}],"collection":[{"href":"https:\/\/ktpe.website.tuke.sk\/wp\/index.php?rest_route=\/wp\/v2\/pages"}],"about":[{"href":"https:\/\/ktpe.website.tuke.sk\/wp\/index.php?rest_route=\/wp\/v2\/types\/page"}],"author":[{"embeddable":true,"href":"https:\/\/ktpe.website.tuke.sk\/wp\/index.php?rest_route=\/wp\/v2\/users\/1"}],"replies":[{"embeddable":true,"href":"https:\/\/ktpe.website.tuke.sk\/wp\/index.php?rest_route=%2Fwp%2Fv2%2Fcomments&post=556"}],"version-history":[{"count":1,"href":"https:\/\/ktpe.website.tuke.sk\/wp\/index.php?rest_route=\/wp\/v2\/pages\/556\/revisions"}],"predecessor-version":[{"id":557,"href":"https:\/\/ktpe.website.tuke.sk\/wp\/index.php?rest_route=\/wp\/v2\/pages\/556\/revisions\/557"}],"wp:attachment":[{"href":"https:\/\/ktpe.website.tuke.sk\/wp\/index.php?rest_route=%2Fwp%2Fv2%2Fmedia&parent=556"}],"curies":[{"name":"wp","href":"https:\/\/api.w.org\/{rel}","templated":true}]}}