{"id":55,"date":"2020-06-11T09:26:26","date_gmt":"2020-06-11T07:26:26","guid":{"rendered":"http:\/\/ktpe.fei.tuke.sk\/jacko\/wp-edu\/?page_id=55"},"modified":"2020-07-07T10:03:51","modified_gmt":"2020-07-07T08:03:51","slug":"historia-katedry","status":"publish","type":"page","link":"https:\/\/ktpe.website.tuke.sk\/wp\/?page_id=55","title":{"rendered":"Hist\u00f3ria katedry"},"content":{"rendered":"\n<div class=\"wp-block-columns has-2-columns is-layout-flex wp-container-core-columns-is-layout-9d6595d7 wp-block-columns-is-layout-flex\">\n<div class=\"wp-block-column is-layout-flow wp-block-column-is-layout-flow\">\n<p> Katedra teoretickej a experiment\u00e1lnej elektrotechniky\u00a0\u00a0\u00a0(KTEE)\u00a0 vznikla v r. 1969 zo z\u00e1rodo\u010dnej bunky celej Elektrotechnickej fakulty, ktor\u00fa tvorila Katedra elektrotechniky pod veden\u00edm <strong>prof. Ing. Franti\u0161ka Poliaka, CSc.<\/strong>. Za\u010diatok existencie KTEE je spojen\u00fd s v\u00fdraznou pomocou pedag\u00f3gov z in\u00fdch \u010ceskoslovensk\u00fdch vysok\u00fdch \u0161k\u00f4l, menovite z SV\u0160T Bratislava, ktor\u00ed boli extern\u00fdmi zamestnancami V\u0160T. Prv\u00fdm ved\u00facim KTEE sa tak st\u00e1va\u00a0<strong>doc. Ing. Ivan Puzjak, CSc.<\/strong>\u00a0z SV\u0160T.  <br>Prv\u00fdm intern\u00fdm ved\u00facim katedry je od r. 1972 \u00a0\u00a0<strong>doc. Ing. Vojtech \u0160imko, CSc.<\/strong>, ktor\u00fd z\u00e1rove\u0148 v tom \u010dase vykon\u00e1va aj funkciu prodekana.  <br><\/p>\n<\/div>\n\n\n\n<div class=\"wp-block-column is-layout-flow wp-block-column-is-layout-flow\">\n<figure class=\"wp-block-image is-resized\"><img loading=\"lazy\" decoding=\"async\" src=\"https:\/\/ktpe.website.tuke.sk\/wp\/wp-content\/uploads\/2020\/06\/IMG_0005-1.jpg\" alt=\"\" class=\"wp-image-158\" width=\"516\" height=\"336\" srcset=\"https:\/\/ktpe.website.tuke.sk\/wp\/wp-content\/uploads\/2020\/06\/IMG_0005-1.jpg 600w, https:\/\/ktpe.website.tuke.sk\/wp\/wp-content\/uploads\/2020\/06\/IMG_0005-1-300x196.jpg 300w\" sizes=\"auto, (max-width: 516px) 100vw, 516px\" \/><figcaption>Katedra teoretickej a priemyselnej elektrotechniky v minulosti<\/figcaption><\/figure>\n\n\n\n<p>  <\/p>\n<\/div>\n<\/div>\n\n\n\n<p>Po\u010det pracovn\u00edkov katedry sa podstatne zv\u00e4\u010d\u0161uje \u00famerne zvy\u0161uj\u00facemu sa po\u010dtu posluch\u00e1\u010dov Elektrotechnickej fakulty. Cel\u00fa v\u00fdu\u010dbu postupne zabezpe\u010duj\u00fa u\u017e len intern\u00ed zamestnanci. Za\u010d\u00edna sa formova\u0165 v\u00fdskumn\u00e9 zameranie katedry. V rokoch 1983 a\u017e 1990 je ved\u00facim katedry <strong>doc. Ing. Ladislav \u0160terbinsk\u00fd, CSc.<\/strong> \u00a0 Katedra sa roz\u0161iruje o p\u00f4vodn\u00fdch zamestnancov Katedry elektroenergetiky, tak\u017ee m\u00e1 u\u017e takmer tridsa\u0165 \u010dlenov. Po\u010det posluch\u00e1\u010dov sa usta\u013euje na hodnote asi 450 v ro\u010dn\u00edku. V roku 1984 sa vytv\u00e1raj\u00fa oddelenia Teoretickej elektrotechniky, Elektrick\u00e9ho merania a Mikroelektronick\u00fdch obvodov. Z\u00e1rove\u0148 doch\u00e1dza k premenovaniu pracoviska na  <strong>Katedru teoretickej elektrotechniky a techniky obvodov<\/strong>.  <br>Katedra roz\u0161iruje v\u00fdu\u010dbu a svoje v\u00fdskumn\u00e9 zameranie o oblasti elektrotechnol\u00f3giea mikroelektronick\u00fdch obvodov, v ktor\u00fdch nadv\u00e4zuje spolupr\u00e1cu s Univerzitou vo Wuppertale. <br>V roku 1991 doch\u00e1dza k \u010fal\u0161ej reorganiz\u00e1cii. Z oddelenia mikroelektronick\u00fdch obvodov sa vytv\u00e1ra samostatn\u00e1 Katedra hybridnej mikroelektroniky a katedra sa premenov\u00e1va na\u00a0<strong>Katedru teoretickej elektrotechniky a elektrick\u00e9ho merania<\/strong>\u00a0. Ved\u00facim katedry sa st\u00e1va\u00a0\u00a0<strong>doc. Ing. Miroslav Moj\u017ei\u0161, CSc.<\/strong>.\u00a0Od 1.5.2007 je veden\u00edm katedry poveren\u00fd\u00a0<strong>prof. Ing. Dobroslav Kov\u00e1\u010d, CSc.<\/strong>. <br>V roku 2013 sa po nieko\u013ekoro\u010dnom \u00faspe\u0161nom garantovan\u00ed a zabezpe\u010dovan\u00ed \u0161tudijn\u00fdch programov Priemyseln\u00e1 elektrotechnika, vo v\u0161etk\u00fdch troch stup\u0148och \u0161t\u00fadia, men\u00ed aj n\u00e1zov katedry na\u00a0<strong>Katedru teoretickej a priemyselnej elektrotechniky.<\/strong> <\/p>\n","protected":false},"excerpt":{"rendered":"<p>Katedra teoretickej a experiment\u00e1lnej elektrotechniky\u00a0\u00a0\u00a0(KTEE)\u00a0 vznikla v r. 1969 zo z\u00e1rodo\u010dnej bunky celej Elektrotechnickej fakulty, ktor\u00fa tvorila Katedra elektrotechniky pod veden\u00edm prof. Ing. Franti\u0161ka Poliaka, CSc.. Za\u010diatok existencie KTEE je spojen\u00fd s v\u00fdraznou pomocou pedag\u00f3gov z in\u00fdch \u010ceskoslovensk\u00fdch vysok\u00fdch \u0161k\u00f4l, menovite z SV\u0160T Bratislava, ktor\u00ed boli extern\u00fdmi zamestnancami V\u0160T. Prv\u00fdm&hellip;<\/p>\n","protected":false},"author":1,"featured_media":0,"parent":0,"menu_order":0,"comment_status":"closed","ping_status":"closed","template":"","meta":{"footnotes":""},"class_list":["post-55","page","type-page","status-publish","hentry"],"yoast_head":"<!-- This site is optimized with the Yoast SEO plugin v25.8 - https:\/\/yoast.com\/wordpress\/plugins\/seo\/ -->\n<title>Hist\u00f3ria katedry - KTPE<\/title>\n<meta name=\"robots\" content=\"index, follow, max-snippet:-1, max-image-preview:large, max-video-preview:-1\" \/>\n<link rel=\"canonical\" href=\"https:\/\/ktpe.website.tuke.sk\/wp\/?page_id=55\" \/>\n<meta property=\"og:locale\" content=\"sk_SK\" \/>\n<meta property=\"og:type\" content=\"article\" \/>\n<meta property=\"og:title\" content=\"Hist\u00f3ria katedry - KTPE\" \/>\n<meta property=\"og:description\" content=\"Katedra teoretickej a experiment\u00e1lnej elektrotechniky\u00a0\u00a0\u00a0(KTEE)\u00a0 vznikla v r. 1969 zo z\u00e1rodo\u010dnej bunky celej Elektrotechnickej fakulty, ktor\u00fa tvorila Katedra elektrotechniky pod veden\u00edm prof. Ing. Franti\u0161ka Poliaka, CSc.. Za\u010diatok existencie KTEE je spojen\u00fd s v\u00fdraznou pomocou pedag\u00f3gov z in\u00fdch \u010ceskoslovensk\u00fdch vysok\u00fdch \u0161k\u00f4l, menovite z SV\u0160T Bratislava, ktor\u00ed boli extern\u00fdmi zamestnancami V\u0160T. Prv\u00fdm&hellip;\" \/>\n<meta property=\"og:url\" content=\"https:\/\/ktpe.website.tuke.sk\/wp\/?page_id=55\" \/>\n<meta property=\"og:site_name\" content=\"KTPE\" \/>\n<meta property=\"article:publisher\" content=\"https:\/\/www.facebook.com\/profile.php?id=100087486357227\" \/>\n<meta property=\"article:modified_time\" content=\"2020-07-07T08:03:51+00:00\" \/>\n<meta property=\"og:image\" content=\"https:\/\/ktpe.website.tuke.sk\/wp\/wp-content\/uploads\/2020\/06\/IMG_0005-1.jpg\" \/>\n\t<meta property=\"og:image:width\" content=\"600\" \/>\n\t<meta property=\"og:image:height\" content=\"392\" \/>\n\t<meta property=\"og:image:type\" content=\"image\/jpeg\" \/>\n<meta name=\"twitter:card\" content=\"summary_large_image\" \/>\n<meta name=\"twitter:label1\" content=\"Predpokladan\u00fd \u010das \u010d\u00edtania\" \/>\n\t<meta name=\"twitter:data1\" content=\"2 min\u00faty\" \/>\n<script type=\"application\/ld+json\" class=\"yoast-schema-graph\">{\"@context\":\"https:\/\/schema.org\",\"@graph\":[{\"@type\":\"WebPage\",\"@id\":\"https:\/\/ktpe.website.tuke.sk\/wp\/?page_id=55\",\"url\":\"https:\/\/ktpe.website.tuke.sk\/wp\/?page_id=55\",\"name\":\"Hist\u00f3ria katedry - KTPE\",\"isPartOf\":{\"@id\":\"https:\/\/ktpe.website.tuke.sk\/wp\/#website\"},\"primaryImageOfPage\":{\"@id\":\"https:\/\/ktpe.website.tuke.sk\/wp\/?page_id=55#primaryimage\"},\"image\":{\"@id\":\"https:\/\/ktpe.website.tuke.sk\/wp\/?page_id=55#primaryimage\"},\"thumbnailUrl\":\"https:\/\/ktpe.website.tuke.sk\/wp\/wp-content\/uploads\/2020\/06\/IMG_0005-1.jpg\",\"datePublished\":\"2020-06-11T07:26:26+00:00\",\"dateModified\":\"2020-07-07T08:03:51+00:00\",\"breadcrumb\":{\"@id\":\"https:\/\/ktpe.website.tuke.sk\/wp\/?page_id=55#breadcrumb\"},\"inLanguage\":\"sk-SK\",\"potentialAction\":[{\"@type\":\"ReadAction\",\"target\":[\"https:\/\/ktpe.website.tuke.sk\/wp\/?page_id=55\"]}]},{\"@type\":\"ImageObject\",\"inLanguage\":\"sk-SK\",\"@id\":\"https:\/\/ktpe.website.tuke.sk\/wp\/?page_id=55#primaryimage\",\"url\":\"https:\/\/ktpe.website.tuke.sk\/wp\/wp-content\/uploads\/2020\/06\/IMG_0005-1.jpg\",\"contentUrl\":\"https:\/\/ktpe.website.tuke.sk\/wp\/wp-content\/uploads\/2020\/06\/IMG_0005-1.jpg\",\"width\":600,\"height\":392},{\"@type\":\"BreadcrumbList\",\"@id\":\"https:\/\/ktpe.website.tuke.sk\/wp\/?page_id=55#breadcrumb\",\"itemListElement\":[{\"@type\":\"ListItem\",\"position\":1,\"name\":\"Domovsk\u00e1 str\u00e1nka\",\"item\":\"https:\/\/ktpe.website.tuke.sk\/wp\/\"},{\"@type\":\"ListItem\",\"position\":2,\"name\":\"Hist\u00f3ria katedry\"}]},{\"@type\":\"WebSite\",\"@id\":\"https:\/\/ktpe.website.tuke.sk\/wp\/#website\",\"url\":\"https:\/\/ktpe.website.tuke.sk\/wp\/\",\"name\":\"KTPE\",\"description\":\"Katedra teoretickej a priemyselnej elektrotechniky\",\"publisher\":{\"@id\":\"https:\/\/ktpe.website.tuke.sk\/wp\/#organization\"},\"potentialAction\":[{\"@type\":\"SearchAction\",\"target\":{\"@type\":\"EntryPoint\",\"urlTemplate\":\"https:\/\/ktpe.website.tuke.sk\/wp\/?s={search_term_string}\"},\"query-input\":{\"@type\":\"PropertyValueSpecification\",\"valueRequired\":true,\"valueName\":\"search_term_string\"}}],\"inLanguage\":\"sk-SK\"},{\"@type\":\"Organization\",\"@id\":\"https:\/\/ktpe.website.tuke.sk\/wp\/#organization\",\"name\":\"KTPE FEI TUKE\",\"url\":\"https:\/\/ktpe.website.tuke.sk\/wp\/\",\"logo\":{\"@type\":\"ImageObject\",\"inLanguage\":\"sk-SK\",\"@id\":\"https:\/\/ktpe.website.tuke.sk\/wp\/#\/schema\/logo\/image\/\",\"url\":\"https:\/\/ktpe.website.tuke.sk\/wp\/wp-content\/uploads\/2020\/08\/KTPE-LOGO-V10-zlte.png\",\"contentUrl\":\"https:\/\/ktpe.website.tuke.sk\/wp\/wp-content\/uploads\/2020\/08\/KTPE-LOGO-V10-zlte.png\",\"width\":986,\"height\":295,\"caption\":\"KTPE FEI TUKE\"},\"image\":{\"@id\":\"https:\/\/ktpe.website.tuke.sk\/wp\/#\/schema\/logo\/image\/\"},\"sameAs\":[\"https:\/\/www.facebook.com\/profile.php?id=100087486357227\",\"https:\/\/www.instagram.com\/ktpe.tuke\/\",\"https:\/\/www.youtube.com\/channel\/UCxUc9Sxp-8dXz_tAlZtxUGw\"]}]}<\/script>\n<!-- \/ Yoast SEO plugin. -->","yoast_head_json":{"title":"Hist\u00f3ria katedry - KTPE","robots":{"index":"index","follow":"follow","max-snippet":"max-snippet:-1","max-image-preview":"max-image-preview:large","max-video-preview":"max-video-preview:-1"},"canonical":"https:\/\/ktpe.website.tuke.sk\/wp\/?page_id=55","og_locale":"sk_SK","og_type":"article","og_title":"Hist\u00f3ria katedry - KTPE","og_description":"Katedra teoretickej a experiment\u00e1lnej elektrotechniky\u00a0\u00a0\u00a0(KTEE)\u00a0 vznikla v r. 1969 zo z\u00e1rodo\u010dnej bunky celej Elektrotechnickej fakulty, ktor\u00fa tvorila Katedra elektrotechniky pod veden\u00edm prof. Ing. Franti\u0161ka Poliaka, CSc.. Za\u010diatok existencie KTEE je spojen\u00fd s v\u00fdraznou pomocou pedag\u00f3gov z in\u00fdch \u010ceskoslovensk\u00fdch vysok\u00fdch \u0161k\u00f4l, menovite z SV\u0160T Bratislava, ktor\u00ed boli extern\u00fdmi zamestnancami V\u0160T. Prv\u00fdm&hellip;","og_url":"https:\/\/ktpe.website.tuke.sk\/wp\/?page_id=55","og_site_name":"KTPE","article_publisher":"https:\/\/www.facebook.com\/profile.php?id=100087486357227","article_modified_time":"2020-07-07T08:03:51+00:00","og_image":[{"width":600,"height":392,"url":"https:\/\/ktpe.website.tuke.sk\/wp\/wp-content\/uploads\/2020\/06\/IMG_0005-1.jpg","type":"image\/jpeg"}],"twitter_card":"summary_large_image","twitter_misc":{"Predpokladan\u00fd \u010das \u010d\u00edtania":"2 min\u00faty"},"schema":{"@context":"https:\/\/schema.org","@graph":[{"@type":"WebPage","@id":"https:\/\/ktpe.website.tuke.sk\/wp\/?page_id=55","url":"https:\/\/ktpe.website.tuke.sk\/wp\/?page_id=55","name":"Hist\u00f3ria katedry - KTPE","isPartOf":{"@id":"https:\/\/ktpe.website.tuke.sk\/wp\/#website"},"primaryImageOfPage":{"@id":"https:\/\/ktpe.website.tuke.sk\/wp\/?page_id=55#primaryimage"},"image":{"@id":"https:\/\/ktpe.website.tuke.sk\/wp\/?page_id=55#primaryimage"},"thumbnailUrl":"https:\/\/ktpe.website.tuke.sk\/wp\/wp-content\/uploads\/2020\/06\/IMG_0005-1.jpg","datePublished":"2020-06-11T07:26:26+00:00","dateModified":"2020-07-07T08:03:51+00:00","breadcrumb":{"@id":"https:\/\/ktpe.website.tuke.sk\/wp\/?page_id=55#breadcrumb"},"inLanguage":"sk-SK","potentialAction":[{"@type":"ReadAction","target":["https:\/\/ktpe.website.tuke.sk\/wp\/?page_id=55"]}]},{"@type":"ImageObject","inLanguage":"sk-SK","@id":"https:\/\/ktpe.website.tuke.sk\/wp\/?page_id=55#primaryimage","url":"https:\/\/ktpe.website.tuke.sk\/wp\/wp-content\/uploads\/2020\/06\/IMG_0005-1.jpg","contentUrl":"https:\/\/ktpe.website.tuke.sk\/wp\/wp-content\/uploads\/2020\/06\/IMG_0005-1.jpg","width":600,"height":392},{"@type":"BreadcrumbList","@id":"https:\/\/ktpe.website.tuke.sk\/wp\/?page_id=55#breadcrumb","itemListElement":[{"@type":"ListItem","position":1,"name":"Domovsk\u00e1 str\u00e1nka","item":"https:\/\/ktpe.website.tuke.sk\/wp\/"},{"@type":"ListItem","position":2,"name":"Hist\u00f3ria katedry"}]},{"@type":"WebSite","@id":"https:\/\/ktpe.website.tuke.sk\/wp\/#website","url":"https:\/\/ktpe.website.tuke.sk\/wp\/","name":"KTPE","description":"Katedra teoretickej a priemyselnej elektrotechniky","publisher":{"@id":"https:\/\/ktpe.website.tuke.sk\/wp\/#organization"},"potentialAction":[{"@type":"SearchAction","target":{"@type":"EntryPoint","urlTemplate":"https:\/\/ktpe.website.tuke.sk\/wp\/?s={search_term_string}"},"query-input":{"@type":"PropertyValueSpecification","valueRequired":true,"valueName":"search_term_string"}}],"inLanguage":"sk-SK"},{"@type":"Organization","@id":"https:\/\/ktpe.website.tuke.sk\/wp\/#organization","name":"KTPE FEI TUKE","url":"https:\/\/ktpe.website.tuke.sk\/wp\/","logo":{"@type":"ImageObject","inLanguage":"sk-SK","@id":"https:\/\/ktpe.website.tuke.sk\/wp\/#\/schema\/logo\/image\/","url":"https:\/\/ktpe.website.tuke.sk\/wp\/wp-content\/uploads\/2020\/08\/KTPE-LOGO-V10-zlte.png","contentUrl":"https:\/\/ktpe.website.tuke.sk\/wp\/wp-content\/uploads\/2020\/08\/KTPE-LOGO-V10-zlte.png","width":986,"height":295,"caption":"KTPE FEI TUKE"},"image":{"@id":"https:\/\/ktpe.website.tuke.sk\/wp\/#\/schema\/logo\/image\/"},"sameAs":["https:\/\/www.facebook.com\/profile.php?id=100087486357227","https:\/\/www.instagram.com\/ktpe.tuke\/","https:\/\/www.youtube.com\/channel\/UCxUc9Sxp-8dXz_tAlZtxUGw"]}]}},"_links":{"self":[{"href":"https:\/\/ktpe.website.tuke.sk\/wp\/index.php?rest_route=\/wp\/v2\/pages\/55","targetHints":{"allow":["GET"]}}],"collection":[{"href":"https:\/\/ktpe.website.tuke.sk\/wp\/index.php?rest_route=\/wp\/v2\/pages"}],"about":[{"href":"https:\/\/ktpe.website.tuke.sk\/wp\/index.php?rest_route=\/wp\/v2\/types\/page"}],"author":[{"embeddable":true,"href":"https:\/\/ktpe.website.tuke.sk\/wp\/index.php?rest_route=\/wp\/v2\/users\/1"}],"replies":[{"embeddable":true,"href":"https:\/\/ktpe.website.tuke.sk\/wp\/index.php?rest_route=%2Fwp%2Fv2%2Fcomments&post=55"}],"version-history":[{"count":6,"href":"https:\/\/ktpe.website.tuke.sk\/wp\/index.php?rest_route=\/wp\/v2\/pages\/55\/revisions"}],"predecessor-version":[{"id":364,"href":"https:\/\/ktpe.website.tuke.sk\/wp\/index.php?rest_route=\/wp\/v2\/pages\/55\/revisions\/364"}],"wp:attachment":[{"href":"https:\/\/ktpe.website.tuke.sk\/wp\/index.php?rest_route=%2Fwp%2Fv2%2Fmedia&parent=55"}],"curies":[{"name":"wp","href":"https:\/\/api.w.org\/{rel}","templated":true}]}}