{"id":482,"date":"2020-07-30T12:57:13","date_gmt":"2020-07-30T10:57:13","guid":{"rendered":"https:\/\/ktpe.website.tuke.sk\/wp\/?page_id=482"},"modified":"2025-02-26T10:08:31","modified_gmt":"2025-02-26T09:08:31","slug":"zamestnanci","status":"publish","type":"page","link":"https:\/\/ktpe.website.tuke.sk\/wp\/?page_id=482","title":{"rendered":"Zamestnanci"},"content":{"rendered":"\r\n<p><strong>Ved\u00faci katedry:<\/strong><\/p>\r\n\r\n\r\n\r\n<div class=\"wp-block-columns is-layout-flex wp-container-core-columns-is-layout-9d6595d7 wp-block-columns-is-layout-flex\">\r\n<div class=\"wp-block-column is-layout-flow wp-block-column-is-layout-flow\" style=\"flex-basis: 33.33%;\">\r\n<figure class=\"wp-block-image size-large is-resized\"><img loading=\"lazy\" decoding=\"async\" class=\"wp-image-605\" src=\"https:\/\/ktpe.website.tuke.sk\/wp\/wp-content\/uploads\/2020\/07\/Molnar_m.jpg\" alt=\"\" width=\"103\" height=\"125\" \/><\/figure>\r\n<\/div>\r\n\r\n\r\n\r\n<div class=\"wp-block-column is-layout-flow wp-block-column-is-layout-flow\" style=\"flex-basis: 66.66%;\">\r\n<p><br \/>doc. Ing. J\u00e1n Moln\u00e1r, PhD.<\/p>\r\n\r\n\r\n\r\n<p>(Tel. +421 55 602 2592)\u00a0<\/p>\r\n<\/div>\r\n<\/div>\r\n\r\n\r\n\r\n<p><strong>Sekretari\u00e1t:<\/strong><\/p>\r\n\r\n\r\n\r\n<div class=\"wp-block-columns is-layout-flex wp-container-core-columns-is-layout-9d6595d7 wp-block-columns-is-layout-flex\">\r\n<div class=\"wp-block-column is-layout-flow wp-block-column-is-layout-flow\" style=\"flex-basis: 33.33%;\">\r\n<figure class=\"wp-block-image size-large is-resized\"><img loading=\"lazy\" decoding=\"async\" class=\"wp-image-594\" src=\"https:\/\/ktpe.website.tuke.sk\/wp\/wp-content\/uploads\/2020\/07\/Sopkova_m.jpg\" alt=\"\" width=\"103\" height=\"125\" \/><\/figure>\r\n<\/div>\r\n\r\n\r\n\r\n<div class=\"wp-block-column is-layout-flow wp-block-column-is-layout-flow\" style=\"flex-basis: 66.66%;\">\r\n<p><br \/>Ing. Mgr. Monika \u0160pernoga<\/p>\r\n\r\n\r\n\r\n<p>(Tel. +421 55 602 2707)<\/p>\r\n<\/div>\r\n<\/div>\r\n\r\n\r\n\r\n<p><strong>Profesori:<\/strong><\/p>\r\n\r\n\r\n\r\n<div class=\"wp-block-columns is-layout-flex wp-container-core-columns-is-layout-9d6595d7 wp-block-columns-is-layout-flex\">\r\n<div class=\"wp-block-column is-layout-flow wp-block-column-is-layout-flow\" style=\"flex-basis: 33.33%;\">\r\n<figure class=\"wp-block-image size-large is-resized\"><img loading=\"lazy\" decoding=\"async\" class=\"wp-image-586\" src=\"https:\/\/ktpe.website.tuke.sk\/wp\/wp-content\/uploads\/2020\/07\/Kovac_m.jpg\" alt=\"\" width=\"103\" height=\"125\" \/><\/figure>\r\n<\/div>\r\n\r\n\r\n\r\n<div class=\"wp-block-column is-layout-flow wp-block-column-is-layout-flow\" style=\"flex-basis: 66.66%;\">\r\n<p><br \/>prof. Ing. Dobroslav Kov\u00e1\u010d, CSc.<\/p>\r\n\r\n\r\n\r\n<p>(Tel. +421 55 602 2801)<\/p>\r\n<\/div>\r\n<\/div>\r\n\r\n\r\n\r\n<div class=\"wp-block-columns is-layout-flex wp-container-core-columns-is-layout-9d6595d7 wp-block-columns-is-layout-flex\">\r\n<div class=\"wp-block-column is-layout-flow wp-block-column-is-layout-flow\" style=\"flex-basis: 33.33%;\">\r\n<figure class=\"wp-block-image size-large is-resized\"><img loading=\"lazy\" decoding=\"async\" class=\"wp-image-596\" src=\"https:\/\/ktpe.website.tuke.sk\/wp\/wp-content\/uploads\/2020\/07\/Kovacova_m.jpg\" alt=\"\" width=\"103\" height=\"125\" \/><\/figure>\r\n<\/div>\r\n\r\n\r\n\r\n<div class=\"wp-block-column is-layout-flow wp-block-column-is-layout-flow\" style=\"flex-basis: 66.66%;\">\r\n<p><br \/>prof. Ing. Irena Kov\u00e1\u010dov\u00e1, CSc.<\/p>\r\n\r\n\r\n\r\n<p>(Tel. +421 55 602 2270)<\/p>\r\n<\/div>\r\n<\/div>\r\n\r\n\r\n\r\n<p><strong>Docenti:<\/strong><\/p>\r\n\r\n<div class=\"wp-block-columns is-layout-flex wp-container-core-columns-is-layout-9d6595d7 wp-block-columns-is-layout-flex\">\r\n<div class=\"wp-block-column is-layout-flow wp-block-column-is-layout-flow\" style=\"flex-basis: 33.33%;\">\r\n<figure class=\"wp-block-image size-large is-resized\"><img loading=\"lazy\" decoding=\"async\" class=\"wp-image-613\" src=\"https:\/\/ktpe.website.tuke.sk\/wp\/wp-content\/uploads\/2020\/07\/Beres_m.jpg\" alt=\"\" width=\"103\" height=\"125\" \/><\/figure>\r\n<\/div>\r\n\r\n\r\n\r\n<div class=\"wp-block-column is-layout-flow wp-block-column-is-layout-flow\" style=\"flex-basis: 66.66%;\">\r\n<p><br \/>doc. Ing. Matej Bere\u0161, PhD.<\/p>\r\n\r\n\r\n\r\n<p>z\u00e1stupca ved\u00faceho katedry<\/p>\r\n\r\n\r\n\r\n<p>(Tel. +421 55 602 2516)<\/p>\r\n<\/div>\r\n<\/div>\r\n\r\n\r\n\r\n<div class=\"wp-block-columns is-layout-flex wp-container-core-columns-is-layout-9d6595d7 wp-block-columns-is-layout-flex\">\r\n<div class=\"wp-block-column is-layout-flow wp-block-column-is-layout-flow\" style=\"flex-basis: 33.33%;\">\r\n<figure class=\"wp-block-image size-large is-resized\"><img loading=\"lazy\" decoding=\"async\" class=\"wp-image-597\" src=\"https:\/\/ktpe.website.tuke.sk\/wp\/wp-content\/uploads\/2020\/07\/Dudas_m.jpg\" alt=\"\" width=\"103\" height=\"125\" \/><\/figure>\r\n<\/div>\r\n\r\n\r\n\r\n<div class=\"wp-block-column is-layout-flow wp-block-column-is-layout-flow\" style=\"flex-basis: 66.66%;\">\r\n<p><br \/>doc. Ing. J\u00e1n Dud\u00e1\u0161, DrSc.<\/p>\r\n\r\n\r\n\r\n<p>(Tel. +421 55 602 2706)<\/p>\r\n<\/div>\r\n<\/div>\r\n\r\n\r\n\r\n<div class=\"wp-block-columns is-layout-flex wp-container-core-columns-is-layout-9d6595d7 wp-block-columns-is-layout-flex\">\r\n<div class=\"wp-block-column is-layout-flow wp-block-column-is-layout-flow\" style=\"flex-basis: 33.33%;\">\r\n<figure class=\"wp-block-image size-large is-resized\"><img loading=\"lazy\" decoding=\"async\" class=\"wp-image-602\" src=\"https:\/\/ktpe.website.tuke.sk\/wp\/wp-content\/uploads\/2020\/07\/Guzan_m.jpg\" alt=\"\" width=\"103\" height=\"125\" \/><\/figure>\r\n<\/div>\r\n\r\n\r\n\r\n<div class=\"wp-block-column is-layout-flow wp-block-column-is-layout-flow\" style=\"flex-basis: 66.66%;\">\r\n<p><br \/>doc. Ing. Milan Guzan, PhD.<\/p>\r\n\r\n\r\n\r\n<p>(Tel. +421 55 602 2874)<\/p>\r\n<\/div>\r\n<\/div>\r\n\r\n\r\n\r\n<div class=\"wp-block-columns is-layout-flex wp-container-core-columns-is-layout-9d6595d7 wp-block-columns-is-layout-flex\">\r\n<div class=\"wp-block-column is-layout-flow wp-block-column-is-layout-flow\" style=\"flex-basis: 33.33%;\">\r\n<figure class=\"wp-block-image size-large is-resized\"><img loading=\"lazy\" decoding=\"async\" class=\"wp-image-603\" src=\"https:\/\/ktpe.website.tuke.sk\/wp\/wp-content\/uploads\/2020\/07\/Mojzis_m.jpg\" alt=\"\" width=\"103\" height=\"125\" \/><\/figure>\r\n<\/div>\r\n\r\n\r\n\r\n<div class=\"wp-block-column is-layout-flow wp-block-column-is-layout-flow\" style=\"flex-basis: 66.66%;\">\r\n<p><br \/>doc. Ing. Miroslav Moj\u017ei\u0161, CSc.<\/p>\r\n\r\n\r\n\r\n<p>(Tel. +421 55 602 2873)<\/p>\r\n<\/div>\r\n<\/div>\r\n\r\n\r\n\r\n<div class=\"wp-block-columns is-layout-flex wp-container-core-columns-is-layout-9d6595d7 wp-block-columns-is-layout-flex\">\r\n<div class=\"wp-block-column is-layout-flow wp-block-column-is-layout-flow\" style=\"flex-basis: 33.33%;\">\r\n<figure class=\"wp-block-image size-large is-resized\"><img loading=\"lazy\" decoding=\"async\" class=\"wp-image-608\" src=\"https:\/\/ktpe.website.tuke.sk\/wp\/wp-content\/uploads\/2020\/07\/Spaldonova_m.jpg\" alt=\"\" width=\"103\" height=\"125\" \/><\/figure>\r\n<\/div>\r\n\r\n\r\n\r\n<div class=\"wp-block-column is-layout-flow wp-block-column-is-layout-flow\" style=\"flex-basis: 66.66%;\">\r\n<p><br \/>doc. RNDr. Darina \u0160paldonov\u00e1, CSc.<\/p>\r\n\r\n\r\n\r\n<p>(Tel. +421 55 602 2578)<\/p>\r\n<\/div>\r\n<\/div>\r\n\r\n\r\n\r\n<div class=\"wp-block-columns is-layout-flex wp-container-core-columns-is-layout-9d6595d7 wp-block-columns-is-layout-flex\">\r\n<div class=\"wp-block-column is-layout-flow wp-block-column-is-layout-flow\" style=\"flex-basis: 33.33%;\">\r\n<figure class=\"wp-block-image size-large is-resized\"><img loading=\"lazy\" decoding=\"async\" class=\"wp-image-611\" src=\"https:\/\/ktpe.website.tuke.sk\/wp\/wp-content\/uploads\/2020\/07\/Vince_m.jpg\" alt=\"\" width=\"103\" height=\"125\" \/><\/figure>\r\n<\/div>\r\n\r\n\r\n\r\n<div class=\"wp-block-column is-layout-flow wp-block-column-is-layout-flow\" style=\"flex-basis: 66.66%;\">\r\n<p><br \/>doc. Ing. Tibor Vince, PhD.<\/p>\r\n\r\n\r\n\r\n<p>(Tel. +421 55 602 2516)<\/p>\r\n<\/div>\r\n<\/div>\r\n\r\n\r\n\r\n<p><strong>Odborn\u00ed asistenti:<\/strong><\/p>\r\n\r\n\r\n\r\n<div class=\"wp-block-columns is-layout-flex wp-container-core-columns-is-layout-9d6595d7 wp-block-columns-is-layout-flex\">\r\n<div class=\"wp-block-column is-layout-flow wp-block-column-is-layout-flow\" style=\"flex-basis: 33.33%;\">\r\n<figure class=\"wp-block-image size-large is-resized\"><img loading=\"lazy\" decoding=\"async\" class=\"wp-image-615\" src=\"https:\/\/ktpe.website.tuke.sk\/wp\/wp-content\/uploads\/2020\/07\/Dziak_m.jpg\" alt=\"\" width=\"103\" height=\"125\" \/><\/figure>\r\n<\/div>\r\n\r\n\r\n\r\n<div class=\"wp-block-column is-layout-flow wp-block-column-is-layout-flow\" style=\"flex-basis: 66.66%;\">\r\n<p><br \/>Ing. Jozef Dziak, PhD.<\/p>\r\n\r\n\r\n\r\n<p>(Tel. +421 55 602 2873)<\/p>\r\n<\/div>\r\n<\/div>\r\n\r\n\r\n\r\n<div class=\"wp-block-columns is-layout-flex wp-container-core-columns-is-layout-9d6595d7 wp-block-columns-is-layout-flex\">\r\n<div class=\"wp-block-column is-layout-flow wp-block-column-is-layout-flow\" style=\"flex-basis: 33.33%;\">\r\n<figure class=\"wp-block-image size-large is-resized\"><img loading=\"lazy\" decoding=\"async\" class=\"wp-image-615\" src=\"https:\/\/ktpe.website.tuke.sk\/wp\/wp-content\/uploads\/2020\/07\/Fecko_m.jpg\" alt=\"\" width=\"103\" height=\"125\" \/><\/figure>\r\n<\/div>\r\n\r\n\r\n\r\n<div class=\"wp-block-column is-layout-flow wp-block-column-is-layout-flow\" style=\"flex-basis: 66.66%;\">\r\n<p><br \/>Ing. Branislav Fecko, PhD.<\/p>\r\n\r\n\r\n\r\n<p>(Tel. +421 55 602 2874)<\/p>\r\n<\/div>\r\n<\/div>\r\n\r\n\r\n\r\n<div class=\"wp-block-columns is-layout-flex wp-container-core-columns-is-layout-9d6595d7 wp-block-columns-is-layout-flex\">\r\n<div class=\"wp-block-column is-layout-flow wp-block-column-is-layout-flow\" style=\"flex-basis: 33.33%;\">\r\n<figure class=\"wp-block-image size-large is-resized\"><img loading=\"lazy\" decoding=\"async\" class=\"wp-image-620\" src=\"https:\/\/ktpe.website.tuke.sk\/wp\/wp-content\/uploads\/2020\/07\/Gans_m.jpg\" alt=\"\" width=\"103\" height=\"125\" \/><\/figure>\r\n<\/div>\r\n\r\n\r\n\r\n<div class=\"wp-block-column is-layout-flow wp-block-column-is-layout-flow\" style=\"flex-basis: 66.66%;\">\r\n<p><br \/>Ing. \u0160imon Gans, PhD. \r\n\r\n<\/p>\r\n<p>(Tel. +421 55 602 2875)<\/p>\r\n<p><\/p>\r\n<\/div>\r\n<\/div>\r\n\r\n\r\n\r\n<div class=\"wp-block-columns is-layout-flex wp-container-core-columns-is-layout-9d6595d7 wp-block-columns-is-layout-flex\">\r\n<div class=\"wp-block-column is-layout-flow wp-block-column-is-layout-flow\" style=\"flex-basis: 33.33%;\">\r\n<figure class=\"wp-block-image size-large is-resized\"><img loading=\"lazy\" decoding=\"async\" class=\"wp-image-616\" src=\"https:\/\/ktpe.website.tuke.sk\/wp\/wp-content\/uploads\/2020\/07\/Hodulikova_m.jpg\" alt=\"\" width=\"103\" height=\"125\" \/><\/figure>\r\n<\/div>\r\n\r\n\r\n\r\n<div class=\"wp-block-column is-layout-flow wp-block-column-is-layout-flow\" style=\"flex-basis: 66.66%;\">\r\n<p><br \/>Ing. Anna Hodul\u00edkov\u00e1, PhD.<\/p>\r\n\r\n\r\n\r\n<p>(Tel. +421 55 602 2841)<\/p>\r\n<\/div>\r\n<\/div>\r\n\r\n\r\n\r\n<div class=\"wp-block-columns is-layout-flex wp-container-core-columns-is-layout-9d6595d7 wp-block-columns-is-layout-flex\">\r\n<div class=\"wp-block-column is-layout-flow wp-block-column-is-layout-flow\" style=\"flex-basis: 33.33%;\">\r\n<figure class=\"wp-block-image size-large is-resized\"><img loading=\"lazy\" decoding=\"async\" class=\"wp-image-617\" src=\"https:\/\/ktpe.website.tuke.sk\/wp\/wp-content\/uploads\/2020\/07\/Jacko_m.jpg\" alt=\"\" width=\"103\" height=\"125\" \/><\/figure>\r\n<\/div>\r\n\r\n\r\n\r\n<div class=\"wp-block-column is-layout-flow wp-block-column-is-layout-flow\" style=\"flex-basis: 66.66%;\">\r\n<p><br \/>Ing. Patrik Jacko, PhD.<\/p>\r\n\r\n\r\n\r\n<p>\u0161tudijn\u00fd poradca<\/p>\r\n\r\n\r\n\r\n<p>(Tel. +421 55 602 2338)<\/p>\r\n<\/div>\r\n<\/div>\r\n\r\n\r\n\r\n<p><strong>THP pracovn\u00edci:<\/strong><\/p>\r\n\r\n\r\n\r\n<div class=\"wp-block-columns is-layout-flex wp-container-core-columns-is-layout-9d6595d7 wp-block-columns-is-layout-flex\">\r\n<div class=\"wp-block-column is-layout-flow wp-block-column-is-layout-flow\" style=\"flex-basis: 33.33%;\">\r\n<figure class=\"wp-block-image size-large is-resized\"><img loading=\"lazy\" decoding=\"async\" class=\"wp-image-618\" src=\"https:\/\/ktpe.website.tuke.sk\/wp\/wp-content\/uploads\/2020\/07\/Lenart_m2.jpg\" alt=\"\" width=\"103\" height=\"125\" \/><\/figure>\r\n<\/div>\r\n\r\n\r\n\r\n<div class=\"wp-block-column is-layout-flow wp-block-column-is-layout-flow\" style=\"flex-basis: 66.66%;\">\r\n<p><br \/>Jozef Lenart \r\n\r\n<\/p>\r\n<p>(Tel. +421 55 602 2802)<\/p>\r\n<p><\/p>\r\n<\/div>\r\n<\/div>\r\n\r\n\r\n\r\n<p><strong>Doktorandi:<\/strong><\/p>\r\n\r\n\r\n\r\n<div class=\"wp-block-columns is-layout-flex wp-container-core-columns-is-layout-9d6595d7 wp-block-columns-is-layout-flex\">\r\n<div class=\"wp-block-column is-layout-flow wp-block-column-is-layout-flow\" style=\"flex-basis: 33.33%;\">\r\n<figure class=\"wp-block-image size-large is-resized\"><img loading=\"lazy\" decoding=\"async\" class=\"wp-image-621\" src=\"https:\/\/ktpe.website.tuke.sk\/wp\/wp-content\/uploads\/2020\/07\/Kral_m.jpg\" alt=\"\" width=\"103\" height=\"125\" \/><\/figure>\r\n<\/div>\r\n\r\n\r\n\r\n<div class=\"wp-block-column is-layout-flow wp-block-column-is-layout-flow\" style=\"flex-basis: 66.66%;\">\r\n<p><br \/>Ing. Richard Kr\u00e1l \r\n\r\n<\/p>\r\n<p>(Tel. +421 55 602 2875)<\/p>\r\n<p><\/p>\r\n<\/div>\r\n<\/div>\r\n","protected":false},"excerpt":{"rendered":"<p>Ved\u00faci katedry: doc. Ing. J\u00e1n Moln\u00e1r, PhD. (Tel. +421 55 602 2592)\u00a0 Sekretari\u00e1t: Ing. Mgr. Monika \u0160pernoga (Tel. +421 55 602 2707) Profesori: prof. Ing. Dobroslav Kov\u00e1\u010d, CSc. (Tel. +421 55 602 2801) prof. Ing. Irena Kov\u00e1\u010dov\u00e1, CSc. (Tel. +421 55 602 2270)<\/p>\n","protected":false},"author":1,"featured_media":0,"parent":0,"menu_order":0,"comment_status":"closed","ping_status":"closed","template":"","meta":{"footnotes":""},"class_list":["post-482","page","type-page","status-publish","hentry"],"yoast_head":"<!-- This site is optimized with the Yoast SEO plugin v25.8 - https:\/\/yoast.com\/wordpress\/plugins\/seo\/ -->\n<title>Zamestnanci - KTPE<\/title>\n<meta name=\"robots\" content=\"index, follow, max-snippet:-1, max-image-preview:large, max-video-preview:-1\" \/>\n<link rel=\"canonical\" href=\"https:\/\/ktpe.website.tuke.sk\/wp\/?page_id=482\" \/>\n<meta property=\"og:locale\" content=\"sk_SK\" \/>\n<meta property=\"og:type\" content=\"article\" \/>\n<meta property=\"og:title\" content=\"Zamestnanci - KTPE\" \/>\n<meta property=\"og:description\" content=\"Ved\u00faci katedry: doc. Ing. J\u00e1n Moln\u00e1r, PhD. (Tel. +421 55 602 2592)\u00a0 Sekretari\u00e1t: Ing. Mgr. Monika \u0160pernoga (Tel. +421 55 602 2707) Profesori: prof. Ing. Dobroslav Kov\u00e1\u010d, CSc. (Tel. +421 55 602 2801) prof. Ing. Irena Kov\u00e1\u010dov\u00e1, CSc. (Tel. +421 55 602 2270)\" \/>\n<meta property=\"og:url\" content=\"https:\/\/ktpe.website.tuke.sk\/wp\/?page_id=482\" \/>\n<meta property=\"og:site_name\" content=\"KTPE\" \/>\n<meta property=\"article:publisher\" content=\"https:\/\/www.facebook.com\/profile.php?id=100087486357227\" \/>\n<meta property=\"article:modified_time\" content=\"2025-02-26T09:08:31+00:00\" \/>\n<meta property=\"og:image\" content=\"https:\/\/ktpe.website.tuke.sk\/wp\/wp-content\/uploads\/2020\/07\/Molnar_m.jpg\" \/>\n<meta name=\"twitter:card\" content=\"summary_large_image\" \/>\n<meta name=\"twitter:label1\" content=\"Predpokladan\u00fd \u010das \u010d\u00edtania\" \/>\n\t<meta name=\"twitter:data1\" content=\"1 min\u00fata\" \/>\n<script type=\"application\/ld+json\" class=\"yoast-schema-graph\">{\"@context\":\"https:\/\/schema.org\",\"@graph\":[{\"@type\":\"WebPage\",\"@id\":\"https:\/\/ktpe.website.tuke.sk\/wp\/?page_id=482\",\"url\":\"https:\/\/ktpe.website.tuke.sk\/wp\/?page_id=482\",\"name\":\"Zamestnanci - KTPE\",\"isPartOf\":{\"@id\":\"https:\/\/ktpe.website.tuke.sk\/wp\/#website\"},\"primaryImageOfPage\":{\"@id\":\"https:\/\/ktpe.website.tuke.sk\/wp\/?page_id=482#primaryimage\"},\"image\":{\"@id\":\"https:\/\/ktpe.website.tuke.sk\/wp\/?page_id=482#primaryimage\"},\"thumbnailUrl\":\"https:\/\/ktpe.website.tuke.sk\/wp\/wp-content\/uploads\/2020\/07\/Molnar_m.jpg\",\"datePublished\":\"2020-07-30T10:57:13+00:00\",\"dateModified\":\"2025-02-26T09:08:31+00:00\",\"breadcrumb\":{\"@id\":\"https:\/\/ktpe.website.tuke.sk\/wp\/?page_id=482#breadcrumb\"},\"inLanguage\":\"sk-SK\",\"potentialAction\":[{\"@type\":\"ReadAction\",\"target\":[\"https:\/\/ktpe.website.tuke.sk\/wp\/?page_id=482\"]}]},{\"@type\":\"ImageObject\",\"inLanguage\":\"sk-SK\",\"@id\":\"https:\/\/ktpe.website.tuke.sk\/wp\/?page_id=482#primaryimage\",\"url\":\"https:\/\/ktpe.website.tuke.sk\/wp\/wp-content\/uploads\/2020\/07\/Molnar_m.jpg\",\"contentUrl\":\"https:\/\/ktpe.website.tuke.sk\/wp\/wp-content\/uploads\/2020\/07\/Molnar_m.jpg\",\"width\":71,\"height\":85},{\"@type\":\"BreadcrumbList\",\"@id\":\"https:\/\/ktpe.website.tuke.sk\/wp\/?page_id=482#breadcrumb\",\"itemListElement\":[{\"@type\":\"ListItem\",\"position\":1,\"name\":\"Domovsk\u00e1 str\u00e1nka\",\"item\":\"https:\/\/ktpe.website.tuke.sk\/wp\/\"},{\"@type\":\"ListItem\",\"position\":2,\"name\":\"Zamestnanci\"}]},{\"@type\":\"WebSite\",\"@id\":\"https:\/\/ktpe.website.tuke.sk\/wp\/#website\",\"url\":\"https:\/\/ktpe.website.tuke.sk\/wp\/\",\"name\":\"KTPE\",\"description\":\"Katedra teoretickej a priemyselnej elektrotechniky\",\"publisher\":{\"@id\":\"https:\/\/ktpe.website.tuke.sk\/wp\/#organization\"},\"potentialAction\":[{\"@type\":\"SearchAction\",\"target\":{\"@type\":\"EntryPoint\",\"urlTemplate\":\"https:\/\/ktpe.website.tuke.sk\/wp\/?s={search_term_string}\"},\"query-input\":{\"@type\":\"PropertyValueSpecification\",\"valueRequired\":true,\"valueName\":\"search_term_string\"}}],\"inLanguage\":\"sk-SK\"},{\"@type\":\"Organization\",\"@id\":\"https:\/\/ktpe.website.tuke.sk\/wp\/#organization\",\"name\":\"KTPE FEI TUKE\",\"url\":\"https:\/\/ktpe.website.tuke.sk\/wp\/\",\"logo\":{\"@type\":\"ImageObject\",\"inLanguage\":\"sk-SK\",\"@id\":\"https:\/\/ktpe.website.tuke.sk\/wp\/#\/schema\/logo\/image\/\",\"url\":\"https:\/\/ktpe.website.tuke.sk\/wp\/wp-content\/uploads\/2020\/08\/KTPE-LOGO-V10-zlte.png\",\"contentUrl\":\"https:\/\/ktpe.website.tuke.sk\/wp\/wp-content\/uploads\/2020\/08\/KTPE-LOGO-V10-zlte.png\",\"width\":986,\"height\":295,\"caption\":\"KTPE FEI TUKE\"},\"image\":{\"@id\":\"https:\/\/ktpe.website.tuke.sk\/wp\/#\/schema\/logo\/image\/\"},\"sameAs\":[\"https:\/\/www.facebook.com\/profile.php?id=100087486357227\",\"https:\/\/www.instagram.com\/ktpe.tuke\/\",\"https:\/\/www.youtube.com\/channel\/UCxUc9Sxp-8dXz_tAlZtxUGw\"]}]}<\/script>\n<!-- \/ Yoast SEO plugin. -->","yoast_head_json":{"title":"Zamestnanci - KTPE","robots":{"index":"index","follow":"follow","max-snippet":"max-snippet:-1","max-image-preview":"max-image-preview:large","max-video-preview":"max-video-preview:-1"},"canonical":"https:\/\/ktpe.website.tuke.sk\/wp\/?page_id=482","og_locale":"sk_SK","og_type":"article","og_title":"Zamestnanci - KTPE","og_description":"Ved\u00faci katedry: doc. Ing. J\u00e1n Moln\u00e1r, PhD. (Tel. +421 55 602 2592)\u00a0 Sekretari\u00e1t: Ing. Mgr. Monika \u0160pernoga (Tel. +421 55 602 2707) Profesori: prof. Ing. Dobroslav Kov\u00e1\u010d, CSc. (Tel. +421 55 602 2801) prof. Ing. Irena Kov\u00e1\u010dov\u00e1, CSc. (Tel. +421 55 602 2270)","og_url":"https:\/\/ktpe.website.tuke.sk\/wp\/?page_id=482","og_site_name":"KTPE","article_publisher":"https:\/\/www.facebook.com\/profile.php?id=100087486357227","article_modified_time":"2025-02-26T09:08:31+00:00","og_image":[{"url":"https:\/\/ktpe.website.tuke.sk\/wp\/wp-content\/uploads\/2020\/07\/Molnar_m.jpg","type":"","width":"","height":""}],"twitter_card":"summary_large_image","twitter_misc":{"Predpokladan\u00fd \u010das \u010d\u00edtania":"1 min\u00fata"},"schema":{"@context":"https:\/\/schema.org","@graph":[{"@type":"WebPage","@id":"https:\/\/ktpe.website.tuke.sk\/wp\/?page_id=482","url":"https:\/\/ktpe.website.tuke.sk\/wp\/?page_id=482","name":"Zamestnanci - KTPE","isPartOf":{"@id":"https:\/\/ktpe.website.tuke.sk\/wp\/#website"},"primaryImageOfPage":{"@id":"https:\/\/ktpe.website.tuke.sk\/wp\/?page_id=482#primaryimage"},"image":{"@id":"https:\/\/ktpe.website.tuke.sk\/wp\/?page_id=482#primaryimage"},"thumbnailUrl":"https:\/\/ktpe.website.tuke.sk\/wp\/wp-content\/uploads\/2020\/07\/Molnar_m.jpg","datePublished":"2020-07-30T10:57:13+00:00","dateModified":"2025-02-26T09:08:31+00:00","breadcrumb":{"@id":"https:\/\/ktpe.website.tuke.sk\/wp\/?page_id=482#breadcrumb"},"inLanguage":"sk-SK","potentialAction":[{"@type":"ReadAction","target":["https:\/\/ktpe.website.tuke.sk\/wp\/?page_id=482"]}]},{"@type":"ImageObject","inLanguage":"sk-SK","@id":"https:\/\/ktpe.website.tuke.sk\/wp\/?page_id=482#primaryimage","url":"https:\/\/ktpe.website.tuke.sk\/wp\/wp-content\/uploads\/2020\/07\/Molnar_m.jpg","contentUrl":"https:\/\/ktpe.website.tuke.sk\/wp\/wp-content\/uploads\/2020\/07\/Molnar_m.jpg","width":71,"height":85},{"@type":"BreadcrumbList","@id":"https:\/\/ktpe.website.tuke.sk\/wp\/?page_id=482#breadcrumb","itemListElement":[{"@type":"ListItem","position":1,"name":"Domovsk\u00e1 str\u00e1nka","item":"https:\/\/ktpe.website.tuke.sk\/wp\/"},{"@type":"ListItem","position":2,"name":"Zamestnanci"}]},{"@type":"WebSite","@id":"https:\/\/ktpe.website.tuke.sk\/wp\/#website","url":"https:\/\/ktpe.website.tuke.sk\/wp\/","name":"KTPE","description":"Katedra teoretickej a priemyselnej elektrotechniky","publisher":{"@id":"https:\/\/ktpe.website.tuke.sk\/wp\/#organization"},"potentialAction":[{"@type":"SearchAction","target":{"@type":"EntryPoint","urlTemplate":"https:\/\/ktpe.website.tuke.sk\/wp\/?s={search_term_string}"},"query-input":{"@type":"PropertyValueSpecification","valueRequired":true,"valueName":"search_term_string"}}],"inLanguage":"sk-SK"},{"@type":"Organization","@id":"https:\/\/ktpe.website.tuke.sk\/wp\/#organization","name":"KTPE FEI TUKE","url":"https:\/\/ktpe.website.tuke.sk\/wp\/","logo":{"@type":"ImageObject","inLanguage":"sk-SK","@id":"https:\/\/ktpe.website.tuke.sk\/wp\/#\/schema\/logo\/image\/","url":"https:\/\/ktpe.website.tuke.sk\/wp\/wp-content\/uploads\/2020\/08\/KTPE-LOGO-V10-zlte.png","contentUrl":"https:\/\/ktpe.website.tuke.sk\/wp\/wp-content\/uploads\/2020\/08\/KTPE-LOGO-V10-zlte.png","width":986,"height":295,"caption":"KTPE FEI TUKE"},"image":{"@id":"https:\/\/ktpe.website.tuke.sk\/wp\/#\/schema\/logo\/image\/"},"sameAs":["https:\/\/www.facebook.com\/profile.php?id=100087486357227","https:\/\/www.instagram.com\/ktpe.tuke\/","https:\/\/www.youtube.com\/channel\/UCxUc9Sxp-8dXz_tAlZtxUGw"]}]}},"_links":{"self":[{"href":"https:\/\/ktpe.website.tuke.sk\/wp\/index.php?rest_route=\/wp\/v2\/pages\/482","targetHints":{"allow":["GET"]}}],"collection":[{"href":"https:\/\/ktpe.website.tuke.sk\/wp\/index.php?rest_route=\/wp\/v2\/pages"}],"about":[{"href":"https:\/\/ktpe.website.tuke.sk\/wp\/index.php?rest_route=\/wp\/v2\/types\/page"}],"author":[{"embeddable":true,"href":"https:\/\/ktpe.website.tuke.sk\/wp\/index.php?rest_route=\/wp\/v2\/users\/1"}],"replies":[{"embeddable":true,"href":"https:\/\/ktpe.website.tuke.sk\/wp\/index.php?rest_route=%2Fwp%2Fv2%2Fcomments&post=482"}],"version-history":[{"count":33,"href":"https:\/\/ktpe.website.tuke.sk\/wp\/index.php?rest_route=\/wp\/v2\/pages\/482\/revisions"}],"predecessor-version":[{"id":864,"href":"https:\/\/ktpe.website.tuke.sk\/wp\/index.php?rest_route=\/wp\/v2\/pages\/482\/revisions\/864"}],"wp:attachment":[{"href":"https:\/\/ktpe.website.tuke.sk\/wp\/index.php?rest_route=%2Fwp%2Fv2%2Fmedia&parent=482"}],"curies":[{"name":"wp","href":"https:\/\/api.w.org\/{rel}","templated":true}]}}