{"id":446,"date":"2020-07-09T09:16:42","date_gmt":"2020-07-09T07:16:42","guid":{"rendered":"https:\/\/ktpe.website.tuke.sk\/wp\/?page_id=446"},"modified":"2025-02-24T11:29:49","modified_gmt":"2025-02-24T10:29:49","slug":"inzinierske-studium","status":"publish","type":"page","link":"https:\/\/ktpe.website.tuke.sk\/wp\/?page_id=446","title":{"rendered":"In\u017einierske \u0161t\u00fadium"},"content":{"rendered":"<center>\r\n<h2>1. ro\u010dn\u00edk<\/h2>\r\n<\/center>\r\n<p>\r\n\r\n<\/p>\r\n<div class=\"wp-block-columns alignwide has-2-columns is-layout-flex wp-container-core-columns-is-layout-9d6595d7 wp-block-columns-is-layout-flex\">\r\n<div class=\"wp-block-column is-layout-flow wp-block-column-is-layout-flow\">\r\n<h4 class=\"wp-block-heading\">Zimn\u00fd semester<\/h4>\r\n\r\n\r\n\r\n<ul class=\"wp-block-list\">\r\n<li><strong>Aplik\u00e1cia DSP procesorov<\/strong>\r\n<ul>\r\n<li><a href=\"https:\/\/ktpe.website.tuke.sk\/wp\/wp-content\/uploads\/dokumenty\/ADSP_crv_ZS.pdf\" target=\"_blank\" rel=\"noreferrer noopener\" aria-label=\"undefined (otv\u00e1ra sa na novej karte)\">\u010dasov\u00fd rozvrh v\u00fdu\u010dby<\/a><\/li>\r\n<li><a href=\"https:\/\/ktpe.website.tuke.sk\/wp\/wp-content\/uploads\/dokumenty\/ADSP_podm_ZS.pdf\" target=\"_blank\" rel=\"noreferrer noopener\" aria-label=\"undefined (otv\u00e1ra sa na novej karte)\">podmienky absolvovania predmetu<\/a><\/li>\r\n<li>In\u00e9: <a href=\"http:\/\/ktpe.fei.tuke.sk\/jacko\/adsp.php\">web<\/a><\/li>\r\n<\/ul>\r\n<\/li>\r\n<\/ul>\r\n\r\n\r\n\r\n<ul class=\"wp-block-list\">\r\n<li><strong>Neline\u00e1rne elektromechanick\u00e9 syst\u00e9my<\/strong>\r\n<ul>\r\n<li><a href=\"https:\/\/ktpe.website.tuke.sk\/wp\/wp-content\/uploads\/dokumenty\/NES_crv_ZS.pdf\" target=\"_blank\" rel=\"noreferrer noopener\" aria-label=\"undefined (otv\u00e1ra sa na novej karte)\">\u010dasov\u00fd rozvrh v\u00fdu\u010dby<\/a><\/li>\r\n<li><a href=\"https:\/\/ktpe.website.tuke.sk\/wp\/wp-content\/uploads\/dokumenty\/NES_podm_ZS.pdf\" target=\"_blank\" rel=\"noreferrer noopener\" aria-label=\"undefined (otv\u00e1ra sa na novej karte)\">podmienky absolvovania predmetu<\/a><\/li>\r\n<li>In\u00e9: <a href=\"https:\/\/ktpe.fei.tuke.sk\/dziak\/nes\">web<\/a><\/li>\r\n<\/ul>\r\n<\/li>\r\n<\/ul>\r\n\r\n\r\n\r\n<ul class=\"wp-block-list\">\r\n<li><strong>Automatizovan\u00e9 syst\u00e9my merania a syst\u00e9my riaden\u00e9 Internetom<\/strong>\r\n<ul>\r\n<li><a href=\"https:\/\/ktpe.website.tuke.sk\/wp\/wp-content\/uploads\/dokumenty\/ASMaSRI_crv_ZS.pdf\" target=\"_blank\" rel=\"noreferrer noopener\" aria-label=\"undefined (otv\u00e1ra sa na novej karte)\">\u010dasov\u00fd rozvrh v\u00fdu\u010dby<\/a><\/li>\r\n<li><a href=\"https:\/\/ktpe.website.tuke.sk\/wp\/wp-content\/uploads\/dokumenty\/ASMaSRI_podm_ZS.pdf\" target=\"_blank\" rel=\"noreferrer noopener\" aria-label=\"undefined (otv\u00e1ra sa na novej karte)\">podmienky absolvovania predmetu<\/a><\/li>\r\n<li>In\u00e9: <a href=\"https:\/\/ktpe.website.tuke.sk\/wp\/wp-content\/uploads\/dokumenty\/literatura_ZS\/ASMaSRI_literatura_ZS.pdf\">literat\u00fara<\/a><\/li>\r\n<\/ul>\r\n<\/li>\r\n<\/ul>\r\n\r\n\r\n\r\n<ul class=\"wp-block-list\">\r\n<li><strong>Projektov\u00fd mana\u017ement<\/strong>\r\n<ul>\r\n<li><a href=\"https:\/\/ktpe.website.tuke.sk\/wp\/wp-content\/uploads\/dokumenty\/PM_crv_ZS.pdf\" target=\"_blank\" rel=\"noreferrer noopener\" aria-label=\"undefined (otv\u00e1ra sa na novej karte)\">\u010dasov\u00fd rozvrh v\u00fdu\u010dby<\/a><\/li>\r\n<li><a href=\"https:\/\/ktpe.website.tuke.sk\/wp\/wp-content\/uploads\/dokumenty\/PM_podm_ZS.pdf\" target=\"_blank\" rel=\"noreferrer noopener\" aria-label=\"undefined (otv\u00e1ra sa na novej karte)\">podmienky absolvovania predmetu<\/a><\/li>\r\n<li>In\u00e9: <a href=\"http:\/\/ktpe.fei.tuke.sk\/dziak\/pm\/\">web<\/a><\/li>\r\n<\/ul>\r\n<\/li>\r\n<\/ul>\r\n\r\n\r\n\r\n<ul class=\"wp-block-list\">\r\n<li><strong>V\u00fdvoj softv\u00e9rov\u00fdch aplik\u00e1ci\u00ed v priemyselnej elektrotechnike<\/strong>\r\n<ul>\r\n<li><a href=\"https:\/\/ktpe.website.tuke.sk\/wp\/wp-content\/uploads\/dokumenty\/VSAPE_crv_ZS.pdf\" target=\"_blank\" rel=\"noreferrer noopener\" aria-label=\"undefined (otv\u00e1ra sa na novej karte)\">\u010dasov\u00fd rozvrh v\u00fdu\u010dby<\/a><\/li>\r\n<li><a href=\"https:\/\/ktpe.website.tuke.sk\/wp\/wp-content\/uploads\/dokumenty\/VSAPE_podm_ZS.pdf\" target=\"_blank\" rel=\"noreferrer noopener\" aria-label=\"undefined (otv\u00e1ra sa na novej karte)\">podmienky absolvovania predmetu<\/a><\/li>\r\n<li>In\u00e9: <a href=\"https:\/\/ktpe.fei.tuke.sk\/vince\/vsape\/\">web<\/a><\/li>\r\n<\/ul>\r\n<\/li>\r\n<\/ul>\r\n\r\n\r\n\r\n<ul class=\"wp-block-list\">\r\n<li><strong>Elektromagnetick\u00e1 kompatibilita<\/strong>\r\n<ul>\r\n<li>\u010dasov\u00fd rozvrh v\u00fdu\u010dby<\/li>\r\n<li>podmienky absolvovania predmetu<\/li>\r\n<\/ul>\r\n<\/li>\r\n<\/ul>\r\n\r\n\r\n\r\n<ul class=\"wp-block-list\">\r\n<li><strong>Semestr\u00e1lny projekt<\/strong>\r\n<ul>\r\n<li>\u010dasov\u00fd rozvrh v\u00fdu\u010dby<\/li>\r\n<li>podmienky absolvovania predmetu<\/li>\r\n<\/ul>\r\n<\/li>\r\n<\/ul>\r\n\r\n\r\n\r\n<p>&nbsp;<\/p>\r\n<\/div>\r\n\r\n\r\n\r\n<div class=\"wp-block-column is-layout-flow wp-block-column-is-layout-flow\">\r\n<h4 class=\"wp-block-heading\">Letn\u00fd semester<\/h4>\r\n\r\n\r\n\r\n<ul class=\"wp-block-list\">\r\n<li><strong>Ekonomick\u00e9 rozbory a \u00fa\u010dtovn\u00edctvo<\/strong>\r\n<ul>\r\n<li><a href=\"https:\/\/ktpe.website.tuke.sk\/wp\/wp-content\/uploads\/dokumenty\/ERaU_crv_LS.pdf\">\u010dasov\u00fd rozvrh v\u00fdu\u010dby<\/a><\/li>\r\n<li><a href=\"https:\/\/ktpe.website.tuke.sk\/wp\/wp-content\/uploads\/dokumenty\/ERaU_podm_LS.pdf\">podmienky absolvovania predmetu<\/a><\/li>\r\n<\/ul>\r\n<\/li>\r\n<\/ul>\r\n\r\n\r\n\r\n<ul class=\"wp-block-list\">\r\n<li><strong>Opera\u010dn\u00fd syst\u00e9m &#8211; Linux II<\/strong>\r\n<ul>\r\n<li><a href=\"https:\/\/ktpe.website.tuke.sk\/wp\/wp-content\/uploads\/dokumenty\/LinuxII_crv_LS.pdf\">\u010dasov\u00fd rozvrh v\u00fdu\u010dby<\/a><\/li>\r\n<li><a href=\"https:\/\/ktpe.website.tuke.sk\/wp\/wp-content\/uploads\/dokumenty\/LinuxII_podm_LS.pdf\">podmienky absolvovania predmetu<\/a><\/li>\r\n<\/ul>\r\n<\/li>\r\n<\/ul>\r\n\r\n\r\n\r\n<ul class=\"wp-block-list\">\r\n<li><strong>Regula\u010dn\u00e9 syst\u00e9my<\/strong>\r\n<ul>\r\n<li>\u010dasov\u00fd rozvrh v\u00fdu\u010dby<\/li>\r\n<li>podmienky absolvovania predmetu<\/li>\r\n<\/ul>\r\n<\/li>\r\n<\/ul>\r\n\r\n\r\n\r\n<ul class=\"wp-block-list\">\r\n<li><strong>Riadiaca elektronika<\/strong>\r\n<ul>\r\n<li>\u010dasov\u00fd rozvrh v\u00fdu\u010dby<\/li>\r\n<li>podmienky absolvovania predmetu<\/li>\r\n<\/ul>\r\n<\/li>\r\n<\/ul>\r\n\r\n\r\n\r\n<ul class=\"wp-block-list\">\r\n<li><strong>Riadenie mont\u00e1\u017enych liniek programovate\u013en\u00fdmi automatmi<\/strong>\r\n<ul>\r\n<li><a href=\"https:\/\/ktpe.website.tuke.sk\/wp\/wp-content\/uploads\/dokumenty\/RML_crv_LS.pdf\">\u010dasov\u00fd rozvrh v\u00fdu\u010dby<\/a><\/li>\r\n<li><a href=\"https:\/\/ktpe.website.tuke.sk\/wp\/wp-content\/uploads\/dokumenty\/RML_podm_LS.pdf\">podmienky absolvovania predmetu<\/a><\/li>\r\n<\/ul>\r\n<\/li>\r\n<\/ul>\r\n\r\n\r\n\r\n<ul class=\"wp-block-list\">\r\n<li><strong>Servosyst\u00e9my<\/strong>\r\n<ul>\r\n<li><a href=\"https:\/\/ktpe.website.tuke.sk\/wp\/wp-content\/uploads\/dokumenty\/SS_crv_LS.pdf\">\u010dasov\u00fd rozvrh v\u00fdu\u010dby<\/a><\/li>\r\n<li><a href=\"https:\/\/ktpe.website.tuke.sk\/wp\/wp-content\/uploads\/dokumenty\/SS_podm_LS.pdf\">podmienky absolvovania predmetu<\/a><\/li>\r\n<\/ul>\r\n<\/li>\r\n<\/ul>\r\n\r\n\r\n\r\n<ul class=\"wp-block-list\">\r\n<li><strong>Diplomov\u00fd projekt I<\/strong><\/li>\r\n<\/ul>\r\n\r\n\r\n\r\n<ul class=\"wp-block-list\">\r\n<li><strong>Technologick\u00e1 prax vo firme I<\/strong><\/li>\r\n<\/ul>\r\n\r\n\r\n\r\n<p>&nbsp;<\/p>\r\n<\/div>\r\n<\/div>\r\n<p>\r\n\r\n<\/p>\r\n<hr class=\"wp-block-separator\" \/>\r\n<p>\r\n\r\n<\/p>\r\n<center>\r\n<h2>2. ro\u010dn\u00edk<\/h2>\r\n<\/center>\r\n<p>\r\n\r\n<\/p>\r\n<div class=\"wp-block-columns alignwide has-2-columns is-layout-flex wp-container-core-columns-is-layout-9d6595d7 wp-block-columns-is-layout-flex\">\r\n<div class=\"wp-block-column is-layout-flow wp-block-column-is-layout-flow\">\r\n<h4 class=\"wp-block-heading\">Zimn\u00fd semester<\/h4>\r\n\r\n\r\n\r\n<ul class=\"wp-block-list\">\r\n<li><strong>Elektromechanick\u00e9 v\u00fdrobn\u00e9 syst\u00e9my<\/strong>\r\n<ul>\r\n<li><a href=\"https:\/\/ktpe.website.tuke.sk\/wp\/wp-content\/uploads\/dokumenty\/EMVS_crv_ZS.pdf\" target=\"_blank\" rel=\"noreferrer noopener\" aria-label=\"undefined (otv\u00e1ra sa na novej karte)\">\u010dasov\u00fd rozvrh v\u00fdu\u010dby<\/a><\/li>\r\n<li><a href=\"https:\/\/ktpe.website.tuke.sk\/wp\/wp-content\/uploads\/dokumenty\/EMVS_podm_ZS.pdf\" target=\"_blank\" rel=\"noreferrer noopener\" aria-label=\"undefined (otv\u00e1ra sa na novej karte)\">podmienky absolvovania predmetu<\/a><\/li>\r\n<\/ul>\r\n<\/li>\r\n<\/ul>\r\n\r\n\r\n\r\n<ul class=\"wp-block-list\">\r\n<li><strong>Numerick\u00e9 met\u00f3dy v elektrotechnike<\/strong>\r\n<ul>\r\n<li><a href=\"https:\/\/ktpe.website.tuke.sk\/wp\/wp-content\/uploads\/dokumenty\/NM_crv_ZS.pdf\" target=\"_blank\" rel=\"noreferrer noopener\" aria-label=\"undefined (otv\u00e1ra sa na novej karte)\">\u010dasov\u00fd rozvrh v\u00fdu\u010dby<\/a><\/li>\r\n<li><a href=\"https:\/\/ktpe.website.tuke.sk\/wp\/wp-content\/uploads\/dokumenty\/NM_podm_ZS.pdf\" target=\"_blank\" rel=\"noreferrer noopener\" aria-label=\"undefined (otv\u00e1ra sa na novej karte)\">podmienky absolvovania predmetu<\/a><\/li>\r\n<\/ul>\r\n<\/li>\r\n<\/ul>\r\n\r\n\r\n\r\n<ul class=\"wp-block-list\">\r\n<li><strong>Opera\u010dn\u00fd syst\u00e9m &#8211; Windows server II<\/strong>\r\n<ul>\r\n<li><a href=\"https:\/\/ktpe.website.tuke.sk\/wp\/wp-content\/uploads\/dokumenty\/WS2_crv_ZS.pdf\" target=\"_blank\" rel=\"noreferrer noopener\" aria-label=\"undefined (otv\u00e1ra sa na novej karte)\">\u010dasov\u00fd rozvrh v\u00fdu\u010dby<\/a><\/li>\r\n<li><a href=\"https:\/\/ktpe.website.tuke.sk\/wp\/wp-content\/uploads\/dokumenty\/WS2_podm_ZS.pdf\" target=\"_blank\" rel=\"noreferrer noopener\" aria-label=\"undefined (otv\u00e1ra sa na novej karte)\">podmienky absolvovania predmetu<\/a><\/li>\r\n<li>In\u00e9: <a href=\"https:\/\/ktpe.fei.tuke.sk\/vince\/ws2\/\" target=\"_blank\" rel=\"noreferrer noopener\" aria-label=\"undefined (otv\u00e1ra sa na novej karte)\">web<\/a><\/li>\r\n<\/ul>\r\n<\/li>\r\n<\/ul>\r\n\r\n\r\n\r\n<ul class=\"wp-block-list\">\r\n<li><strong>Vizualiza\u010dn\u00e9 programy pre riadiace syst\u00e9my<\/strong>\r\n<ul>\r\n<li><a href=\"https:\/\/ktpe.website.tuke.sk\/wp\/wp-content\/uploads\/dokumenty\/VizPRS_crv_ZS.pdf\" target=\"_blank\" rel=\"noreferrer noopener\" aria-label=\"undefined (otv\u00e1ra sa na novej karte)\">\u010dasov\u00fd rozvrh v\u00fdu\u010dby<\/a><\/li>\r\n<li><a href=\"https:\/\/ktpe.website.tuke.sk\/wp\/wp-content\/uploads\/dokumenty\/VizPRS_podm_ZS.pdf\" target=\"_blank\" rel=\"noreferrer noopener\" aria-label=\"undefined (otv\u00e1ra sa na novej karte)\">podmienky absolvovania predmetu<\/a><\/li>\r\n<li>In\u00e9: <a href=\"https:\/\/ktpe.fei.tuke.sk\/dziak\/vizprs\/\">web<\/a><\/li>\r\n<\/ul>\r\n<\/li>\r\n<\/ul>\r\n\r\n\r\n\r\n<ul class=\"wp-block-list\">\r\n<li><strong>Diplomov\u00fd projekt II<\/strong><\/li>\r\n<\/ul>\r\n\r\n\r\n\r\n<ul class=\"wp-block-list\">\r\n<li><strong>Logistika v\u00fdrobn\u00fdch syst\u00e9mov<\/strong><\/li>\r\n<\/ul>\r\n\r\n\r\n\r\n<ul class=\"wp-block-list\">\r\n<li><strong>Technologick\u00e1 prax vo firme 2\u00a0<\/strong><\/li>\r\n<\/ul>\r\n\r\n\r\n\r\n<p>&nbsp;<\/p>\r\n<\/div>\r\n\r\n\r\n\r\n<div class=\"wp-block-column is-layout-flow wp-block-column-is-layout-flow\">\r\n<h4 class=\"wp-block-heading\">Letn\u00fd semester<\/h4>\r\n\r\n\r\n\r\n<ul class=\"wp-block-list\">\r\n<li><strong>Humanitn\u00e9 vedy<\/strong>\r\n<ul>\r\n<li><em>Katedra spolo\u010densk\u00fdch vied<\/em><\/li>\r\n<\/ul>\r\n<\/li>\r\n<\/ul>\r\n\r\n\r\n\r\n<ul class=\"wp-block-list\">\r\n<li><strong>Pracovn\u00e9 a obchodn\u00e9 pr\u00e1vo<\/strong>\r\n<ul>\r\n<li><em>Katedra elektrotechniky a mechatroniky<\/em><\/li>\r\n<\/ul>\r\n<\/li>\r\n<\/ul>\r\n\r\n\r\n\r\n<p><a href=\"https:\/\/ktpe.website.tuke.sk\/wp\/wp-content\/uploads\/dokumenty\/_ine\/Okruhy_otazok_Ing.doc\">Okruhy ot\u00e1zok<\/a>\u00a0 pre <strong>\u0161t\u00e1tne z\u00e1vere\u010dn\u00e9 sk\u00fa\u0161ky<\/strong> v in\u017einierskom stupni \u0161t\u00fadia \u0161tudijn\u00e9ho programu Priemyseln\u00e1 elektrotechnika.<\/p>\r\n\r\n\r\n\r\n<p><em>uveden\u00e9 predmety zabezpe\u010duj\u00fa katedry pridelen\u00e9 k jednotliv\u00fdm premetom !!!<\/em><\/p>\r\n<\/div>\r\n<\/div>\r\n<p><\/p>","protected":false},"excerpt":{"rendered":"<p>1. ro\u010dn\u00edk Zimn\u00fd semester Aplik\u00e1cia DSP procesorov \u010dasov\u00fd rozvrh v\u00fdu\u010dby podmienky absolvovania predmetu In\u00e9: web Neline\u00e1rne elektromechanick\u00e9 syst\u00e9my \u010dasov\u00fd rozvrh v\u00fdu\u010dby podmienky absolvovania predmetu In\u00e9: web Automatizovan\u00e9 syst\u00e9my merania a syst\u00e9my riaden\u00e9 Internetom \u010dasov\u00fd rozvrh v\u00fdu\u010dby podmienky absolvovania predmetu In\u00e9: literat\u00fara Projektov\u00fd mana\u017ement \u010dasov\u00fd rozvrh v\u00fdu\u010dby podmienky absolvovania predmetu In\u00e9:&hellip;<\/p>\n","protected":false},"author":1,"featured_media":0,"parent":0,"menu_order":0,"comment_status":"closed","ping_status":"closed","template":"","meta":{"footnotes":""},"class_list":["post-446","page","type-page","status-publish","hentry"],"yoast_head":"<!-- This site is optimized with the Yoast SEO plugin v25.8 - https:\/\/yoast.com\/wordpress\/plugins\/seo\/ -->\n<title>In\u017einierske \u0161t\u00fadium - KTPE<\/title>\n<meta name=\"robots\" content=\"index, follow, max-snippet:-1, max-image-preview:large, max-video-preview:-1\" \/>\n<link rel=\"canonical\" href=\"https:\/\/ktpe.website.tuke.sk\/wp\/?page_id=446\" \/>\n<meta property=\"og:locale\" content=\"sk_SK\" \/>\n<meta property=\"og:type\" content=\"article\" \/>\n<meta property=\"og:title\" content=\"In\u017einierske \u0161t\u00fadium - KTPE\" \/>\n<meta property=\"og:description\" content=\"1. ro\u010dn\u00edk Zimn\u00fd semester Aplik\u00e1cia DSP procesorov \u010dasov\u00fd rozvrh v\u00fdu\u010dby podmienky absolvovania predmetu In\u00e9: web Neline\u00e1rne elektromechanick\u00e9 syst\u00e9my \u010dasov\u00fd rozvrh v\u00fdu\u010dby podmienky absolvovania predmetu In\u00e9: web Automatizovan\u00e9 syst\u00e9my merania a syst\u00e9my riaden\u00e9 Internetom \u010dasov\u00fd rozvrh v\u00fdu\u010dby podmienky absolvovania predmetu In\u00e9: literat\u00fara Projektov\u00fd mana\u017ement \u010dasov\u00fd rozvrh v\u00fdu\u010dby podmienky absolvovania predmetu In\u00e9:&hellip;\" \/>\n<meta property=\"og:url\" content=\"https:\/\/ktpe.website.tuke.sk\/wp\/?page_id=446\" \/>\n<meta property=\"og:site_name\" content=\"KTPE\" \/>\n<meta property=\"article:publisher\" content=\"https:\/\/www.facebook.com\/profile.php?id=100087486357227\" \/>\n<meta property=\"article:modified_time\" content=\"2025-02-24T10:29:49+00:00\" \/>\n<meta name=\"twitter:card\" content=\"summary_large_image\" \/>\n<meta name=\"twitter:label1\" content=\"Predpokladan\u00fd \u010das \u010d\u00edtania\" \/>\n\t<meta name=\"twitter:data1\" content=\"2 min\u00faty\" \/>\n<script type=\"application\/ld+json\" class=\"yoast-schema-graph\">{\"@context\":\"https:\/\/schema.org\",\"@graph\":[{\"@type\":\"WebPage\",\"@id\":\"https:\/\/ktpe.website.tuke.sk\/wp\/?page_id=446\",\"url\":\"https:\/\/ktpe.website.tuke.sk\/wp\/?page_id=446\",\"name\":\"In\u017einierske \u0161t\u00fadium - KTPE\",\"isPartOf\":{\"@id\":\"https:\/\/ktpe.website.tuke.sk\/wp\/#website\"},\"datePublished\":\"2020-07-09T07:16:42+00:00\",\"dateModified\":\"2025-02-24T10:29:49+00:00\",\"breadcrumb\":{\"@id\":\"https:\/\/ktpe.website.tuke.sk\/wp\/?page_id=446#breadcrumb\"},\"inLanguage\":\"sk-SK\",\"potentialAction\":[{\"@type\":\"ReadAction\",\"target\":[\"https:\/\/ktpe.website.tuke.sk\/wp\/?page_id=446\"]}]},{\"@type\":\"BreadcrumbList\",\"@id\":\"https:\/\/ktpe.website.tuke.sk\/wp\/?page_id=446#breadcrumb\",\"itemListElement\":[{\"@type\":\"ListItem\",\"position\":1,\"name\":\"Domovsk\u00e1 str\u00e1nka\",\"item\":\"https:\/\/ktpe.website.tuke.sk\/wp\/\"},{\"@type\":\"ListItem\",\"position\":2,\"name\":\"In\u017einierske \u0161t\u00fadium\"}]},{\"@type\":\"WebSite\",\"@id\":\"https:\/\/ktpe.website.tuke.sk\/wp\/#website\",\"url\":\"https:\/\/ktpe.website.tuke.sk\/wp\/\",\"name\":\"KTPE\",\"description\":\"Katedra teoretickej a priemyselnej elektrotechniky\",\"publisher\":{\"@id\":\"https:\/\/ktpe.website.tuke.sk\/wp\/#organization\"},\"potentialAction\":[{\"@type\":\"SearchAction\",\"target\":{\"@type\":\"EntryPoint\",\"urlTemplate\":\"https:\/\/ktpe.website.tuke.sk\/wp\/?s={search_term_string}\"},\"query-input\":{\"@type\":\"PropertyValueSpecification\",\"valueRequired\":true,\"valueName\":\"search_term_string\"}}],\"inLanguage\":\"sk-SK\"},{\"@type\":\"Organization\",\"@id\":\"https:\/\/ktpe.website.tuke.sk\/wp\/#organization\",\"name\":\"KTPE FEI TUKE\",\"url\":\"https:\/\/ktpe.website.tuke.sk\/wp\/\",\"logo\":{\"@type\":\"ImageObject\",\"inLanguage\":\"sk-SK\",\"@id\":\"https:\/\/ktpe.website.tuke.sk\/wp\/#\/schema\/logo\/image\/\",\"url\":\"https:\/\/ktpe.website.tuke.sk\/wp\/wp-content\/uploads\/2020\/08\/KTPE-LOGO-V10-zlte.png\",\"contentUrl\":\"https:\/\/ktpe.website.tuke.sk\/wp\/wp-content\/uploads\/2020\/08\/KTPE-LOGO-V10-zlte.png\",\"width\":986,\"height\":295,\"caption\":\"KTPE FEI TUKE\"},\"image\":{\"@id\":\"https:\/\/ktpe.website.tuke.sk\/wp\/#\/schema\/logo\/image\/\"},\"sameAs\":[\"https:\/\/www.facebook.com\/profile.php?id=100087486357227\",\"https:\/\/www.instagram.com\/ktpe.tuke\/\",\"https:\/\/www.youtube.com\/channel\/UCxUc9Sxp-8dXz_tAlZtxUGw\"]}]}<\/script>\n<!-- \/ Yoast SEO plugin. -->","yoast_head_json":{"title":"In\u017einierske \u0161t\u00fadium - KTPE","robots":{"index":"index","follow":"follow","max-snippet":"max-snippet:-1","max-image-preview":"max-image-preview:large","max-video-preview":"max-video-preview:-1"},"canonical":"https:\/\/ktpe.website.tuke.sk\/wp\/?page_id=446","og_locale":"sk_SK","og_type":"article","og_title":"In\u017einierske \u0161t\u00fadium - KTPE","og_description":"1. ro\u010dn\u00edk Zimn\u00fd semester Aplik\u00e1cia DSP procesorov \u010dasov\u00fd rozvrh v\u00fdu\u010dby podmienky absolvovania predmetu In\u00e9: web Neline\u00e1rne elektromechanick\u00e9 syst\u00e9my \u010dasov\u00fd rozvrh v\u00fdu\u010dby podmienky absolvovania predmetu In\u00e9: web Automatizovan\u00e9 syst\u00e9my merania a syst\u00e9my riaden\u00e9 Internetom \u010dasov\u00fd rozvrh v\u00fdu\u010dby podmienky absolvovania predmetu In\u00e9: literat\u00fara Projektov\u00fd mana\u017ement \u010dasov\u00fd rozvrh v\u00fdu\u010dby podmienky absolvovania predmetu In\u00e9:&hellip;","og_url":"https:\/\/ktpe.website.tuke.sk\/wp\/?page_id=446","og_site_name":"KTPE","article_publisher":"https:\/\/www.facebook.com\/profile.php?id=100087486357227","article_modified_time":"2025-02-24T10:29:49+00:00","twitter_card":"summary_large_image","twitter_misc":{"Predpokladan\u00fd \u010das \u010d\u00edtania":"2 min\u00faty"},"schema":{"@context":"https:\/\/schema.org","@graph":[{"@type":"WebPage","@id":"https:\/\/ktpe.website.tuke.sk\/wp\/?page_id=446","url":"https:\/\/ktpe.website.tuke.sk\/wp\/?page_id=446","name":"In\u017einierske \u0161t\u00fadium - KTPE","isPartOf":{"@id":"https:\/\/ktpe.website.tuke.sk\/wp\/#website"},"datePublished":"2020-07-09T07:16:42+00:00","dateModified":"2025-02-24T10:29:49+00:00","breadcrumb":{"@id":"https:\/\/ktpe.website.tuke.sk\/wp\/?page_id=446#breadcrumb"},"inLanguage":"sk-SK","potentialAction":[{"@type":"ReadAction","target":["https:\/\/ktpe.website.tuke.sk\/wp\/?page_id=446"]}]},{"@type":"BreadcrumbList","@id":"https:\/\/ktpe.website.tuke.sk\/wp\/?page_id=446#breadcrumb","itemListElement":[{"@type":"ListItem","position":1,"name":"Domovsk\u00e1 str\u00e1nka","item":"https:\/\/ktpe.website.tuke.sk\/wp\/"},{"@type":"ListItem","position":2,"name":"In\u017einierske \u0161t\u00fadium"}]},{"@type":"WebSite","@id":"https:\/\/ktpe.website.tuke.sk\/wp\/#website","url":"https:\/\/ktpe.website.tuke.sk\/wp\/","name":"KTPE","description":"Katedra teoretickej a priemyselnej elektrotechniky","publisher":{"@id":"https:\/\/ktpe.website.tuke.sk\/wp\/#organization"},"potentialAction":[{"@type":"SearchAction","target":{"@type":"EntryPoint","urlTemplate":"https:\/\/ktpe.website.tuke.sk\/wp\/?s={search_term_string}"},"query-input":{"@type":"PropertyValueSpecification","valueRequired":true,"valueName":"search_term_string"}}],"inLanguage":"sk-SK"},{"@type":"Organization","@id":"https:\/\/ktpe.website.tuke.sk\/wp\/#organization","name":"KTPE FEI TUKE","url":"https:\/\/ktpe.website.tuke.sk\/wp\/","logo":{"@type":"ImageObject","inLanguage":"sk-SK","@id":"https:\/\/ktpe.website.tuke.sk\/wp\/#\/schema\/logo\/image\/","url":"https:\/\/ktpe.website.tuke.sk\/wp\/wp-content\/uploads\/2020\/08\/KTPE-LOGO-V10-zlte.png","contentUrl":"https:\/\/ktpe.website.tuke.sk\/wp\/wp-content\/uploads\/2020\/08\/KTPE-LOGO-V10-zlte.png","width":986,"height":295,"caption":"KTPE FEI TUKE"},"image":{"@id":"https:\/\/ktpe.website.tuke.sk\/wp\/#\/schema\/logo\/image\/"},"sameAs":["https:\/\/www.facebook.com\/profile.php?id=100087486357227","https:\/\/www.instagram.com\/ktpe.tuke\/","https:\/\/www.youtube.com\/channel\/UCxUc9Sxp-8dXz_tAlZtxUGw"]}]}},"_links":{"self":[{"href":"https:\/\/ktpe.website.tuke.sk\/wp\/index.php?rest_route=\/wp\/v2\/pages\/446","targetHints":{"allow":["GET"]}}],"collection":[{"href":"https:\/\/ktpe.website.tuke.sk\/wp\/index.php?rest_route=\/wp\/v2\/pages"}],"about":[{"href":"https:\/\/ktpe.website.tuke.sk\/wp\/index.php?rest_route=\/wp\/v2\/types\/page"}],"author":[{"embeddable":true,"href":"https:\/\/ktpe.website.tuke.sk\/wp\/index.php?rest_route=\/wp\/v2\/users\/1"}],"replies":[{"embeddable":true,"href":"https:\/\/ktpe.website.tuke.sk\/wp\/index.php?rest_route=%2Fwp%2Fv2%2Fcomments&post=446"}],"version-history":[{"count":26,"href":"https:\/\/ktpe.website.tuke.sk\/wp\/index.php?rest_route=\/wp\/v2\/pages\/446\/revisions"}],"predecessor-version":[{"id":862,"href":"https:\/\/ktpe.website.tuke.sk\/wp\/index.php?rest_route=\/wp\/v2\/pages\/446\/revisions\/862"}],"wp:attachment":[{"href":"https:\/\/ktpe.website.tuke.sk\/wp\/index.php?rest_route=%2Fwp%2Fv2%2Fmedia&parent=446"}],"curies":[{"name":"wp","href":"https:\/\/api.w.org\/{rel}","templated":true}]}}