{"id":394,"date":"2020-07-06T14:48:23","date_gmt":"2020-07-06T12:48:23","guid":{"rendered":"http:\/\/ktpe.fei.tuke.sk\/jacko\/wp-edu\/?page_id=394"},"modified":"2025-06-03T10:45:43","modified_gmt":"2025-06-03T08:45:43","slug":"kurz-elektrotechniky","status":"publish","type":"page","link":"https:\/\/ktpe.website.tuke.sk\/wp\/?page_id=394","title":{"rendered":"Kurz elektrotechniky"},"content":{"rendered":"\r\n<h4 class=\"wp-block-heading\"><strong>Pr\u00edpravn\u00fd kurz elektrotechniky<\/strong><\/h4>\r\n\r\n\r\n<hr class=\"wp-block-separator\" \/>\r\n\r\n\r\n<p>Katedra teoretickej a priemyselnej elektrotechniky FEI TU v Ko\u0161iciach, V\u00e1m pon\u00faka intenz\u00edvny\u00a0<strong>Kurz elektrotechniky<\/strong>\u00a0prebiehaj\u00faci v d\u0148och\u00a0<strong>1. &#8211; 5. 9. 2025<\/strong>. Kurz v rozsahu 20 hod\u00edn je zameran\u00fd na doplnenie vedomost\u00ed z elektrotechniky u absolventov r\u00f4znych typov a \u00farovn\u00ed stredn\u00fdch \u0161k\u00f4l. Je odpor\u00fa\u010dan\u00fd najm\u00e4 absolventom zo \u0161k\u00f4l nie elektrotechnick\u00e9ho zamerania. Absolvovanie kurzu m\u00f4\u017ee napom\u00f4c\u0165 \u00faspe\u0161n\u00e9mu zvl\u00e1dnutiu predmetu\u00a0<em><strong>Z\u00e1klady elektrotechnick\u00e9ho in\u017einierstva<\/strong>\u00a0<\/em>v zimnom semestri resp. predmetu\u00a0<strong>Elektrotechnika<\/strong>\u00a0v letnom semestri 1. ro\u010dn\u00edka \u0161t\u00fadia a na t\u00fato problematiku nadv\u00e4zuj\u00facich predmetov v \u010fal\u0161\u00edch semestroch.<\/p>\r\n\r\n\r\n\r\n<p>Cena kurzu:\u00a0<strong>55,- \u20ac<\/strong><\/p>\r\n\r\n\r\n\r\n<p>Prv\u00e9 stretnutie \u00fa\u010dastn\u00edkov, spojen\u00e9 s \u00favodnou predn\u00e1\u0161kou, bude d\u0148a 1. 9. 2025 od 13:15 do 16:45 hod. V \u010fal\u0161\u00edch d\u0148och bude kurz prebieha\u0165 od 8:30 do 12:00 hod. Cel\u00fd kurz bude prebieha\u0165 v posluch\u00e1rni P25 (Letn\u00e1 9, B-blok, pr\u00edzemie). Praktick\u00e1 \u010das\u0165 bude realizovan\u00e1 v skupink\u00e1ch (max. dvaja \u00fa\u010dastn\u00edci kurzu v skupinke).<\/p>\r\n\r\n\r\n\r\n<p>Preberan\u00e9 okruhy (v\u00fdber):\u00a0<em>Jednosmern\u00e9 (j.s.) ide\u00e1lne a re\u00e1lne zdroje nap\u00e4tia a pr\u00fadu, zapojenia pas\u00edvnych prvkov (rezistor, cievka a kondenz\u00e1tor) v obvodoch s j.s. zdrojmi, Ohmov z\u00e1kon, anal\u00fdza elektrick\u00fdch obvodov \u2013 I. a II. Kirchhoffov z\u00e1kon, pr\u00fadov\u00fd a nap\u00e4\u0165ov\u00fd deli\u010d, met\u00f3da priameho pou\u017eitia Kirchhoffov\u00fdch z\u00e1konov, pr\u00fadov\u00fd a nap\u00e4\u0165ov\u00fd deli\u010d, uk\u00e1\u017eka pou\u017eitia osciloskopu v obvodoch s j.s. a striedav\u00fdmi zdrojmi.<\/em>\u00a0<strong>Na kurz je potrebn\u00e9 si prinies\u0165 kalkula\u010dku, zo\u0161it a p\u00edsacie potreby.\u00a0<\/strong>\u00a0<\/p>\r\n\r\n\r\n\r\n<p>Na ubytovanie v \u0160D po\u010das kurzu maj\u00fa n\u00e1rok \u0161tudenti, ktor\u00fdm bolo zaslan\u00e9 rozhodnutie o ubytovan\u00ed a v \u010dase kurzu bud\u00fa riadne ubytovan\u00ed (tj. podp\u00edsan\u00e1 platn\u00e1 zmluva o ubytovan\u00ed, pridelen\u00e1 izba a vyzdvihnut\u00fd k\u013e\u00fa\u010d od izby). Odpor\u00fa\u010dame zav\u010dasu si rezervova\u0165 konkr\u00e9tny term\u00edn na vybavenie administrat\u00edvy, potrebnej k riadnemu ubytovaniu (podrobnosti rezerv\u00e1cie bud\u00fa prilo\u017een\u00e9 v zaslanom rozhodnut\u00ed o ubytovan\u00ed). V pr\u00edpade z\u00e1ujmu o <strong>Kurz elektrotechniky<\/strong>, uhra\u010fte sumu\u00a0<strong>55,- \u20ac<\/strong>\u00a0na \u010d\u00edslo \u00fa\u010dtu:<\/p>\r\n\r\n\r\n\r\n<p><strong>SK82 8180 0000 0070 0015 1433<\/strong><\/p>\r\n\r\n\r\n\r\n<p>Kon\u0161tantn\u00fd symbol:\u00a0<strong>0308<\/strong>, variabiln\u00fd symbol:\u00a0<strong>104003<\/strong>,\u00a0<em>(SWIFT: SPSRSKBAXXX)<\/em>. Do spr\u00e1vy pre prij\u00edmate\u013ea uve\u010fte meno a priezvisko \u00fa\u010dastn\u00edka a n\u00e1zov kurzu. \u00a0<\/p>\r\n\r\n\r\n\r\n<p>S\u00fa\u010dasne za\u0161lite\u00a0<a href=\"https:\/\/ktpe.website.tuke.sk\/wp\/wp-content\/uploads\/dokumenty\\_ine\\KELE\\KurzET.docx\">prihl\u00e1\u0161ku<\/a>\u00a0na kurz spolu\u00a0<strong>s potvrden\u00edm o zaplaten\u00ed\u00a0<\/strong>mailom (<a href=\"mailto:milan.guzan@tuke.sk\">milan.guzan@tuke.sk<\/a>) , alebo po\u0161tou do\u00a0<strong>28. 8. 2025<\/strong>\u00a0na adresu:<\/p>\r\n\r\n\r\n\r\n<blockquote class=\"wp-block-quote is-layout-flow wp-block-quote-is-layout-flow\">\r\n<p>Katedra teoretickej a priemyselnej elektrotechniky (KELE25)<br \/>FEI TU v Ko\u0161iciach<br \/>Park Komensk\u00e9ho 3\u00a0<br \/>042 00 Ko\u0161ice\u00a0<\/p>\r\n<\/blockquote>\r\n\r\n\r\n\r\n<p>Garant kurzu:<br \/>doc. Ing. Milan Guzan, PhD.<br \/>Katedra teoretickej a priemyselnej elektrotechniky,<br \/>Park Komensk\u00e9ho 3, FEI TU v Ko\u0161iciach,<br \/>tel. 055\/602 2874,\u00a0e-mail:\u00a0<a href=\"http:\/\/kteem.fei.tuke.sk\/%22mailto:Milan.Guzan@tuke.sk\/%22\">milan.guzan@tuke.sk<\/a><br \/>Inform\u00e1cie je mo\u017en\u00e9 z\u00edska\u0165 aj na: 055\/602 27 07 (sekretari\u00e1t)<\/p>\r\n<p><strong>Gal\u00e9ria:<\/strong><\/p>\r\n<!-- Photo Gallery -->\r\n<table style=\"width: 100%; border-collapse: collapse;\">\r\n<tbody>\r\n<tr>\r\n<td style=\"padding: 5px; text-align: center;\"><a href=\"https:\/\/ktpe.website.tuke.sk\/wp\/wp-content\/uploads\/dokumenty\/_ine\/KELE\/foto\/20230903_191825.jpg\" target=\"_blank\" rel=\"noopener noreferrer\"> <img decoding=\"async\" style=\"height: 150px; width: auto;\" src=\"https:\/\/ktpe.website.tuke.sk\/wp\/wp-content\/uploads\/dokumenty\/_ine\/KELE\/foto\/thumbs\/thumb_20230903_191825.jpg\" alt=\"20230903_191825.jpg\" \/> <\/a><\/td>\r\n<td style=\"padding: 5px; text-align: center;\"><a href=\"https:\/\/ktpe.website.tuke.sk\/wp\/wp-content\/uploads\/dokumenty\/_ine\/KELE\/foto\/20230903_191858.jpg\" target=\"_blank\" rel=\"noopener noreferrer\"> <img decoding=\"async\" style=\"height: 150px; width: auto;\" src=\"https:\/\/ktpe.website.tuke.sk\/wp\/wp-content\/uploads\/dokumenty\/_ine\/KELE\/foto\/thumbs\/thumb_20230903_191858.jpg\" alt=\"20230903_191858.jpg\" \/> <\/a><\/td>\r\n<td style=\"padding: 5px; text-align: center;\"><a href=\"https:\/\/ktpe.website.tuke.sk\/wp\/wp-content\/uploads\/dokumenty\/_ine\/KELE\/foto\/20230903_192011.jpg\" target=\"_blank\" rel=\"noopener noreferrer\"> <img decoding=\"async\" style=\"height: 150px; width: auto;\" src=\"https:\/\/ktpe.website.tuke.sk\/wp\/wp-content\/uploads\/dokumenty\/_ine\/KELE\/foto\/thumbs\/thumb_20230903_192011.jpg\" alt=\"20230903_192011.jpg\" \/> <\/a><\/td>\r\n<\/tr>\r\n<tr>\r\n<td style=\"padding: 5px; text-align: center;\"><a href=\"https:\/\/ktpe.website.tuke.sk\/wp\/wp-content\/uploads\/dokumenty\/_ine\/KELE\/foto\/20230904_140351.jpg\" target=\"_blank\" rel=\"noopener noreferrer\"> <img decoding=\"async\" style=\"height: 150px; width: auto;\" src=\"https:\/\/ktpe.website.tuke.sk\/wp\/wp-content\/uploads\/dokumenty\/_ine\/KELE\/foto\/thumbs\/thumb_20230904_140351.jpg\" alt=\"20230904_140351.jpg\" \/> <\/a><\/td>\r\n<td style=\"padding: 5px; text-align: center;\"><a href=\"https:\/\/ktpe.website.tuke.sk\/wp\/wp-content\/uploads\/dokumenty\/_ine\/KELE\/foto\/20230907_111925.jpg\" target=\"_blank\" rel=\"noopener noreferrer\"> <img decoding=\"async\" style=\"height: 150px; width: auto;\" src=\"https:\/\/ktpe.website.tuke.sk\/wp\/wp-content\/uploads\/dokumenty\/_ine\/KELE\/foto\/thumbs\/thumb_20230907_111925.jpg\" alt=\"20230907_111925.jpg\" \/> <\/a><\/td>\r\n<td style=\"padding: 5px; text-align: center;\"><a href=\"https:\/\/ktpe.website.tuke.sk\/wp\/wp-content\/uploads\/dokumenty\/_ine\/KELE\/foto\/20230907_111952.jpg\" target=\"_blank\" rel=\"noopener noreferrer\"> <img decoding=\"async\" style=\"height: 150px; width: auto;\" src=\"https:\/\/ktpe.website.tuke.sk\/wp\/wp-content\/uploads\/dokumenty\/_ine\/KELE\/foto\/thumbs\/thumb_20230907_111952.jpg\" alt=\"20230907_111952.jpg\" \/> <\/a><\/td>\r\n<\/tr>\r\n<tr>\r\n<td style=\"padding: 5px; text-align: center;\"><a href=\"https:\/\/ktpe.website.tuke.sk\/wp\/wp-content\/uploads\/dokumenty\/_ine\/KELE\/foto\/20230907_112004.jpg\" target=\"_blank\" rel=\"noopener noreferrer\"> <img decoding=\"async\" style=\"height: 150px; width: auto;\" src=\"https:\/\/ktpe.website.tuke.sk\/wp\/wp-content\/uploads\/dokumenty\/_ine\/KELE\/foto\/thumbs\/thumb_20230907_112004.jpg\" alt=\"20230907_112004.jpg\" \/> <\/a><\/td>\r\n<td style=\"padding: 5px; text-align: center;\"><a href=\"https:\/\/ktpe.website.tuke.sk\/wp\/wp-content\/uploads\/dokumenty\/_ine\/KELE\/foto\/20230907_112008.jpg\" target=\"_blank\" rel=\"noopener noreferrer\"> <img decoding=\"async\" style=\"height: 150px; width: auto;\" src=\"https:\/\/ktpe.website.tuke.sk\/wp\/wp-content\/uploads\/dokumenty\/_ine\/KELE\/foto\/thumbs\/thumb_20230907_112008.jpg\" alt=\"20230907_112008.jpg\" \/> <\/a><\/td>\r\n<td style=\"padding: 5px; text-align: center;\"><a href=\"https:\/\/ktpe.website.tuke.sk\/wp\/wp-content\/uploads\/dokumenty\/_ine\/KELE\/foto\/20230907_112038.jpg\" target=\"_blank\" rel=\"noopener noreferrer\"> <img decoding=\"async\" style=\"height: 150px; width: auto;\" src=\"https:\/\/ktpe.website.tuke.sk\/wp\/wp-content\/uploads\/dokumenty\/_ine\/KELE\/foto\/thumbs\/thumb_20230907_112038.jpg\" alt=\"20230907_112038.jpg\" \/> <\/a><\/td>\r\n<\/tr>\r\n<\/tbody>\r\n<\/table>","protected":false},"excerpt":{"rendered":"<p>Pr\u00edpravn\u00fd kurz elektrotechniky Katedra teoretickej a priemyselnej elektrotechniky FEI TU v Ko\u0161iciach, V\u00e1m pon\u00faka intenz\u00edvny\u00a0Kurz elektrotechniky\u00a0prebiehaj\u00faci v d\u0148och\u00a01. &#8211; 5. 9. 2025. Kurz v rozsahu 20 hod\u00edn je zameran\u00fd na doplnenie vedomost\u00ed z elektrotechniky u absolventov r\u00f4znych typov a \u00farovn\u00ed stredn\u00fdch \u0161k\u00f4l. Je odpor\u00fa\u010dan\u00fd najm\u00e4 absolventom zo \u0161k\u00f4l nie elektrotechnick\u00e9ho&hellip;<\/p>\n","protected":false},"author":1,"featured_media":0,"parent":0,"menu_order":0,"comment_status":"closed","ping_status":"closed","template":"","meta":{"footnotes":""},"class_list":["post-394","page","type-page","status-publish","hentry"],"yoast_head":"<!-- This site is optimized with the Yoast SEO plugin v25.8 - https:\/\/yoast.com\/wordpress\/plugins\/seo\/ -->\n<title>Kurz elektrotechniky - KTPE<\/title>\n<meta name=\"description\" content=\"Kurz elektrotechniky v rozsahu 20 hod\u00edn je zameran\u00fd na doplnenie vedomost\u00ed z elektrotechniky u absolventov r\u00f4znych typov a \u00farovn\u00ed stredn\u00fdch \u0161k\u00f4l. Je odpor\u00fa\u010dan\u00fd najm\u00e4 absolventom zo \u0161k\u00f4l nie elektrotechnick\u00e9ho zamerania. Absolvovanie kurzu m\u00f4\u017ee napom\u00f4c\u0165 \u00faspe\u0161n\u00e9mu zvl\u00e1dnutiu predmetu Z\u00e1klady elektrotechnick\u00e9ho in\u017einierstva v zimnom semestri resp. predmetu Elektrotechnika v letnom semestri 1. ro\u010dn\u00edka \u0161t\u00fadia a na t\u00fato problematiku nadv\u00e4zuj\u00facich predmetov v \u010fal\u0161\u00edch semestroch.\" \/>\n<meta name=\"robots\" content=\"index, follow, max-snippet:-1, max-image-preview:large, max-video-preview:-1\" \/>\n<link rel=\"canonical\" href=\"https:\/\/ktpe.website.tuke.sk\/wp\/?page_id=394\" \/>\n<meta property=\"og:locale\" content=\"sk_SK\" \/>\n<meta property=\"og:type\" content=\"article\" \/>\n<meta property=\"og:title\" content=\"Kurz elektrotechniky - KTPE\" \/>\n<meta property=\"og:description\" content=\"Kurz elektrotechniky v rozsahu 20 hod\u00edn je zameran\u00fd na doplnenie vedomost\u00ed z elektrotechniky u absolventov r\u00f4znych typov a \u00farovn\u00ed stredn\u00fdch \u0161k\u00f4l. Je odpor\u00fa\u010dan\u00fd najm\u00e4 absolventom zo \u0161k\u00f4l nie elektrotechnick\u00e9ho zamerania. Absolvovanie kurzu m\u00f4\u017ee napom\u00f4c\u0165 \u00faspe\u0161n\u00e9mu zvl\u00e1dnutiu predmetu Z\u00e1klady elektrotechnick\u00e9ho in\u017einierstva v zimnom semestri resp. predmetu Elektrotechnika v letnom semestri 1. ro\u010dn\u00edka \u0161t\u00fadia a na t\u00fato problematiku nadv\u00e4zuj\u00facich predmetov v \u010fal\u0161\u00edch semestroch.\" \/>\n<meta property=\"og:url\" content=\"https:\/\/ktpe.website.tuke.sk\/wp\/?page_id=394\" \/>\n<meta property=\"og:site_name\" content=\"KTPE\" \/>\n<meta property=\"article:publisher\" content=\"https:\/\/www.facebook.com\/profile.php?id=100087486357227\" \/>\n<meta property=\"article:modified_time\" content=\"2025-06-03T08:45:43+00:00\" \/>\n<meta property=\"og:image\" content=\"https:\/\/ktpe.website.tuke.sk\/wp\/wp-content\/uploads\/dokumenty\/_ine\/KELE\/foto\/thumbs\/thumb_20230903_191825.jpg\" \/>\n<meta name=\"twitter:card\" content=\"summary_large_image\" \/>\n<meta name=\"twitter:label1\" content=\"Predpokladan\u00fd \u010das \u010d\u00edtania\" \/>\n\t<meta name=\"twitter:data1\" content=\"2 min\u00faty\" \/>\n<script type=\"application\/ld+json\" class=\"yoast-schema-graph\">{\"@context\":\"https:\/\/schema.org\",\"@graph\":[{\"@type\":\"WebPage\",\"@id\":\"https:\/\/ktpe.website.tuke.sk\/wp\/?page_id=394\",\"url\":\"https:\/\/ktpe.website.tuke.sk\/wp\/?page_id=394\",\"name\":\"Kurz elektrotechniky - KTPE\",\"isPartOf\":{\"@id\":\"https:\/\/ktpe.website.tuke.sk\/wp\/#website\"},\"primaryImageOfPage\":{\"@id\":\"https:\/\/ktpe.website.tuke.sk\/wp\/?page_id=394#primaryimage\"},\"image\":{\"@id\":\"https:\/\/ktpe.website.tuke.sk\/wp\/?page_id=394#primaryimage\"},\"thumbnailUrl\":\"https:\/\/ktpe.website.tuke.sk\/wp\/wp-content\/uploads\/dokumenty\/_ine\/KELE\/foto\/thumbs\/thumb_20230903_191825.jpg\",\"datePublished\":\"2020-07-06T12:48:23+00:00\",\"dateModified\":\"2025-06-03T08:45:43+00:00\",\"description\":\"Kurz elektrotechniky v rozsahu 20 hod\u00edn je zameran\u00fd na doplnenie vedomost\u00ed z elektrotechniky u absolventov r\u00f4znych typov a \u00farovn\u00ed stredn\u00fdch \u0161k\u00f4l. Je odpor\u00fa\u010dan\u00fd najm\u00e4 absolventom zo \u0161k\u00f4l nie elektrotechnick\u00e9ho zamerania. Absolvovanie kurzu m\u00f4\u017ee napom\u00f4c\u0165 \u00faspe\u0161n\u00e9mu zvl\u00e1dnutiu predmetu Z\u00e1klady elektrotechnick\u00e9ho in\u017einierstva v zimnom semestri resp. predmetu Elektrotechnika v letnom semestri 1. ro\u010dn\u00edka \u0161t\u00fadia a na t\u00fato problematiku nadv\u00e4zuj\u00facich predmetov v \u010fal\u0161\u00edch semestroch.\",\"breadcrumb\":{\"@id\":\"https:\/\/ktpe.website.tuke.sk\/wp\/?page_id=394#breadcrumb\"},\"inLanguage\":\"sk-SK\",\"potentialAction\":[{\"@type\":\"ReadAction\",\"target\":[\"https:\/\/ktpe.website.tuke.sk\/wp\/?page_id=394\"]}]},{\"@type\":\"ImageObject\",\"inLanguage\":\"sk-SK\",\"@id\":\"https:\/\/ktpe.website.tuke.sk\/wp\/?page_id=394#primaryimage\",\"url\":\"https:\/\/ktpe.website.tuke.sk\/wp\/wp-content\/uploads\/dokumenty\/_ine\/KELE\/foto\/thumbs\/thumb_20230903_191825.jpg\",\"contentUrl\":\"https:\/\/ktpe.website.tuke.sk\/wp\/wp-content\/uploads\/dokumenty\/_ine\/KELE\/foto\/thumbs\/thumb_20230903_191825.jpg\"},{\"@type\":\"BreadcrumbList\",\"@id\":\"https:\/\/ktpe.website.tuke.sk\/wp\/?page_id=394#breadcrumb\",\"itemListElement\":[{\"@type\":\"ListItem\",\"position\":1,\"name\":\"Domovsk\u00e1 str\u00e1nka\",\"item\":\"https:\/\/ktpe.website.tuke.sk\/wp\/\"},{\"@type\":\"ListItem\",\"position\":2,\"name\":\"Kurz elektrotechniky\"}]},{\"@type\":\"WebSite\",\"@id\":\"https:\/\/ktpe.website.tuke.sk\/wp\/#website\",\"url\":\"https:\/\/ktpe.website.tuke.sk\/wp\/\",\"name\":\"KTPE\",\"description\":\"Katedra teoretickej a priemyselnej elektrotechniky\",\"publisher\":{\"@id\":\"https:\/\/ktpe.website.tuke.sk\/wp\/#organization\"},\"potentialAction\":[{\"@type\":\"SearchAction\",\"target\":{\"@type\":\"EntryPoint\",\"urlTemplate\":\"https:\/\/ktpe.website.tuke.sk\/wp\/?s={search_term_string}\"},\"query-input\":{\"@type\":\"PropertyValueSpecification\",\"valueRequired\":true,\"valueName\":\"search_term_string\"}}],\"inLanguage\":\"sk-SK\"},{\"@type\":\"Organization\",\"@id\":\"https:\/\/ktpe.website.tuke.sk\/wp\/#organization\",\"name\":\"KTPE FEI TUKE\",\"url\":\"https:\/\/ktpe.website.tuke.sk\/wp\/\",\"logo\":{\"@type\":\"ImageObject\",\"inLanguage\":\"sk-SK\",\"@id\":\"https:\/\/ktpe.website.tuke.sk\/wp\/#\/schema\/logo\/image\/\",\"url\":\"https:\/\/ktpe.website.tuke.sk\/wp\/wp-content\/uploads\/2020\/08\/KTPE-LOGO-V10-zlte.png\",\"contentUrl\":\"https:\/\/ktpe.website.tuke.sk\/wp\/wp-content\/uploads\/2020\/08\/KTPE-LOGO-V10-zlte.png\",\"width\":986,\"height\":295,\"caption\":\"KTPE FEI TUKE\"},\"image\":{\"@id\":\"https:\/\/ktpe.website.tuke.sk\/wp\/#\/schema\/logo\/image\/\"},\"sameAs\":[\"https:\/\/www.facebook.com\/profile.php?id=100087486357227\",\"https:\/\/www.instagram.com\/ktpe.tuke\/\",\"https:\/\/www.youtube.com\/channel\/UCxUc9Sxp-8dXz_tAlZtxUGw\"]}]}<\/script>\n<!-- \/ Yoast SEO plugin. -->","yoast_head_json":{"title":"Kurz elektrotechniky - KTPE","description":"Kurz elektrotechniky v rozsahu 20 hod\u00edn je zameran\u00fd na doplnenie vedomost\u00ed z elektrotechniky u absolventov r\u00f4znych typov a \u00farovn\u00ed stredn\u00fdch \u0161k\u00f4l. Je odpor\u00fa\u010dan\u00fd najm\u00e4 absolventom zo \u0161k\u00f4l nie elektrotechnick\u00e9ho zamerania. Absolvovanie kurzu m\u00f4\u017ee napom\u00f4c\u0165 \u00faspe\u0161n\u00e9mu zvl\u00e1dnutiu predmetu Z\u00e1klady elektrotechnick\u00e9ho in\u017einierstva v zimnom semestri resp. predmetu Elektrotechnika v letnom semestri 1. ro\u010dn\u00edka \u0161t\u00fadia a na t\u00fato problematiku nadv\u00e4zuj\u00facich predmetov v \u010fal\u0161\u00edch semestroch.","robots":{"index":"index","follow":"follow","max-snippet":"max-snippet:-1","max-image-preview":"max-image-preview:large","max-video-preview":"max-video-preview:-1"},"canonical":"https:\/\/ktpe.website.tuke.sk\/wp\/?page_id=394","og_locale":"sk_SK","og_type":"article","og_title":"Kurz elektrotechniky - KTPE","og_description":"Kurz elektrotechniky v rozsahu 20 hod\u00edn je zameran\u00fd na doplnenie vedomost\u00ed z elektrotechniky u absolventov r\u00f4znych typov a \u00farovn\u00ed stredn\u00fdch \u0161k\u00f4l. Je odpor\u00fa\u010dan\u00fd najm\u00e4 absolventom zo \u0161k\u00f4l nie elektrotechnick\u00e9ho zamerania. Absolvovanie kurzu m\u00f4\u017ee napom\u00f4c\u0165 \u00faspe\u0161n\u00e9mu zvl\u00e1dnutiu predmetu Z\u00e1klady elektrotechnick\u00e9ho in\u017einierstva v zimnom semestri resp. predmetu Elektrotechnika v letnom semestri 1. ro\u010dn\u00edka \u0161t\u00fadia a na t\u00fato problematiku nadv\u00e4zuj\u00facich predmetov v \u010fal\u0161\u00edch semestroch.","og_url":"https:\/\/ktpe.website.tuke.sk\/wp\/?page_id=394","og_site_name":"KTPE","article_publisher":"https:\/\/www.facebook.com\/profile.php?id=100087486357227","article_modified_time":"2025-06-03T08:45:43+00:00","og_image":[{"url":"https:\/\/ktpe.website.tuke.sk\/wp\/wp-content\/uploads\/dokumenty\/_ine\/KELE\/foto\/thumbs\/thumb_20230903_191825.jpg","type":"","width":"","height":""}],"twitter_card":"summary_large_image","twitter_misc":{"Predpokladan\u00fd \u010das \u010d\u00edtania":"2 min\u00faty"},"schema":{"@context":"https:\/\/schema.org","@graph":[{"@type":"WebPage","@id":"https:\/\/ktpe.website.tuke.sk\/wp\/?page_id=394","url":"https:\/\/ktpe.website.tuke.sk\/wp\/?page_id=394","name":"Kurz elektrotechniky - KTPE","isPartOf":{"@id":"https:\/\/ktpe.website.tuke.sk\/wp\/#website"},"primaryImageOfPage":{"@id":"https:\/\/ktpe.website.tuke.sk\/wp\/?page_id=394#primaryimage"},"image":{"@id":"https:\/\/ktpe.website.tuke.sk\/wp\/?page_id=394#primaryimage"},"thumbnailUrl":"https:\/\/ktpe.website.tuke.sk\/wp\/wp-content\/uploads\/dokumenty\/_ine\/KELE\/foto\/thumbs\/thumb_20230903_191825.jpg","datePublished":"2020-07-06T12:48:23+00:00","dateModified":"2025-06-03T08:45:43+00:00","description":"Kurz elektrotechniky v rozsahu 20 hod\u00edn je zameran\u00fd na doplnenie vedomost\u00ed z elektrotechniky u absolventov r\u00f4znych typov a \u00farovn\u00ed stredn\u00fdch \u0161k\u00f4l. Je odpor\u00fa\u010dan\u00fd najm\u00e4 absolventom zo \u0161k\u00f4l nie elektrotechnick\u00e9ho zamerania. Absolvovanie kurzu m\u00f4\u017ee napom\u00f4c\u0165 \u00faspe\u0161n\u00e9mu zvl\u00e1dnutiu predmetu Z\u00e1klady elektrotechnick\u00e9ho in\u017einierstva v zimnom semestri resp. predmetu Elektrotechnika v letnom semestri 1. ro\u010dn\u00edka \u0161t\u00fadia a na t\u00fato problematiku nadv\u00e4zuj\u00facich predmetov v \u010fal\u0161\u00edch semestroch.","breadcrumb":{"@id":"https:\/\/ktpe.website.tuke.sk\/wp\/?page_id=394#breadcrumb"},"inLanguage":"sk-SK","potentialAction":[{"@type":"ReadAction","target":["https:\/\/ktpe.website.tuke.sk\/wp\/?page_id=394"]}]},{"@type":"ImageObject","inLanguage":"sk-SK","@id":"https:\/\/ktpe.website.tuke.sk\/wp\/?page_id=394#primaryimage","url":"https:\/\/ktpe.website.tuke.sk\/wp\/wp-content\/uploads\/dokumenty\/_ine\/KELE\/foto\/thumbs\/thumb_20230903_191825.jpg","contentUrl":"https:\/\/ktpe.website.tuke.sk\/wp\/wp-content\/uploads\/dokumenty\/_ine\/KELE\/foto\/thumbs\/thumb_20230903_191825.jpg"},{"@type":"BreadcrumbList","@id":"https:\/\/ktpe.website.tuke.sk\/wp\/?page_id=394#breadcrumb","itemListElement":[{"@type":"ListItem","position":1,"name":"Domovsk\u00e1 str\u00e1nka","item":"https:\/\/ktpe.website.tuke.sk\/wp\/"},{"@type":"ListItem","position":2,"name":"Kurz elektrotechniky"}]},{"@type":"WebSite","@id":"https:\/\/ktpe.website.tuke.sk\/wp\/#website","url":"https:\/\/ktpe.website.tuke.sk\/wp\/","name":"KTPE","description":"Katedra teoretickej a priemyselnej elektrotechniky","publisher":{"@id":"https:\/\/ktpe.website.tuke.sk\/wp\/#organization"},"potentialAction":[{"@type":"SearchAction","target":{"@type":"EntryPoint","urlTemplate":"https:\/\/ktpe.website.tuke.sk\/wp\/?s={search_term_string}"},"query-input":{"@type":"PropertyValueSpecification","valueRequired":true,"valueName":"search_term_string"}}],"inLanguage":"sk-SK"},{"@type":"Organization","@id":"https:\/\/ktpe.website.tuke.sk\/wp\/#organization","name":"KTPE FEI TUKE","url":"https:\/\/ktpe.website.tuke.sk\/wp\/","logo":{"@type":"ImageObject","inLanguage":"sk-SK","@id":"https:\/\/ktpe.website.tuke.sk\/wp\/#\/schema\/logo\/image\/","url":"https:\/\/ktpe.website.tuke.sk\/wp\/wp-content\/uploads\/2020\/08\/KTPE-LOGO-V10-zlte.png","contentUrl":"https:\/\/ktpe.website.tuke.sk\/wp\/wp-content\/uploads\/2020\/08\/KTPE-LOGO-V10-zlte.png","width":986,"height":295,"caption":"KTPE FEI TUKE"},"image":{"@id":"https:\/\/ktpe.website.tuke.sk\/wp\/#\/schema\/logo\/image\/"},"sameAs":["https:\/\/www.facebook.com\/profile.php?id=100087486357227","https:\/\/www.instagram.com\/ktpe.tuke\/","https:\/\/www.youtube.com\/channel\/UCxUc9Sxp-8dXz_tAlZtxUGw"]}]}},"_links":{"self":[{"href":"https:\/\/ktpe.website.tuke.sk\/wp\/index.php?rest_route=\/wp\/v2\/pages\/394","targetHints":{"allow":["GET"]}}],"collection":[{"href":"https:\/\/ktpe.website.tuke.sk\/wp\/index.php?rest_route=\/wp\/v2\/pages"}],"about":[{"href":"https:\/\/ktpe.website.tuke.sk\/wp\/index.php?rest_route=\/wp\/v2\/types\/page"}],"author":[{"embeddable":true,"href":"https:\/\/ktpe.website.tuke.sk\/wp\/index.php?rest_route=\/wp\/v2\/users\/1"}],"replies":[{"embeddable":true,"href":"https:\/\/ktpe.website.tuke.sk\/wp\/index.php?rest_route=%2Fwp%2Fv2%2Fcomments&post=394"}],"version-history":[{"count":15,"href":"https:\/\/ktpe.website.tuke.sk\/wp\/index.php?rest_route=\/wp\/v2\/pages\/394\/revisions"}],"predecessor-version":[{"id":869,"href":"https:\/\/ktpe.website.tuke.sk\/wp\/index.php?rest_route=\/wp\/v2\/pages\/394\/revisions\/869"}],"wp:attachment":[{"href":"https:\/\/ktpe.website.tuke.sk\/wp\/index.php?rest_route=%2Fwp%2Fv2%2Fmedia&parent=394"}],"curies":[{"name":"wp","href":"https:\/\/api.w.org\/{rel}","templated":true}]}}