{"id":169,"date":"2020-06-23T15:18:51","date_gmt":"2020-06-23T13:18:51","guid":{"rendered":"http:\/\/ktpe.fei.tuke.sk\/jacko\/wp-edu\/?page_id=169"},"modified":"2020-08-04T09:31:18","modified_gmt":"2020-08-04T07:31:18","slug":"uvod","status":"publish","type":"page","link":"https:\/\/ktpe.website.tuke.sk\/wp\/","title":{"rendered":"\u0160tudijn\u00fd program Priemyseln\u00e1 elektrotechnika"},"content":{"rendered":"\n<p><H5>\u0160tudijn\u00fd program<\/H5> <H1>Priemyseln\u00e1 elektrotechnika<\/H1><\/p>\n\n\n\n<p><strong>Katedra teoretickej a priemyselnej elektrotechniky FEI TU v Ko\u0161iciach je, so svojou 50 ro\u010dnou praxou vo vzdel\u00e1van\u00ed \u0161tudentov, garantuj\u00facim pracoviskom bakal\u00e1rskeho \u0161tudijn\u00e9ho programu Priemyseln\u00e1 elektrotechnika, ktor\u00fd vychov\u00e1va \u0161pi\u010dkov\u00fdch odborn\u00edkov pre aktu\u00e1lne po\u017eiadavky priemyselnej praxe.<\/strong> <br><\/p>\n\n\n\n<hr class=\"wp-block-separator\"\/>\n\n\n\n<h5 class=\"wp-block-heading\">Hlavn\u00e9 v\u00fdhody \u0161t\u00fadia programu Priemyseln\u00e1 elektrotechnika:<\/h5>\n\n\n\n<ul class=\"wp-block-list\"><li> Individu\u00e1lny a \u00fastretov\u00fd pr\u00edstup k \u0161tudentom <br><br> <\/li><li>Mo\u017enos\u0165 z\u00edska\u0165 najnov\u0161ie poznatky z oblasti elektrotechniky a aplikovanej priemyselnej informatiky <br><br> <\/li><li>Mo\u017enos\u0165 zapoji\u0165 sa do rie\u0161enia vedeck\u00fdch a v\u00fdskumn\u00fdch projektov a sta\u0165 sa \u010dlenom v \u0161pi\u010dkovom mladom v\u00fdskumnom kolekt\u00edve <br><br><\/li><li>Mo\u017enos\u0165 absolvova\u0165 \u010das\u0165 \u0161t\u00fadia formou praxe vo firme  <br><br> <\/li><li>Mo\u017enos\u0165 trojstup\u0148ov\u00e9ho \u0161t\u00fadia &#8211; bakal\u00e1rsky, in\u017einiersky, doktorandsk\u00fd   <\/li><\/ul>\n\n\n\n<hr class=\"wp-block-separator\"\/>\n\n\n\n<h5 class=\"wp-block-heading\">\u010co e\u0161te pon\u00fakame \u0161tudentom? pozrite si na\u0161e video:<\/h5>\n\n\n\n<figure class=\"wp-block-embed-youtube wp-block-embed is-type-video is-provider-youtube wp-embed-aspect-16-9 wp-has-aspect-ratio\"><div class=\"wp-block-embed__wrapper\">\n<iframe loading=\"lazy\" title=\"\u0161tudijn\u00fd program Priemyseln\u00e1 elektrotechnika\" width=\"640\" height=\"360\" src=\"https:\/\/www.youtube.com\/embed\/xH0hmkW0634?feature=oembed\" frameborder=\"0\" allow=\"accelerometer; autoplay; clipboard-write; encrypted-media; gyroscope; picture-in-picture; web-share\" referrerpolicy=\"strict-origin-when-cross-origin\" allowfullscreen><\/iframe>\n<\/div><\/figure>\n\n\n\n<hr class=\"wp-block-separator\"\/>\n\n\n\n<h4 class=\"wp-block-heading\">Pracovn\u00e9 ponuky pre absolventov:&nbsp; <\/h4>\n\n\n\n<ul class=\"wp-block-list\"><li> Pracovn\u00e1 ponuka pre na\u0161ich&nbsp;<a rel=\"noreferrer noopener\" href=\"http:\/\/kteem.fei.tuke.sk\/img\/Ausys.jpg\" target=\"_blank\">absolventov<\/a>&nbsp;od&nbsp;<a rel=\"noreferrer noopener\" href=\"http:\/\/www.ausys.sk\/\" target=\"_blank\">Ausys<\/a>.<\/li><li>Pracovn\u00e1 ponuka pre na\u0161ich absolventov od firmy <a rel=\"noreferrer noopener\" href=\"http:\/\/www.valicare.com\/\" target=\"_blank\">Valicare<\/a>.<\/li><li>Pracovn\u00e1 ponuka pre na\u0161ich <a rel=\"noreferrer noopener\" href=\"http:\/\/kteem.fei.tuke.sk\/img\/BSHprop.jpg\" target=\"_blank\">absolventov<\/a>&nbsp;od&nbsp;<a rel=\"noreferrer noopener\" href=\"https:\/\/www.bsh-group.com\/\" target=\"_blank\">BSH<\/a>.<\/li><li>Pracovn\u00e1 ponuka pre na\u0161ich <a rel=\"noreferrer noopener\" href=\"http:\/\/kteem.fei.tuke.sk\/img\/Andritz.jpg\" target=\"_blank\">absolventov<\/a>&nbsp;od&nbsp;<a rel=\"noreferrer noopener\" href=\"http:\/\/slovakia.andritz.sk\/career.php\" target=\"_blank\">ANDRITZ Slovakia s.r.o.<\/a>.<\/li><li>Pracovn\u00e1 ponuka pre na\u0161ich <a rel=\"noreferrer noopener\" href=\"http:\/\/kteem.fei.tuke.sk\/dokumenty\/Elcom.pdf\" target=\"_blank\">absolventov<\/a>&nbsp;od&nbsp;<a rel=\"noreferrer noopener\" href=\"http:\/\/www.elcom.eu\/kariera\/\" target=\"_blank\">Elcom s.r.o.<\/a>. <\/li><\/ul>\n\n\n\n<hr class=\"wp-block-separator\"\/>\n\n\n\n<p><a rel=\"noreferrer noopener\" aria-label=\"Interakt\u00edvna panoramatick\u00e1 prehliadka\npriestorov KTPE (otvor\u00ed sa v novej karte)\" href=\"http:\/\/ktpe.fei.tuke.sk\/panorama\/\" target=\"_blank\">Interakt\u00edvna panoramatick\u00e1 prehliadka priestorov KTPE<\/a><\/p>\n\n\n\n<p><a href=\"http:\/\/ktpe.fei.tuke.sk\/vtour\/\" target=\"_blank\" rel=\"noreferrer noopener\" aria-label=\"Virtu\u00e1lna prehliadka priestorov KTPE(v\u00fdstup bakal\u00e1rskej pr\u00e1ce KTPE) (otvor\u00ed sa v novej karte)\">Virtu\u00e1lna prehliadka priestorov KTPE<\/a><em><a href=\"http:\/\/ktpe.fei.tuke.sk\/vtour\/\" target=\"_blank\" rel=\"noreferrer noopener\" aria-label=\"Virtu\u00e1lna prehliadka priestorov KTPE(v\u00fdstup bakal\u00e1rskej pr\u00e1ce KTPE) (otvor\u00ed sa v novej karte)\">(v\u00fdstup bakal\u00e1rskej pr\u00e1ce KTPE)<\/a><\/em><a href=\"http:\/\/ktpe.fei.tuke.sk\/vtour\/\" target=\"_blank\" rel=\"noreferrer noopener\" aria-label=\"Virtu\u00e1lna prehliadka priestorov KTPE(v\u00fdstup bakal\u00e1rskej pr\u00e1ce KTPE) (otvor\u00ed sa v novej karte)\"><\/a><\/p>\n","protected":false},"excerpt":{"rendered":"<p>\u0160tudijn\u00fd program Priemyseln\u00e1 elektrotechnika Katedra teoretickej a priemyselnej elektrotechniky FEI TU v Ko\u0161iciach je, so svojou 50 ro\u010dnou praxou vo vzdel\u00e1van\u00ed \u0161tudentov, garantuj\u00facim pracoviskom bakal\u00e1rskeho \u0161tudijn\u00e9ho programu Priemyseln\u00e1 elektrotechnika, ktor\u00fd vychov\u00e1va \u0161pi\u010dkov\u00fdch odborn\u00edkov pre aktu\u00e1lne po\u017eiadavky priemyselnej praxe. Hlavn\u00e9 v\u00fdhody \u0161t\u00fadia programu Priemyseln\u00e1 elektrotechnika: Individu\u00e1lny a \u00fastretov\u00fd pr\u00edstup k \u0161tudentom&hellip;<\/p>\n","protected":false},"author":1,"featured_media":0,"parent":0,"menu_order":0,"comment_status":"closed","ping_status":"closed","template":"","meta":{"footnotes":""},"class_list":["post-169","page","type-page","status-publish","hentry"],"yoast_head":"<!-- This site is optimized with the Yoast SEO plugin v25.8 - https:\/\/yoast.com\/wordpress\/plugins\/seo\/ -->\n<title>\u0160tudijn\u00fd program Priemyseln\u00e1 elektrotechnika - KTPE<\/title>\n<meta name=\"robots\" content=\"index, follow, max-snippet:-1, max-image-preview:large, max-video-preview:-1\" \/>\n<link rel=\"canonical\" href=\"https:\/\/ktpe.website.tuke.sk\/wp\/\" \/>\n<meta property=\"og:locale\" content=\"sk_SK\" \/>\n<meta property=\"og:type\" content=\"article\" \/>\n<meta property=\"og:title\" content=\"\u0160tudijn\u00fd program Priemyseln\u00e1 elektrotechnika - KTPE\" \/>\n<meta property=\"og:description\" content=\"\u0160tudijn\u00fd program Priemyseln\u00e1 elektrotechnika Katedra teoretickej a priemyselnej elektrotechniky FEI TU v Ko\u0161iciach je, so svojou 50 ro\u010dnou praxou vo vzdel\u00e1van\u00ed \u0161tudentov, garantuj\u00facim pracoviskom bakal\u00e1rskeho \u0161tudijn\u00e9ho programu Priemyseln\u00e1 elektrotechnika, ktor\u00fd vychov\u00e1va \u0161pi\u010dkov\u00fdch odborn\u00edkov pre aktu\u00e1lne po\u017eiadavky priemyselnej praxe. Hlavn\u00e9 v\u00fdhody \u0161t\u00fadia programu Priemyseln\u00e1 elektrotechnika: Individu\u00e1lny a \u00fastretov\u00fd pr\u00edstup k \u0161tudentom&hellip;\" \/>\n<meta property=\"og:url\" content=\"https:\/\/ktpe.website.tuke.sk\/wp\/\" \/>\n<meta property=\"og:site_name\" content=\"KTPE\" \/>\n<meta property=\"article:publisher\" content=\"https:\/\/www.facebook.com\/profile.php?id=100087486357227\" \/>\n<meta property=\"article:modified_time\" content=\"2020-08-04T07:31:18+00:00\" \/>\n<meta name=\"twitter:card\" content=\"summary_large_image\" \/>\n<meta name=\"twitter:label1\" content=\"Predpokladan\u00fd \u010das \u010d\u00edtania\" \/>\n\t<meta name=\"twitter:data1\" content=\"1 min\u00fata\" \/>\n<script type=\"application\/ld+json\" class=\"yoast-schema-graph\">{\"@context\":\"https:\/\/schema.org\",\"@graph\":[{\"@type\":\"WebPage\",\"@id\":\"https:\/\/ktpe.website.tuke.sk\/wp\/\",\"url\":\"https:\/\/ktpe.website.tuke.sk\/wp\/\",\"name\":\"\u0160tudijn\u00fd program Priemyseln\u00e1 elektrotechnika - KTPE\",\"isPartOf\":{\"@id\":\"https:\/\/ktpe.website.tuke.sk\/wp\/#website\"},\"datePublished\":\"2020-06-23T13:18:51+00:00\",\"dateModified\":\"2020-08-04T07:31:18+00:00\",\"breadcrumb\":{\"@id\":\"https:\/\/ktpe.website.tuke.sk\/wp\/#breadcrumb\"},\"inLanguage\":\"sk-SK\",\"potentialAction\":[{\"@type\":\"ReadAction\",\"target\":[\"https:\/\/ktpe.website.tuke.sk\/wp\/\"]}]},{\"@type\":\"BreadcrumbList\",\"@id\":\"https:\/\/ktpe.website.tuke.sk\/wp\/#breadcrumb\",\"itemListElement\":[{\"@type\":\"ListItem\",\"position\":1,\"name\":\"Domovsk\u00e1 str\u00e1nka\",\"item\":\"https:\/\/ktpe.website.tuke.sk\/wp\/\"},{\"@type\":\"ListItem\",\"position\":2,\"name\":\"\u0160tudijn\u00fd program Priemyseln\u00e1 elektrotechnika\"}]},{\"@type\":\"WebSite\",\"@id\":\"https:\/\/ktpe.website.tuke.sk\/wp\/#website\",\"url\":\"https:\/\/ktpe.website.tuke.sk\/wp\/\",\"name\":\"KTPE\",\"description\":\"Katedra teoretickej a priemyselnej elektrotechniky\",\"publisher\":{\"@id\":\"https:\/\/ktpe.website.tuke.sk\/wp\/#organization\"},\"potentialAction\":[{\"@type\":\"SearchAction\",\"target\":{\"@type\":\"EntryPoint\",\"urlTemplate\":\"https:\/\/ktpe.website.tuke.sk\/wp\/?s={search_term_string}\"},\"query-input\":{\"@type\":\"PropertyValueSpecification\",\"valueRequired\":true,\"valueName\":\"search_term_string\"}}],\"inLanguage\":\"sk-SK\"},{\"@type\":\"Organization\",\"@id\":\"https:\/\/ktpe.website.tuke.sk\/wp\/#organization\",\"name\":\"KTPE FEI TUKE\",\"url\":\"https:\/\/ktpe.website.tuke.sk\/wp\/\",\"logo\":{\"@type\":\"ImageObject\",\"inLanguage\":\"sk-SK\",\"@id\":\"https:\/\/ktpe.website.tuke.sk\/wp\/#\/schema\/logo\/image\/\",\"url\":\"https:\/\/ktpe.website.tuke.sk\/wp\/wp-content\/uploads\/2020\/08\/KTPE-LOGO-V10-zlte.png\",\"contentUrl\":\"https:\/\/ktpe.website.tuke.sk\/wp\/wp-content\/uploads\/2020\/08\/KTPE-LOGO-V10-zlte.png\",\"width\":986,\"height\":295,\"caption\":\"KTPE FEI TUKE\"},\"image\":{\"@id\":\"https:\/\/ktpe.website.tuke.sk\/wp\/#\/schema\/logo\/image\/\"},\"sameAs\":[\"https:\/\/www.facebook.com\/profile.php?id=100087486357227\",\"https:\/\/www.instagram.com\/ktpe.tuke\/\",\"https:\/\/www.youtube.com\/channel\/UCxUc9Sxp-8dXz_tAlZtxUGw\"]}]}<\/script>\n<!-- \/ Yoast SEO plugin. -->","yoast_head_json":{"title":"\u0160tudijn\u00fd program Priemyseln\u00e1 elektrotechnika - KTPE","robots":{"index":"index","follow":"follow","max-snippet":"max-snippet:-1","max-image-preview":"max-image-preview:large","max-video-preview":"max-video-preview:-1"},"canonical":"https:\/\/ktpe.website.tuke.sk\/wp\/","og_locale":"sk_SK","og_type":"article","og_title":"\u0160tudijn\u00fd program Priemyseln\u00e1 elektrotechnika - KTPE","og_description":"\u0160tudijn\u00fd program Priemyseln\u00e1 elektrotechnika Katedra teoretickej a priemyselnej elektrotechniky FEI TU v Ko\u0161iciach je, so svojou 50 ro\u010dnou praxou vo vzdel\u00e1van\u00ed \u0161tudentov, garantuj\u00facim pracoviskom bakal\u00e1rskeho \u0161tudijn\u00e9ho programu Priemyseln\u00e1 elektrotechnika, ktor\u00fd vychov\u00e1va \u0161pi\u010dkov\u00fdch odborn\u00edkov pre aktu\u00e1lne po\u017eiadavky priemyselnej praxe. Hlavn\u00e9 v\u00fdhody \u0161t\u00fadia programu Priemyseln\u00e1 elektrotechnika: Individu\u00e1lny a \u00fastretov\u00fd pr\u00edstup k \u0161tudentom&hellip;","og_url":"https:\/\/ktpe.website.tuke.sk\/wp\/","og_site_name":"KTPE","article_publisher":"https:\/\/www.facebook.com\/profile.php?id=100087486357227","article_modified_time":"2020-08-04T07:31:18+00:00","twitter_card":"summary_large_image","twitter_misc":{"Predpokladan\u00fd \u010das \u010d\u00edtania":"1 min\u00fata"},"schema":{"@context":"https:\/\/schema.org","@graph":[{"@type":"WebPage","@id":"https:\/\/ktpe.website.tuke.sk\/wp\/","url":"https:\/\/ktpe.website.tuke.sk\/wp\/","name":"\u0160tudijn\u00fd program Priemyseln\u00e1 elektrotechnika - KTPE","isPartOf":{"@id":"https:\/\/ktpe.website.tuke.sk\/wp\/#website"},"datePublished":"2020-06-23T13:18:51+00:00","dateModified":"2020-08-04T07:31:18+00:00","breadcrumb":{"@id":"https:\/\/ktpe.website.tuke.sk\/wp\/#breadcrumb"},"inLanguage":"sk-SK","potentialAction":[{"@type":"ReadAction","target":["https:\/\/ktpe.website.tuke.sk\/wp\/"]}]},{"@type":"BreadcrumbList","@id":"https:\/\/ktpe.website.tuke.sk\/wp\/#breadcrumb","itemListElement":[{"@type":"ListItem","position":1,"name":"Domovsk\u00e1 str\u00e1nka","item":"https:\/\/ktpe.website.tuke.sk\/wp\/"},{"@type":"ListItem","position":2,"name":"\u0160tudijn\u00fd program Priemyseln\u00e1 elektrotechnika"}]},{"@type":"WebSite","@id":"https:\/\/ktpe.website.tuke.sk\/wp\/#website","url":"https:\/\/ktpe.website.tuke.sk\/wp\/","name":"KTPE","description":"Katedra teoretickej a priemyselnej elektrotechniky","publisher":{"@id":"https:\/\/ktpe.website.tuke.sk\/wp\/#organization"},"potentialAction":[{"@type":"SearchAction","target":{"@type":"EntryPoint","urlTemplate":"https:\/\/ktpe.website.tuke.sk\/wp\/?s={search_term_string}"},"query-input":{"@type":"PropertyValueSpecification","valueRequired":true,"valueName":"search_term_string"}}],"inLanguage":"sk-SK"},{"@type":"Organization","@id":"https:\/\/ktpe.website.tuke.sk\/wp\/#organization","name":"KTPE FEI TUKE","url":"https:\/\/ktpe.website.tuke.sk\/wp\/","logo":{"@type":"ImageObject","inLanguage":"sk-SK","@id":"https:\/\/ktpe.website.tuke.sk\/wp\/#\/schema\/logo\/image\/","url":"https:\/\/ktpe.website.tuke.sk\/wp\/wp-content\/uploads\/2020\/08\/KTPE-LOGO-V10-zlte.png","contentUrl":"https:\/\/ktpe.website.tuke.sk\/wp\/wp-content\/uploads\/2020\/08\/KTPE-LOGO-V10-zlte.png","width":986,"height":295,"caption":"KTPE FEI TUKE"},"image":{"@id":"https:\/\/ktpe.website.tuke.sk\/wp\/#\/schema\/logo\/image\/"},"sameAs":["https:\/\/www.facebook.com\/profile.php?id=100087486357227","https:\/\/www.instagram.com\/ktpe.tuke\/","https:\/\/www.youtube.com\/channel\/UCxUc9Sxp-8dXz_tAlZtxUGw"]}]}},"_links":{"self":[{"href":"https:\/\/ktpe.website.tuke.sk\/wp\/index.php?rest_route=\/wp\/v2\/pages\/169","targetHints":{"allow":["GET"]}}],"collection":[{"href":"https:\/\/ktpe.website.tuke.sk\/wp\/index.php?rest_route=\/wp\/v2\/pages"}],"about":[{"href":"https:\/\/ktpe.website.tuke.sk\/wp\/index.php?rest_route=\/wp\/v2\/types\/page"}],"author":[{"embeddable":true,"href":"https:\/\/ktpe.website.tuke.sk\/wp\/index.php?rest_route=\/wp\/v2\/users\/1"}],"replies":[{"embeddable":true,"href":"https:\/\/ktpe.website.tuke.sk\/wp\/index.php?rest_route=%2Fwp%2Fv2%2Fcomments&post=169"}],"version-history":[{"count":68,"href":"https:\/\/ktpe.website.tuke.sk\/wp\/index.php?rest_route=\/wp\/v2\/pages\/169\/revisions"}],"predecessor-version":[{"id":520,"href":"https:\/\/ktpe.website.tuke.sk\/wp\/index.php?rest_route=\/wp\/v2\/pages\/169\/revisions\/520"}],"wp:attachment":[{"href":"https:\/\/ktpe.website.tuke.sk\/wp\/index.php?rest_route=%2Fwp%2Fv2%2Fmedia&parent=169"}],"curies":[{"name":"wp","href":"https:\/\/api.w.org\/{rel}","templated":true}]}}