{"id":132,"date":"2020-06-15T15:11:59","date_gmt":"2020-06-15T13:11:59","guid":{"rendered":"http:\/\/ktpe.fei.tuke.sk\/jacko\/wp-edu\/?page_id=132"},"modified":"2024-05-07T09:46:29","modified_gmt":"2024-05-07T07:46:29","slug":"bc","status":"publish","type":"page","link":"https:\/\/ktpe.website.tuke.sk\/wp\/?page_id=132","title":{"rendered":"Bakal\u00e1rske \u0161t\u00fadium"},"content":{"rendered":"<p><\/p>\n<p><\/p><center><p><\/p>\n<h2 style=\"text-align: center;\">1. ro\u010dn\u00edk<\/h2>\n<p><\/p>\n<p><\/p><\/center><p><\/p>\n\n\n<div class=\"wp-block-columns alignwide has-2-columns is-layout-flex wp-container-core-columns-is-layout-9d6595d7 wp-block-columns-is-layout-flex\">\n<div class=\"wp-block-column is-layout-flow wp-block-column-is-layout-flow\">\n<p><\/p>\n\n\n\n<h4 class=\"wp-block-heading\">Zimn\u00fd semester<\/h4>\n\n\n\n<ul class=\"wp-block-list\"><li><strong>Angli\u010dtina I<\/strong>  <ul><li><em>Katedra jazykov<\/em><\/li><\/ul><\/li><li><strong>Repetit\u00f3rium z matematiky<\/strong>    <ul><li><em>Katedra matematiky<\/em><\/li><\/ul><\/li><li><strong>Slovensk\u00fd jazyk I<\/strong>  <ul><li><em>Katedra jazykov<\/em> <\/li><\/ul><\/li><li><strong>Telesn\u00e1 v\u00fdchova I<\/strong><ul><li><em>Katedra telesnej v\u00fdchovy<\/em><\/li><\/ul><\/li><li><strong>\u00davod do in\u017einierstva<\/strong><ul><li><em>Katedra elektroenergetiky<\/em><\/li><\/ul><\/li><li><strong>Z\u00e1klady algoritmiz\u00e1cie a programovania<\/strong><ul><li><em>Katedra po\u010d\u00edta\u010dov a informatiky<\/em><\/li><\/ul><\/li><li><strong>Z\u00e1klady elektrotechnick\u00e9ho in\u017einierstva<\/strong><ul><li><a href=\"https:\/\/ktpe.website.tuke.sk\/wp\/wp-content\/uploads\/dokumenty\/ZEI_A_crv_ZS.pdf\">\u010dasov\u00fd rozvrh v\u00fdu\u010dby<\/a><\/li><li><a href=\"https:\/\/ktpe.website.tuke.sk\/wp\/wp-content\/uploads\/dokumenty\/ZEI_A_podm_ZS.pdf\">podmienky absolvovania predmetu<\/a><\/li><\/ul><ul><li><em>Katedra elektroenergetiky<\/em><\/li><\/ul><\/li><li><strong>Z\u00e1klady in\u017einierstva materi\u00e1lov<\/strong><ul><li><em>Katedra technol\u00f3gi\u00ed v elektronike<\/em><\/li><\/ul><\/li><\/ul>\n\n\n\n<p><em>uveden\u00e9 predmety zabezpe\u010duj\u00fa katedry pridelen\u00e9 k jednotliv\u00fdm premetom  !!! <\/em><\/p>\n<\/div>\n\n\n\n<div class=\"wp-block-column is-layout-flow wp-block-column-is-layout-flow\">\n<p><\/p>\n\n\n\n<h4 class=\"wp-block-heading\">Letn\u00fd semester<\/h4>\n\n\n\n<ul class=\"wp-block-list\"><li><strong>Elektrotechnick\u00e9 praktikum<\/strong><ul><li><a href=\"https:\/\/ktpe.website.tuke.sk\/wp\/wp-content\/uploads\/dokumenty\/EP_crv_LS.pdf\">\u010dasov\u00fd rozvrh v\u00fdu\u010dby<\/a><\/li><li><a href=\"https:\/\/ktpe.website.tuke.sk\/wp\/wp-content\/uploads\/dokumenty\/EP_podm_LS.pdf\">podmienky absolvovania predmetu<\/a> <\/li><\/ul><\/li><\/ul>\n\n\n\n<ul class=\"wp-block-list\"><li><strong>Elektrotechnika &#8211; paralelka B<\/strong><ul><li><a href=\"https:\/\/ktpe.website.tuke.sk\/wp\/wp-content\/uploads\/dokumenty\/ET_B_crv_LS.pdf\">\u010dasov\u00fd rozvrh v\u00fdu\u010dby<\/a><\/li><li><a href=\"https:\/\/ktpe.website.tuke.sk\/wp\/wp-content\/uploads\/dokumenty\/ET_B_podm_LS.pdf\">podmienky absolvovania predmetu<\/a> <\/li><li> In\u00e9: <a href=\"http:\/\/ktpe.fei.tuke.sk\/et\/\"><\/a><a href=\"http:\/\/ktpe.fei.tuke.sk\/et\/\">web<\/a>, <a href=\"https:\/\/ktpe.website.tuke.sk\/wp\\wp-content\\uploads\\dokumenty\\zahlavia\\ET-PM_Zahlavie.rtf\">z\u00e1hlavie<\/a><\/li><\/ul><\/li><\/ul>\n\n\n\n<ul class=\"wp-block-list\"><li><strong>Elektrotechnika &#8211; paralelka D<\/strong><ul><li><a href=\"https:\/\/ktpe.website.tuke.sk\/wp\/wp-content\/uploads\/dokumenty\/ET_D_crv_LS.pdf\">\u010dasov\u00fd rozvrh v\u00fdu\u010dby<\/a><\/li><li><a href=\"https:\/\/ktpe.website.tuke.sk\/wp\/wp-content\/uploads\/dokumenty\/ET_D_podm_LS.pdf\">podmienky absolvovania predmetu<\/a> <\/li><li> In\u00e9: <a href=\"http:\/\/ktpe.fei.tuke.sk\/et\/\">web<\/a>, <a href=\"http:\/\/ktpe.fei.tuke.sk\/et\/vyucba\/\">online v\u00fdu\u010dba<\/a><\/li><\/ul><\/li><\/ul>\n\n\n\n<ul class=\"wp-block-list\"><li><strong>Elektrotechnika &#8211; KMS<\/strong><ul><li><a href=\"https:\/\/ktpe.website.tuke.sk\/wp\/wp-content\/uploads\/dokumenty\/ET_ext_crv_LS.pdf\">\u010dasov\u00fd rozvrh v\u00fdu\u010dby<\/a><\/li><li><a href=\"https:\/\/ktpe.website.tuke.sk\/wp\/wp-content\/uploads\/dokumenty\/ET_ext_podm_LS.pdf\">podmienky absolvovania predmetu<\/a> <\/li><li> In\u00e9: <a href=\"http:\/\/ktpe.fei.tuke.sk\/et\/\">web<\/a><\/li><\/ul><\/li><\/ul>\n\n\n\n<p><\/p>\n<\/div>\n<\/div>\n\n\n\n<hr class=\"wp-block-separator\"\/>\n\n\n\n<center><h2>2. ro\u010dn\u00edk<\/h2><\/center><p>\n\n\n\n<div class=\"wp-block-columns alignwide has-2-columns is-layout-flex wp-container-core-columns-is-layout-9d6595d7 wp-block-columns-is-layout-flex\">\n<div class=\"wp-block-column is-layout-flow wp-block-column-is-layout-flow\">\n<h4 class=\"wp-block-heading\">Zimn\u00fd semester<\/h4>\n\n\n\n<ul class=\"wp-block-list\"><li> <strong>Aplikovan\u00e1 anal\u00f3gov\u00e1 elektronika<\/strong><ul><li><a aria-label=\"undefined (otv\u00e1ra sa na novej karte)\" href=\"https:\/\/ktpe.website.tuke.sk\/wp\/wp-content\/uploads\/dokumenty\/AAE_crv_ZS.pdf\" target=\"_blank\" rel=\"noreferrer noopener\">\u010dasov\u00fd rozvrh v\u00fdu\u010dby<\/a><\/li><li><a href=\"https:\/\/ktpe.website.tuke.sk\/wp\/wp-content\/uploads\/dokumenty\/AAE_podm_ZS.pdf\" target=\"_blank\" aria-label=\"undefined (otv\u00e1ra sa na novej karte)\" rel=\"noreferrer noopener\">podmienky absolvovania predmetu<\/a><\/li><\/ul><\/li><\/ul>\n\n\n\n<ul class=\"wp-block-list\"><li><strong>CAD syst\u00e9my v elektrotechnike<\/strong><ul><li><a aria-label=\"undefined (otv\u00e1ra sa na novej karte)\" href=\"https:\/\/ktpe.website.tuke.sk\/wp\/wp-content\/uploads\/dokumenty\/CADS_crv_ZS.pdf\" target=\"_blank\" rel=\"noreferrer noopener\">\u010dasov\u00fd rozvrh v\u00fdu\u010dby<\/a><\/li><li><a aria-label=\"undefined (otv\u00e1ra sa na novej karte)\" href=\"https:\/\/ktpe.website.tuke.sk\/wp\/wp-content\/uploads\/dokumenty\/CADS_podm_ZS.pdf\" target=\"_blank\" rel=\"noreferrer noopener\">podmienky absolvovania predmetu<\/a> <\/li><\/ul><\/li><\/ul>\n\n\n\n<ul class=\"wp-block-list\"><li><strong>Priemyseln\u00e1 elektrotechnika<\/strong><ul><li><a aria-label=\"undefined (otv\u00e1ra sa na novej karte)\" href=\"https:\/\/ktpe.website.tuke.sk\/wp\/wp-content\/uploads\/dokumenty\/PE_crv_ZS.pdf\" target=\"_blank\" rel=\"noreferrer noopener\">\u010dasov\u00fd rozvrh v\u00fdu\u010dby<\/a><\/li><li><a aria-label=\"undefined (otv\u00e1ra sa na novej karte)\" href=\"https:\/\/ktpe.website.tuke.sk\/wp\/wp-content\/uploads\/dokumenty\/PE_podm_ZS.pdf\" target=\"_blank\" rel=\"noreferrer noopener\">podmienky absolvovania predmetu<\/a> <\/li><li> In\u00e9: web <\/li><\/ul><\/li><\/ul>\n\n\n\n<ul class=\"wp-block-list\"><li><strong>Opera\u010dn\u00fd syst\u00e9m &#8211; Windows server I<\/strong><ul><li><a href=\"https:\/\/ktpe.website.tuke.sk\/wp\/wp-content\/uploads\/dokumenty\/WS1_crv_ZS.pdf\">\u010dasov\u00fd rozvrh v\u00fdu\u010dby<\/a><\/li><li><a href=\"https:\/\/ktpe.website.tuke.sk\/wp\/wp-content\/uploads\/dokumenty\/WS1_podm_ZS.pdf\" target=\"_blank\" aria-label=\"undefined (otv\u00e1ra sa na novej karte)\" rel=\"noreferrer noopener\">podmienky absolvovania predmetu<\/a> <\/li><li>In\u00e9: <a href=\"http:\/\/kteem.fei.tuke.sk\/vince\/ws1\/\">web<\/a> <\/li><\/ul><\/li><\/ul>\n<\/div>\n\n\n\n<div class=\"wp-block-column is-layout-flow wp-block-column-is-layout-flow\">\n<h4 class=\"wp-block-heading\">Letn\u00fd semester<gwmw style=\"display:none;\"><\/h4>\n\n\n\n<ul class=\"wp-block-list\"><li> <strong>Aplikovan\u00e1 \u010d\u00edseln\u00e1 elektronika<\/strong> <ul><li><a href=\"https:\/\/ktpe.website.tuke.sk\/wp\/wp-content\/uploads\/dokumenty\/ACE_crv_LS.pdf\">\u010dasov\u00fd rozvrh v\u00fdu\u010dby<\/a><\/li><li><a href=\"https:\/\/ktpe.website.tuke.sk\/wp\/wp-content\/uploads\/dokumenty\/ACE_podm_LS.pdf\">podmienky absolvovania predmetu<\/a><\/li><\/ul><\/li><\/ul>\n\n\n\n<ul class=\"wp-block-list\"><li><strong>MS Office v technickej praxi<\/strong><ul><li><a href=\"https:\/\/ktpe.website.tuke.sk\/wp\/wp-content\/uploads\/dokumenty\/MSO_crv_LS.pdf\">\u010dasov\u00fd rozvrh v\u00fdu\u010dby<\/a><\/li><li><a href=\"https:\/\/ktpe.website.tuke.sk\/wp\/wp-content\/uploads\/dokumenty\/MSO_podm_LS.pdf\">podmienky absolvovania predmetu<\/a> <\/li><\/ul><\/li><\/ul>\n\n\n\n<ul class=\"wp-block-list\"><li><strong>Metrol\u00f3gia<\/strong><ul><li><a href=\"https:\/\/ktpe.website.tuke.sk\/wp\/wp-content\/uploads\/dokumenty\/ME_crv_LS.pdf\">\u010dasov\u00fd rozvrh v\u00fdu\u010dby<\/a><\/li><li><a href=\"https:\/\/ktpe.website.tuke.sk\/wp\/wp-content\/uploads\/dokumenty\/ME_podm_LS.pdf\">podmienky absolvovania predmetu<\/a> <\/li><li>In\u00e9: <a aria-label=\"undefined (otv\u00e1ra sa na novej karte)\" href=\"https:\/\/ktpe.fei.tuke.sk\/mojzis\/mtl\/\" target=\"_blank\" rel=\"noreferrer noopener\">web<\/a>, <a href=\"https:\/\/ktpe.fei.tuke.sk\/guzan\/metrologia\/Metrologia_Zahlavie.rtf\" rel=\"nofollow\">z\u00e1hlavie<\/a><\/li><\/ul><\/li><\/ul>\n\n\n\n<ul class=\"wp-block-list\"><li><strong>Senzory a ak\u010dn\u00e9 \u010dleny<\/strong><ul><li><a href=\"https:\/\/ktpe.website.tuke.sk\/wp\/wp-content\/uploads\/dokumenty\/SAC_crv_LS.pdf\">\u010dasov\u00fd rozvrh v\u00fdu\u010dby<\/a><\/li><li><a href=\"https:\/\/ktpe.website.tuke.sk\/wp\/wp-content\/uploads\/dokumenty\/SAC_podm_LS.pdf\">podmienky absolvovania predmetu<\/a> <\/li><li>In\u00e9: <a href=\"http:\/\/ktpe.fei.tuke.sk\/jacko\/sac.php\">web<\/a> <\/li><\/ul><\/li><\/ul>\n\n\n\n<ul class=\"wp-block-list\" id=\"block-0a5e964b-f049-44f9-a0fb-4e12fedb37af\"><li><strong>Simula\u010dn\u00fd softv\u00e9r pre anal\u00fdzu elektrick\u00fdch obvodov<\/strong><ul><li><a href=\"https:\/\/ktpe.website.tuke.sk\/wp\/wp-content\/uploads\/dokumenty\/SAEO_crv_LS.pdf\">\u010dasov\u00fd rozvrh v\u00fdu\u010dby<\/a><\/li><li><a href=\"https:\/\/ktpe.website.tuke.sk\/wp\/wp-content\/uploads\/dokumenty\/SAEO_podm_LS.pdf\">podmienky absolvovania predmetu<\/a><\/li><\/ul><\/li><\/ul>\n\n\n\n<p><gwmw style=\"display:none;\"><\/p>\n<\/div>\n<\/div>\n\n\n\n<hr class=\"wp-block-separator\"\/>\n\n\n\n<center>\n<h2>3. ro\u010dn\u00edk<\/h2>\n<\/center><p>\n\n\n\n<div class=\"wp-block-columns alignwide has-2-columns is-layout-flex wp-container-core-columns-is-layout-9d6595d7 wp-block-columns-is-layout-flex\">\n<div class=\"wp-block-column is-layout-flow wp-block-column-is-layout-flow\">\n<h4 class=\"wp-block-heading\">Zimn\u00fd semester<\/h4>\n\n\n\n<ul class=\"wp-block-list\"><li><strong>Datab\u00e1zov\u00e9 syst\u00e9my<\/strong><ul><li><a aria-label=\"undefined (otv\u00e1ra sa na novej karte)\" href=\"https:\/\/ktpe.website.tuke.sk\/wp\/wp-content\/uploads\/dokumenty\/DBS_crv_ZS.pdf\" target=\"_blank\" rel=\"noreferrer noopener\">\u010dasov\u00fd rozvrh v\u00fdu\u010dby<\/a><\/li><li><a aria-label=\"undefined (otv\u00e1ra sa na novej karte)\" href=\"https:\/\/ktpe.website.tuke.sk\/wp\/wp-content\/uploads\/dokumenty\/DBS_podm_ZS.pdf\" target=\"_blank\" rel=\"noreferrer noopener\">podmienky absolvovania predmetu<\/a> <\/li><li>In\u00e9: web, <a href=\"https:\/\/ktpe.website.tuke.sk\/wp\/wp-content\/uploads\/dokumenty\/literatura_ZS\/DBS_literatura_ZS.pdf\" target=\"_blank\" aria-label=\"undefined (otv\u00e1ra sa na novej karte)\" rel=\"noreferrer noopener\">literat\u00fara<\/a><\/li><\/ul><\/li><\/ul>\n\n\n\n<ul class=\"wp-block-list\"><li><strong>Marketing a mana\u017ement priemyslu<\/strong><ul><li><a href=\"https:\/\/ktpe.website.tuke.sk\/wp\/wp-content\/uploads\/dokumenty\/MaMP_crv_ZS.pdf\" target=\"_blank\" aria-label=\"undefined (otv\u00e1ra sa na novej karte)\" rel=\"noreferrer noopener\">\u010dasov\u00fd rozvrh v\u00fdu\u010dby<\/a><\/li><li><a href=\"https:\/\/ktpe.website.tuke.sk\/wp\/wp-content\/uploads\/dokumenty\/MaMP_podm_ZS.pdf\" target=\"_blank\" aria-label=\"undefined (otv\u00e1ra sa na novej karte)\" rel=\"noreferrer noopener\">podmienky absolvovania predmetu<\/a> <\/li><\/ul><\/li><\/ul>\n\n\n\n<ul class=\"wp-block-list\"><li><strong>Mikroprocesorov\u00e1 technika<\/strong><ul><li><a aria-label=\"undefined (otv\u00e1ra sa na novej karte)\" href=\"https:\/\/ktpe.website.tuke.sk\/wp\/wp-content\/uploads\/dokumenty\/MPT_crv_ZS.pdf\" target=\"_blank\" rel=\"noreferrer noopener\">\u010dasov\u00fd rozvrh v\u00fdu\u010dby<\/a><\/li><li><a href=\"https:\/\/ktpe.website.tuke.sk\/wp\/wp-content\/uploads\/dokumenty\/MPT_podm_ZS.pdf\" target=\"_blank\" aria-label=\"undefined (otv\u00e1ra sa na novej karte)\" rel=\"noreferrer noopener\">podmienky absolvovania predmetu<\/a> <\/li><li>In\u00e9: web<\/li><\/ul><\/li><\/ul>\n\n\n\n<ul class=\"wp-block-list\"><li><strong>Modelovanie a meranie<\/strong><ul><li><a href=\"https:\/\/ktpe.website.tuke.sk\/wp\/wp-content\/uploads\/dokumenty\/MaM_crv_ZS.pdf\">\u010dasov\u00fd rozvrh v\u00fdu\u010dby<\/a><\/li><li><a aria-label=\"undefined (otv\u00e1ra sa na novej karte)\" href=\"https:\/\/ktpe.website.tuke.sk\/wp\/wp-content\/uploads\/dokumenty\/MaM_podm_ZS.pdf\" target=\"_blank\" rel=\"noreferrer noopener\">podmienky absolvovania predmetu <\/a><\/li><li> In\u00e9: web, <a href=\"https:\/\/ktpe.fei.tuke.sk\/guzan\/mam\/MaM_Zahlavie.rtf\" rel=\"nofollow\">z\u00e1hlavie <\/a><\/li><\/ul><\/li><\/ul>\n<\/div>\n\n\n\n<div class=\"wp-block-column is-layout-flow wp-block-column-is-layout-flow\">\n<h4 class=\"wp-block-heading\">Letn\u00fd semester<\/h4>\n\n\n\n<ul class=\"wp-block-list\"><li><strong>Priemyseln\u00e9 logick\u00e9 automaty<\/strong><ul><li><a href=\"https:\/\/ktpe.website.tuke.sk\/wp\/wp-content\/uploads\/dokumenty\/PLA_crv_LS.pdf\">\u010dasov\u00fd rozvrh v\u00fdu\u010dby<\/a><\/li><li><a href=\"https:\/\/ktpe.website.tuke.sk\/wp\/wp-content\/uploads\/dokumenty\/PLA_podm_LS.pdf\">podmienky absolvovania predmetu <\/a><\/li><li>In\u00e9: <a href=\"https:\/\/ktpe.fei.tuke.sk\/vince\/pla\/\" target=\"_blank\" aria-label=\"undefined (otv\u00e1ra sa na novej karte)\" rel=\"noreferrer noopener nofollow\">web<\/a><\/li><\/ul><\/li><\/ul>\n\n\n\n<ul class=\"wp-block-list\"><li><strong>Linux I<\/strong><ul><li><a href=\"https:\/\/ktpe.website.tuke.sk\/wp\/wp-content\/uploads\/dokumenty\/Linux_crv_LS.pdf\">\u010dasov\u00fd rozvrh v\u00fdu\u010dby<\/a><\/li><li><a href=\"https:\/\/ktpe.website.tuke.sk\/wp\/wp-content\/uploads\/dokumenty\/Linux_podm_LS.pdf\">podmienky absolvovania predmetu<\/a> <\/li><\/ul><\/li><\/ul>\n\n\n\n<ul class=\"wp-block-list\"><li><strong>Magnetoelektronika a informa\u010dn\u00e9 technol\u00f3gie<\/strong><\/li><\/ul>\n\n\n\n<ul class=\"wp-block-list\"><li><strong>Spolo\u010densk\u00e9 vedy<\/strong> &#8211; <em>zabezpe\u010duje Katedra spolo\u010densk\u00fdch vied<\/em><\/li><\/ul>\n\n\n\n<p><\/p>\n<\/div>\n<\/div>\n\n\n\n<hr class=\"wp-block-separator\"\/>\n","protected":false},"excerpt":{"rendered":"<p>1. ro\u010dn\u00edk Zimn\u00fd semester Angli\u010dtina I Katedra jazykov Repetit\u00f3rium z matematiky Katedra matematiky Slovensk\u00fd jazyk I Katedra jazykov Telesn\u00e1 v\u00fdchova I Katedra telesnej v\u00fdchovy \u00davod do in\u017einierstva Katedra elektroenergetiky Z\u00e1klady algoritmiz\u00e1cie a programovania Katedra po\u010d\u00edta\u010dov a informatiky Z\u00e1klady elektrotechnick\u00e9ho in\u017einierstva \u010dasov\u00fd rozvrh v\u00fdu\u010dby podmienky absolvovania predmetu Katedra elektroenergetiky Z\u00e1klady in\u017einierstva&hellip;<\/p>\n","protected":false},"author":1,"featured_media":0,"parent":0,"menu_order":0,"comment_status":"closed","ping_status":"closed","template":"","meta":{"footnotes":""},"class_list":["post-132","page","type-page","status-publish","hentry"],"yoast_head":"<!-- This site is optimized with the Yoast SEO plugin v25.8 - https:\/\/yoast.com\/wordpress\/plugins\/seo\/ -->\n<title>Bakal\u00e1rske \u0161t\u00fadium - KTPE<\/title>\n<meta name=\"robots\" content=\"index, follow, max-snippet:-1, max-image-preview:large, max-video-preview:-1\" \/>\n<link rel=\"canonical\" href=\"https:\/\/ktpe.website.tuke.sk\/wp\/?page_id=132\" \/>\n<meta property=\"og:locale\" content=\"sk_SK\" \/>\n<meta property=\"og:type\" content=\"article\" \/>\n<meta property=\"og:title\" content=\"Bakal\u00e1rske \u0161t\u00fadium - KTPE\" \/>\n<meta property=\"og:description\" content=\"1. ro\u010dn\u00edk Zimn\u00fd semester Angli\u010dtina I Katedra jazykov Repetit\u00f3rium z matematiky Katedra matematiky Slovensk\u00fd jazyk I Katedra jazykov Telesn\u00e1 v\u00fdchova I Katedra telesnej v\u00fdchovy \u00davod do in\u017einierstva Katedra elektroenergetiky Z\u00e1klady algoritmiz\u00e1cie a programovania Katedra po\u010d\u00edta\u010dov a informatiky Z\u00e1klady elektrotechnick\u00e9ho in\u017einierstva \u010dasov\u00fd rozvrh v\u00fdu\u010dby podmienky absolvovania predmetu Katedra elektroenergetiky Z\u00e1klady in\u017einierstva&hellip;\" \/>\n<meta property=\"og:url\" content=\"https:\/\/ktpe.website.tuke.sk\/wp\/?page_id=132\" \/>\n<meta property=\"og:site_name\" content=\"KTPE\" \/>\n<meta property=\"article:publisher\" content=\"https:\/\/www.facebook.com\/profile.php?id=100087486357227\" \/>\n<meta property=\"article:modified_time\" content=\"2024-05-07T07:46:29+00:00\" \/>\n<meta name=\"twitter:card\" content=\"summary_large_image\" \/>\n<meta name=\"twitter:label1\" content=\"Predpokladan\u00fd \u010das \u010d\u00edtania\" \/>\n\t<meta name=\"twitter:data1\" content=\"2 min\u00faty\" \/>\n<script type=\"application\/ld+json\" class=\"yoast-schema-graph\">{\"@context\":\"https:\/\/schema.org\",\"@graph\":[{\"@type\":\"WebPage\",\"@id\":\"https:\/\/ktpe.website.tuke.sk\/wp\/?page_id=132\",\"url\":\"https:\/\/ktpe.website.tuke.sk\/wp\/?page_id=132\",\"name\":\"Bakal\u00e1rske \u0161t\u00fadium - KTPE\",\"isPartOf\":{\"@id\":\"https:\/\/ktpe.website.tuke.sk\/wp\/#website\"},\"datePublished\":\"2020-06-15T13:11:59+00:00\",\"dateModified\":\"2024-05-07T07:46:29+00:00\",\"breadcrumb\":{\"@id\":\"https:\/\/ktpe.website.tuke.sk\/wp\/?page_id=132#breadcrumb\"},\"inLanguage\":\"sk-SK\",\"potentialAction\":[{\"@type\":\"ReadAction\",\"target\":[\"https:\/\/ktpe.website.tuke.sk\/wp\/?page_id=132\"]}]},{\"@type\":\"BreadcrumbList\",\"@id\":\"https:\/\/ktpe.website.tuke.sk\/wp\/?page_id=132#breadcrumb\",\"itemListElement\":[{\"@type\":\"ListItem\",\"position\":1,\"name\":\"Domovsk\u00e1 str\u00e1nka\",\"item\":\"https:\/\/ktpe.website.tuke.sk\/wp\/\"},{\"@type\":\"ListItem\",\"position\":2,\"name\":\"Bakal\u00e1rske \u0161t\u00fadium\"}]},{\"@type\":\"WebSite\",\"@id\":\"https:\/\/ktpe.website.tuke.sk\/wp\/#website\",\"url\":\"https:\/\/ktpe.website.tuke.sk\/wp\/\",\"name\":\"KTPE\",\"description\":\"Katedra teoretickej a priemyselnej elektrotechniky\",\"publisher\":{\"@id\":\"https:\/\/ktpe.website.tuke.sk\/wp\/#organization\"},\"potentialAction\":[{\"@type\":\"SearchAction\",\"target\":{\"@type\":\"EntryPoint\",\"urlTemplate\":\"https:\/\/ktpe.website.tuke.sk\/wp\/?s={search_term_string}\"},\"query-input\":{\"@type\":\"PropertyValueSpecification\",\"valueRequired\":true,\"valueName\":\"search_term_string\"}}],\"inLanguage\":\"sk-SK\"},{\"@type\":\"Organization\",\"@id\":\"https:\/\/ktpe.website.tuke.sk\/wp\/#organization\",\"name\":\"KTPE FEI TUKE\",\"url\":\"https:\/\/ktpe.website.tuke.sk\/wp\/\",\"logo\":{\"@type\":\"ImageObject\",\"inLanguage\":\"sk-SK\",\"@id\":\"https:\/\/ktpe.website.tuke.sk\/wp\/#\/schema\/logo\/image\/\",\"url\":\"https:\/\/ktpe.website.tuke.sk\/wp\/wp-content\/uploads\/2020\/08\/KTPE-LOGO-V10-zlte.png\",\"contentUrl\":\"https:\/\/ktpe.website.tuke.sk\/wp\/wp-content\/uploads\/2020\/08\/KTPE-LOGO-V10-zlte.png\",\"width\":986,\"height\":295,\"caption\":\"KTPE FEI TUKE\"},\"image\":{\"@id\":\"https:\/\/ktpe.website.tuke.sk\/wp\/#\/schema\/logo\/image\/\"},\"sameAs\":[\"https:\/\/www.facebook.com\/profile.php?id=100087486357227\",\"https:\/\/www.instagram.com\/ktpe.tuke\/\",\"https:\/\/www.youtube.com\/channel\/UCxUc9Sxp-8dXz_tAlZtxUGw\"]}]}<\/script>\n<!-- \/ Yoast SEO plugin. -->","yoast_head_json":{"title":"Bakal\u00e1rske \u0161t\u00fadium - KTPE","robots":{"index":"index","follow":"follow","max-snippet":"max-snippet:-1","max-image-preview":"max-image-preview:large","max-video-preview":"max-video-preview:-1"},"canonical":"https:\/\/ktpe.website.tuke.sk\/wp\/?page_id=132","og_locale":"sk_SK","og_type":"article","og_title":"Bakal\u00e1rske \u0161t\u00fadium - KTPE","og_description":"1. ro\u010dn\u00edk Zimn\u00fd semester Angli\u010dtina I Katedra jazykov Repetit\u00f3rium z matematiky Katedra matematiky Slovensk\u00fd jazyk I Katedra jazykov Telesn\u00e1 v\u00fdchova I Katedra telesnej v\u00fdchovy \u00davod do in\u017einierstva Katedra elektroenergetiky Z\u00e1klady algoritmiz\u00e1cie a programovania Katedra po\u010d\u00edta\u010dov a informatiky Z\u00e1klady elektrotechnick\u00e9ho in\u017einierstva \u010dasov\u00fd rozvrh v\u00fdu\u010dby podmienky absolvovania predmetu Katedra elektroenergetiky Z\u00e1klady in\u017einierstva&hellip;","og_url":"https:\/\/ktpe.website.tuke.sk\/wp\/?page_id=132","og_site_name":"KTPE","article_publisher":"https:\/\/www.facebook.com\/profile.php?id=100087486357227","article_modified_time":"2024-05-07T07:46:29+00:00","twitter_card":"summary_large_image","twitter_misc":{"Predpokladan\u00fd \u010das \u010d\u00edtania":"2 min\u00faty"},"schema":{"@context":"https:\/\/schema.org","@graph":[{"@type":"WebPage","@id":"https:\/\/ktpe.website.tuke.sk\/wp\/?page_id=132","url":"https:\/\/ktpe.website.tuke.sk\/wp\/?page_id=132","name":"Bakal\u00e1rske \u0161t\u00fadium - KTPE","isPartOf":{"@id":"https:\/\/ktpe.website.tuke.sk\/wp\/#website"},"datePublished":"2020-06-15T13:11:59+00:00","dateModified":"2024-05-07T07:46:29+00:00","breadcrumb":{"@id":"https:\/\/ktpe.website.tuke.sk\/wp\/?page_id=132#breadcrumb"},"inLanguage":"sk-SK","potentialAction":[{"@type":"ReadAction","target":["https:\/\/ktpe.website.tuke.sk\/wp\/?page_id=132"]}]},{"@type":"BreadcrumbList","@id":"https:\/\/ktpe.website.tuke.sk\/wp\/?page_id=132#breadcrumb","itemListElement":[{"@type":"ListItem","position":1,"name":"Domovsk\u00e1 str\u00e1nka","item":"https:\/\/ktpe.website.tuke.sk\/wp\/"},{"@type":"ListItem","position":2,"name":"Bakal\u00e1rske \u0161t\u00fadium"}]},{"@type":"WebSite","@id":"https:\/\/ktpe.website.tuke.sk\/wp\/#website","url":"https:\/\/ktpe.website.tuke.sk\/wp\/","name":"KTPE","description":"Katedra teoretickej a priemyselnej elektrotechniky","publisher":{"@id":"https:\/\/ktpe.website.tuke.sk\/wp\/#organization"},"potentialAction":[{"@type":"SearchAction","target":{"@type":"EntryPoint","urlTemplate":"https:\/\/ktpe.website.tuke.sk\/wp\/?s={search_term_string}"},"query-input":{"@type":"PropertyValueSpecification","valueRequired":true,"valueName":"search_term_string"}}],"inLanguage":"sk-SK"},{"@type":"Organization","@id":"https:\/\/ktpe.website.tuke.sk\/wp\/#organization","name":"KTPE FEI TUKE","url":"https:\/\/ktpe.website.tuke.sk\/wp\/","logo":{"@type":"ImageObject","inLanguage":"sk-SK","@id":"https:\/\/ktpe.website.tuke.sk\/wp\/#\/schema\/logo\/image\/","url":"https:\/\/ktpe.website.tuke.sk\/wp\/wp-content\/uploads\/2020\/08\/KTPE-LOGO-V10-zlte.png","contentUrl":"https:\/\/ktpe.website.tuke.sk\/wp\/wp-content\/uploads\/2020\/08\/KTPE-LOGO-V10-zlte.png","width":986,"height":295,"caption":"KTPE FEI TUKE"},"image":{"@id":"https:\/\/ktpe.website.tuke.sk\/wp\/#\/schema\/logo\/image\/"},"sameAs":["https:\/\/www.facebook.com\/profile.php?id=100087486357227","https:\/\/www.instagram.com\/ktpe.tuke\/","https:\/\/www.youtube.com\/channel\/UCxUc9Sxp-8dXz_tAlZtxUGw"]}]}},"_links":{"self":[{"href":"https:\/\/ktpe.website.tuke.sk\/wp\/index.php?rest_route=\/wp\/v2\/pages\/132","targetHints":{"allow":["GET"]}}],"collection":[{"href":"https:\/\/ktpe.website.tuke.sk\/wp\/index.php?rest_route=\/wp\/v2\/pages"}],"about":[{"href":"https:\/\/ktpe.website.tuke.sk\/wp\/index.php?rest_route=\/wp\/v2\/types\/page"}],"author":[{"embeddable":true,"href":"https:\/\/ktpe.website.tuke.sk\/wp\/index.php?rest_route=\/wp\/v2\/users\/1"}],"replies":[{"embeddable":true,"href":"https:\/\/ktpe.website.tuke.sk\/wp\/index.php?rest_route=%2Fwp%2Fv2%2Fcomments&post=132"}],"version-history":[{"count":70,"href":"https:\/\/ktpe.website.tuke.sk\/wp\/index.php?rest_route=\/wp\/v2\/pages\/132\/revisions"}],"predecessor-version":[{"id":806,"href":"https:\/\/ktpe.website.tuke.sk\/wp\/index.php?rest_route=\/wp\/v2\/pages\/132\/revisions\/806"}],"wp:attachment":[{"href":"https:\/\/ktpe.website.tuke.sk\/wp\/index.php?rest_route=%2Fwp%2Fv2%2Fmedia&parent=132"}],"curies":[{"name":"wp","href":"https:\/\/api.w.org\/{rel}","templated":true}]}}