{"id":109,"date":"2020-06-11T09:36:38","date_gmt":"2020-06-11T07:36:38","guid":{"rendered":"http:\/\/ktpe.fei.tuke.sk\/jacko\/wp-edu\/?page_id=109"},"modified":"2020-07-02T10:54:29","modified_gmt":"2020-07-02T08:54:29","slug":"spolupraca-s-praxou","status":"publish","type":"page","link":"https:\/\/ktpe.website.tuke.sk\/wp\/?page_id=109","title":{"rendered":"Spolupr\u00e1ca s praxou"},"content":{"rendered":"\n<h2 class=\"wp-block-heading\">Spolupr\u00e1ca so zahrani\u010d\u00edm<\/h2>\n\n\n\n<ul class=\"wp-block-list\"><li>In\u0161tit\u00fat elektromechaniky, \u00faspory energie a automatizovan\u00fdch riadiacich syst\u00e9mov, \u0160t\u00e1tna Univerzita Michala Ostrohradsk\u00e9ho v Kremen\u010duku, Kremen\u010duk, Ukrajina <\/li><li>Z\u010cU Plze\u0148, \u010cesk\u00e1 republika<br><\/li><li>Univerzita vo Valencii, \u0160panielsko <\/li><li>\u010cVUT Praha, \u010cesk\u00e1 republika<br><\/li><li>Silesian University of Technology, Gliwice, Poland<br><\/li><li>Institute of Technology, Kazimierz Wielki University, Bydgoszcz, Poland<br><\/li><li>Univerzita A. Mickiewicza, Pozna\u0148, Po\u013esko<br><\/li><li>Univerzita v Budape\u0161ti, Ma\u010farsko<br><\/li><li>Akad\u00e9mia vied \u010ceskej republiky<br><\/li><li>Stefan cel Mare Univerzita, Suceava, Rumunsko<br><\/li><li>Univerzita Hartz, Nemecko<br><\/li><li>Univerzita v Mi\u0161kolci, Ma\u010farsko<br><\/li><li>Politechnika Czestochowska, Po\u013esko<br><\/li><li>Univerzita vo Florencii, Taliansko<br><\/li><li>Univerzita v Dr\u00e1\u017e\u010fanoch, Nemecko<br><\/li><li>In\u0161tit\u00fat molekul\u00e1rnej fyziky, Po\u013esk\u00e1 akad\u00e9mia vied, Pozna\u0148, Po\u013esko <\/li><\/ul>\n\n\n\n<hr class=\"wp-block-separator\"\/>\n\n\n\n<h2 class=\"wp-block-heading\" id=\"mce_7\">Spolupr\u00e1ca s praxou<\/h2>\n\n\n\n<ul class=\"wp-block-list\"><li>Magna Steyr, Gratz, Austria<\/li><li> Volkswagen, Slovakia<\/li><li> LVD II Slovakia &#8211; Unicorn Torna\u013ea<br><\/li><li>Molex Slovakia, a.s.<br><\/li><li>SPP, a.s.<br><\/li><li>US Steel, Ko\u0161ice <\/li><li>Ausys s.r.o.<\/li><li>BSH s.r.o.<\/li><li>Andritz Slovakia s.r.o.<\/li><\/ul>\n\n\n\n<hr class=\"wp-block-separator\"\/>\n\n\n\n<h2 class=\"wp-block-heading\" id=\"mce_18\">\u010clenstvo pracovn\u00edkov katedry vo v\u00fdznamn\u00fdch org\u00e1noch a organiz\u00e1ci\u00e1ch<\/h2>\n\n\n\n<ul class=\"wp-block-list\"><li>\u010cesk\u00e1 v\u00e1kuov\u00e1 spolo\u010dnos\u0165;<\/li><li>Slovensk\u00e1 v\u00e1kuov\u00e1 spolo\u010dnos\u0165<\/li><li>Fyzik\u00e1lna vedeck\u00e1 spolo\u010dnos\u0165, SR<\/li><li>Redak\u010dn\u00e1 rada \u010dasopisu &#8222;Kvalita, inov\u00e1cia, prosperita&#8220;<\/li><li>Redak\u010dn\u00e1 rada \u010dasopisu &#8222;Acta Electrotechnica et Informatica&#8220;<\/li><li>Slovensk\u00e1 elektrotechnick\u00e1 spolo\u010dnos\u0165<\/li><li>Slovensk\u00e9 technick\u00e9 normaliza\u010dn\u00e9 komisie<\/li><li>Vedeck\u00e1 rada Fakulty elektrotechniky a informatiky<\/li><li>Odborov\u00e9 komisie pre doktorandsk\u00e9 \u0161t\u00fadium<\/li><\/ul>\n","protected":false},"excerpt":{"rendered":"<p>Spolupr\u00e1ca so zahrani\u010d\u00edm In\u0161tit\u00fat elektromechaniky, \u00faspory energie a automatizovan\u00fdch riadiacich syst\u00e9mov, \u0160t\u00e1tna Univerzita Michala Ostrohradsk\u00e9ho v Kremen\u010duku, Kremen\u010duk, Ukrajina Z\u010cU Plze\u0148, \u010cesk\u00e1 republika Univerzita vo Valencii, \u0160panielsko \u010cVUT Praha, \u010cesk\u00e1 republika Silesian University of Technology, Gliwice, Poland Institute of Technology, Kazimierz Wielki University, Bydgoszcz, Poland Univerzita A. Mickiewicza, Pozna\u0148, Po\u013esko&hellip;<\/p>\n","protected":false},"author":1,"featured_media":0,"parent":0,"menu_order":0,"comment_status":"closed","ping_status":"closed","template":"","meta":{"footnotes":""},"class_list":["post-109","page","type-page","status-publish","hentry"],"yoast_head":"<!-- This site is optimized with the Yoast SEO plugin v25.8 - https:\/\/yoast.com\/wordpress\/plugins\/seo\/ -->\n<title>Spolupr\u00e1ca s praxou - KTPE<\/title>\n<meta name=\"robots\" content=\"index, follow, max-snippet:-1, max-image-preview:large, max-video-preview:-1\" \/>\n<link rel=\"canonical\" href=\"https:\/\/ktpe.website.tuke.sk\/wp\/?page_id=109\" \/>\n<meta property=\"og:locale\" content=\"sk_SK\" \/>\n<meta property=\"og:type\" content=\"article\" \/>\n<meta property=\"og:title\" content=\"Spolupr\u00e1ca s praxou - KTPE\" \/>\n<meta property=\"og:description\" content=\"Spolupr\u00e1ca so zahrani\u010d\u00edm In\u0161tit\u00fat elektromechaniky, \u00faspory energie a automatizovan\u00fdch riadiacich syst\u00e9mov, \u0160t\u00e1tna Univerzita Michala Ostrohradsk\u00e9ho v Kremen\u010duku, Kremen\u010duk, Ukrajina Z\u010cU Plze\u0148, \u010cesk\u00e1 republika Univerzita vo Valencii, \u0160panielsko \u010cVUT Praha, \u010cesk\u00e1 republika Silesian University of Technology, Gliwice, Poland Institute of Technology, Kazimierz Wielki University, Bydgoszcz, Poland Univerzita A. Mickiewicza, Pozna\u0148, Po\u013esko&hellip;\" \/>\n<meta property=\"og:url\" content=\"https:\/\/ktpe.website.tuke.sk\/wp\/?page_id=109\" \/>\n<meta property=\"og:site_name\" content=\"KTPE\" \/>\n<meta property=\"article:publisher\" content=\"https:\/\/www.facebook.com\/profile.php?id=100087486357227\" \/>\n<meta property=\"article:modified_time\" content=\"2020-07-02T08:54:29+00:00\" \/>\n<meta name=\"twitter:card\" content=\"summary_large_image\" \/>\n<meta name=\"twitter:label1\" content=\"Predpokladan\u00fd \u010das \u010d\u00edtania\" \/>\n\t<meta name=\"twitter:data1\" content=\"1 min\u00fata\" \/>\n<script type=\"application\/ld+json\" class=\"yoast-schema-graph\">{\"@context\":\"https:\/\/schema.org\",\"@graph\":[{\"@type\":\"WebPage\",\"@id\":\"https:\/\/ktpe.website.tuke.sk\/wp\/?page_id=109\",\"url\":\"https:\/\/ktpe.website.tuke.sk\/wp\/?page_id=109\",\"name\":\"Spolupr\u00e1ca s praxou - KTPE\",\"isPartOf\":{\"@id\":\"https:\/\/ktpe.website.tuke.sk\/wp\/#website\"},\"datePublished\":\"2020-06-11T07:36:38+00:00\",\"dateModified\":\"2020-07-02T08:54:29+00:00\",\"breadcrumb\":{\"@id\":\"https:\/\/ktpe.website.tuke.sk\/wp\/?page_id=109#breadcrumb\"},\"inLanguage\":\"sk-SK\",\"potentialAction\":[{\"@type\":\"ReadAction\",\"target\":[\"https:\/\/ktpe.website.tuke.sk\/wp\/?page_id=109\"]}]},{\"@type\":\"BreadcrumbList\",\"@id\":\"https:\/\/ktpe.website.tuke.sk\/wp\/?page_id=109#breadcrumb\",\"itemListElement\":[{\"@type\":\"ListItem\",\"position\":1,\"name\":\"Domovsk\u00e1 str\u00e1nka\",\"item\":\"https:\/\/ktpe.website.tuke.sk\/wp\/\"},{\"@type\":\"ListItem\",\"position\":2,\"name\":\"Spolupr\u00e1ca s praxou\"}]},{\"@type\":\"WebSite\",\"@id\":\"https:\/\/ktpe.website.tuke.sk\/wp\/#website\",\"url\":\"https:\/\/ktpe.website.tuke.sk\/wp\/\",\"name\":\"KTPE\",\"description\":\"Katedra teoretickej a priemyselnej elektrotechniky\",\"publisher\":{\"@id\":\"https:\/\/ktpe.website.tuke.sk\/wp\/#organization\"},\"potentialAction\":[{\"@type\":\"SearchAction\",\"target\":{\"@type\":\"EntryPoint\",\"urlTemplate\":\"https:\/\/ktpe.website.tuke.sk\/wp\/?s={search_term_string}\"},\"query-input\":{\"@type\":\"PropertyValueSpecification\",\"valueRequired\":true,\"valueName\":\"search_term_string\"}}],\"inLanguage\":\"sk-SK\"},{\"@type\":\"Organization\",\"@id\":\"https:\/\/ktpe.website.tuke.sk\/wp\/#organization\",\"name\":\"KTPE FEI TUKE\",\"url\":\"https:\/\/ktpe.website.tuke.sk\/wp\/\",\"logo\":{\"@type\":\"ImageObject\",\"inLanguage\":\"sk-SK\",\"@id\":\"https:\/\/ktpe.website.tuke.sk\/wp\/#\/schema\/logo\/image\/\",\"url\":\"https:\/\/ktpe.website.tuke.sk\/wp\/wp-content\/uploads\/2020\/08\/KTPE-LOGO-V10-zlte.png\",\"contentUrl\":\"https:\/\/ktpe.website.tuke.sk\/wp\/wp-content\/uploads\/2020\/08\/KTPE-LOGO-V10-zlte.png\",\"width\":986,\"height\":295,\"caption\":\"KTPE FEI TUKE\"},\"image\":{\"@id\":\"https:\/\/ktpe.website.tuke.sk\/wp\/#\/schema\/logo\/image\/\"},\"sameAs\":[\"https:\/\/www.facebook.com\/profile.php?id=100087486357227\",\"https:\/\/www.instagram.com\/ktpe.tuke\/\",\"https:\/\/www.youtube.com\/channel\/UCxUc9Sxp-8dXz_tAlZtxUGw\"]}]}<\/script>\n<!-- \/ Yoast SEO plugin. -->","yoast_head_json":{"title":"Spolupr\u00e1ca s praxou - KTPE","robots":{"index":"index","follow":"follow","max-snippet":"max-snippet:-1","max-image-preview":"max-image-preview:large","max-video-preview":"max-video-preview:-1"},"canonical":"https:\/\/ktpe.website.tuke.sk\/wp\/?page_id=109","og_locale":"sk_SK","og_type":"article","og_title":"Spolupr\u00e1ca s praxou - KTPE","og_description":"Spolupr\u00e1ca so zahrani\u010d\u00edm In\u0161tit\u00fat elektromechaniky, \u00faspory energie a automatizovan\u00fdch riadiacich syst\u00e9mov, \u0160t\u00e1tna Univerzita Michala Ostrohradsk\u00e9ho v Kremen\u010duku, Kremen\u010duk, Ukrajina Z\u010cU Plze\u0148, \u010cesk\u00e1 republika Univerzita vo Valencii, \u0160panielsko \u010cVUT Praha, \u010cesk\u00e1 republika Silesian University of Technology, Gliwice, Poland Institute of Technology, Kazimierz Wielki University, Bydgoszcz, Poland Univerzita A. Mickiewicza, Pozna\u0148, Po\u013esko&hellip;","og_url":"https:\/\/ktpe.website.tuke.sk\/wp\/?page_id=109","og_site_name":"KTPE","article_publisher":"https:\/\/www.facebook.com\/profile.php?id=100087486357227","article_modified_time":"2020-07-02T08:54:29+00:00","twitter_card":"summary_large_image","twitter_misc":{"Predpokladan\u00fd \u010das \u010d\u00edtania":"1 min\u00fata"},"schema":{"@context":"https:\/\/schema.org","@graph":[{"@type":"WebPage","@id":"https:\/\/ktpe.website.tuke.sk\/wp\/?page_id=109","url":"https:\/\/ktpe.website.tuke.sk\/wp\/?page_id=109","name":"Spolupr\u00e1ca s praxou - KTPE","isPartOf":{"@id":"https:\/\/ktpe.website.tuke.sk\/wp\/#website"},"datePublished":"2020-06-11T07:36:38+00:00","dateModified":"2020-07-02T08:54:29+00:00","breadcrumb":{"@id":"https:\/\/ktpe.website.tuke.sk\/wp\/?page_id=109#breadcrumb"},"inLanguage":"sk-SK","potentialAction":[{"@type":"ReadAction","target":["https:\/\/ktpe.website.tuke.sk\/wp\/?page_id=109"]}]},{"@type":"BreadcrumbList","@id":"https:\/\/ktpe.website.tuke.sk\/wp\/?page_id=109#breadcrumb","itemListElement":[{"@type":"ListItem","position":1,"name":"Domovsk\u00e1 str\u00e1nka","item":"https:\/\/ktpe.website.tuke.sk\/wp\/"},{"@type":"ListItem","position":2,"name":"Spolupr\u00e1ca s praxou"}]},{"@type":"WebSite","@id":"https:\/\/ktpe.website.tuke.sk\/wp\/#website","url":"https:\/\/ktpe.website.tuke.sk\/wp\/","name":"KTPE","description":"Katedra teoretickej a priemyselnej elektrotechniky","publisher":{"@id":"https:\/\/ktpe.website.tuke.sk\/wp\/#organization"},"potentialAction":[{"@type":"SearchAction","target":{"@type":"EntryPoint","urlTemplate":"https:\/\/ktpe.website.tuke.sk\/wp\/?s={search_term_string}"},"query-input":{"@type":"PropertyValueSpecification","valueRequired":true,"valueName":"search_term_string"}}],"inLanguage":"sk-SK"},{"@type":"Organization","@id":"https:\/\/ktpe.website.tuke.sk\/wp\/#organization","name":"KTPE FEI TUKE","url":"https:\/\/ktpe.website.tuke.sk\/wp\/","logo":{"@type":"ImageObject","inLanguage":"sk-SK","@id":"https:\/\/ktpe.website.tuke.sk\/wp\/#\/schema\/logo\/image\/","url":"https:\/\/ktpe.website.tuke.sk\/wp\/wp-content\/uploads\/2020\/08\/KTPE-LOGO-V10-zlte.png","contentUrl":"https:\/\/ktpe.website.tuke.sk\/wp\/wp-content\/uploads\/2020\/08\/KTPE-LOGO-V10-zlte.png","width":986,"height":295,"caption":"KTPE FEI TUKE"},"image":{"@id":"https:\/\/ktpe.website.tuke.sk\/wp\/#\/schema\/logo\/image\/"},"sameAs":["https:\/\/www.facebook.com\/profile.php?id=100087486357227","https:\/\/www.instagram.com\/ktpe.tuke\/","https:\/\/www.youtube.com\/channel\/UCxUc9Sxp-8dXz_tAlZtxUGw"]}]}},"_links":{"self":[{"href":"https:\/\/ktpe.website.tuke.sk\/wp\/index.php?rest_route=\/wp\/v2\/pages\/109","targetHints":{"allow":["GET"]}}],"collection":[{"href":"https:\/\/ktpe.website.tuke.sk\/wp\/index.php?rest_route=\/wp\/v2\/pages"}],"about":[{"href":"https:\/\/ktpe.website.tuke.sk\/wp\/index.php?rest_route=\/wp\/v2\/types\/page"}],"author":[{"embeddable":true,"href":"https:\/\/ktpe.website.tuke.sk\/wp\/index.php?rest_route=\/wp\/v2\/users\/1"}],"replies":[{"embeddable":true,"href":"https:\/\/ktpe.website.tuke.sk\/wp\/index.php?rest_route=%2Fwp%2Fv2%2Fcomments&post=109"}],"version-history":[{"count":2,"href":"https:\/\/ktpe.website.tuke.sk\/wp\/index.php?rest_route=\/wp\/v2\/pages\/109\/revisions"}],"predecessor-version":[{"id":351,"href":"https:\/\/ktpe.website.tuke.sk\/wp\/index.php?rest_route=\/wp\/v2\/pages\/109\/revisions\/351"}],"wp:attachment":[{"href":"https:\/\/ktpe.website.tuke.sk\/wp\/index.php?rest_route=%2Fwp%2Fv2%2Fmedia&parent=109"}],"curies":[{"name":"wp","href":"https:\/\/api.w.org\/{rel}","templated":true}]}}